{"id":228,"date":"2023-04-24T16:25:56","date_gmt":"2023-04-24T14:25:56","guid":{"rendered":"https:\/\/shop.solar-comfort.fr\/product\/atc-15-ch-sr-hpr-charcoal\/"},"modified":"2024-05-28T09:00:15","modified_gmt":"2024-05-28T07:00:15","slug":"llumar-atc-15-ch-sr-hpr-charcoal","status":"publish","type":"product","link":"https:\/\/solar-comfort.com\/fr\/product\/llumar-atc-15-ch-sr-hpr-charcoal\/","title":{"rendered":"ATC 15 CH SR HPR (Charcoal)"},"content":{"rendered":"<div class=\"wpb-content-wrapper\"><p>[vc_row row_height_percent=\u00a0\u00bb0&Prime; overlay_alpha=\u00a0\u00bb50&Prime; gutter_size=\u00a0\u00bb3&Prime; column_width_percent=\u00a0\u00bb100&Prime; shift_y=\u00a0\u00bb0&Prime; z_index=\u00a0\u00bb0&Prime; uncode_shortcode_id=\u00a0\u00bb747493&Prime;][vc_column column_width_percent=\u00a0\u00bb100&Prime; gutter_size=\u00a0\u00bb3&Prime; overlay_alpha=\u00a0\u00bb50&Prime; shift_x=\u00a0\u00bb0&Prime; shift_y=\u00a0\u00bb0&Prime; shift_y_down=\u00a0\u00bb0&Prime; z_index=\u00a0\u00bb0&Prime; medium_width=\u00a0\u00bb0&Prime; mobile_width=\u00a0\u00bb0&Prime; width=\u00a0\u00bb1\/1&Prime; uncode_shortcode_id=\u00a0\u00bb180472&Prime;][uncode_list icon=\u00a0\u00bbfa fa-circle-check\u00a0\u00bb icon_color=\u00a0\u00bbaccent\u00a0\u00bb uncode_shortcode_id=\u00a0\u00bb854110&Prime; icon_color_type=\u00a0\u00bbuncode-palette\u00a0\u00bb el_class=\u00a0\u00bbavantage_list\u00a0\u00bb]<\/p>\n<ul>\n<li>Bon rejet de chaleur<\/li>\n<li>Protection UV sup\u00e9rieure \u00e0 99 %**<\/li>\n<li>Am\u00e9lioration du style<\/li>\n<li>Intimit\u00e9 pr\u00e9serv\u00e9e pour les passagers et leurs effets personnels<\/li>\n<li>Vari\u00e9t\u00e9 de teintes, du plus clair au plus fonc\u00e9<\/li>\n<li>La couleur anthracite est identique \u00e0 celle du verre intimit\u00e9 de s\u00e9rie<\/li>\n<li>Un rev\u00eatement anti-rayures prot\u00e8ge contre les dommages<\/li>\n<li>Protection renforc\u00e9e contre les \u00e9clats de verre<\/li>\n<\/ul>\n<p>[\/uncode_list][\/vc_column][\/vc_row]<\/p>\n<\/div>","protected":false},"excerpt":{"rendered":"<p>Un look remarquable, une protection contre les regards indiscrets et une am\u00e9lioration des performances de vos vitres. La s\u00e9rie LLumar\u00ae ATC est teint\u00e9e dans la masse pour une couleur anthracite qui r\u00e9siste \u00e0 l\u2019\u00e9preuve du temps.<span class=\"Apple-converted-space\">\u00a0<\/span><\/p>\n","protected":false},"featured_media":117805,"comment_status":"closed","ping_status":"open","template":"","meta":{"_acf_changed":false,"_trash_the_other_posts":false,"editor_notices":[]},"product_brand":[],"product_cat":[66,72,59],"product_tag":[],"class_list":{"0":"post-228","1":"product","2":"type-product","3":"status-publish","4":"has-post-thumbnail","6":"product_cat-automobile","7":"product_cat-vitres-teintees","8":"product_cat-atc-series","9":"pa_dimension-m-0-51x30-48","10":"pa_dimension-m-0-76x30-48","11":"pa_dimension-m-1-02x30-48","12":"pa_dimension-m-1-52x30-48","14":"first","15":"instock","16":"taxable","17":"shipping-taxable","18":"product-type-variable"},"acf":[],"yoast_head":"<!-- This site is optimized with the Yoast SEO plugin v27.3 - https:\/\/yoast.com\/product\/yoast-seo-wordpress\/ -->\n<title>ATC 15 CH SR HPR (Charcoal) - Solar Comfort France<\/title>\n<meta name=\"robots\" content=\"index, follow, max-snippet:-1, max-image-preview:large, max-video-preview:-1\" \/>\n<link rel=\"canonical\" href=\"https:\/\/solar-comfort.com\/fr\/product\/llumar-atc-15-ch-sr-hpr-charcoal\/\" \/>\n<meta property=\"og:locale\" content=\"fr_FR\" \/>\n<meta property=\"og:type\" content=\"article\" \/>\n<meta property=\"og:title\" content=\"ATC 15 CH SR HPR (Charcoal) - Solar Comfort France\" \/>\n<meta property=\"og:description\" content=\"Un look remarquable, une protection contre les regards indiscrets et une am\u00e9lioration des performances de vos vitres. La s\u00e9rie LLumar\u00ae ATC est teint\u00e9e dans la masse pour une couleur anthracite qui r\u00e9siste \u00e0 l\u2019\u00e9preuve du temps.\u00a0\" \/>\n<meta property=\"og:url\" content=\"https:\/\/solar-comfort.com\/fr\/product\/llumar-atc-15-ch-sr-hpr-charcoal\/\" \/>\n<meta property=\"og:site_name\" content=\"Solar Comfort France\" \/>\n<meta property=\"article:publisher\" content=\"https:\/\/www.facebook.com\/profile.php?id=61557459192804\" \/>\n<meta property=\"article:modified_time\" content=\"2024-05-28T07:00:15+00:00\" \/>\n<meta property=\"og:image\" content=\"https:\/\/solar-comfort.com\/fr\/wp-content\/uploads\/sites\/3\/2023\/04\/auto-ATC-1.webp\" \/>\n\t<meta property=\"og:image:width\" content=\"945\" \/>\n\t<meta property=\"og:image:height\" content=\"1181\" \/>\n\t<meta property=\"og:image:type\" content=\"image\/webp\" \/>\n<meta name=\"twitter:card\" content=\"summary_large_image\" \/>\n<meta name=\"twitter:site\" content=\"@Solar_comfort\" \/>\n<meta name=\"twitter:label1\" content=\"Dur\u00e9e de lecture estim\u00e9e\" \/>\n\t<meta name=\"twitter:data1\" content=\"1 minute\" \/>\n<script type=\"application\/ld+json\" class=\"yoast-schema-graph\">{\"@context\":\"https:\\\/\\\/schema.org\",\"@graph\":[{\"@type\":\"WebPage\",\"@id\":\"https:\\\/\\\/solar-comfort.com\\\/fr\\\/product\\\/llumar-atc-15-ch-sr-hpr-charcoal\\\/\",\"url\":\"https:\\\/\\\/solar-comfort.com\\\/fr\\\/product\\\/llumar-atc-15-ch-sr-hpr-charcoal\\\/\",\"name\":\"ATC 15 CH SR HPR (Charcoal) - Solar Comfort France\",\"isPartOf\":{\"@id\":\"https:\\\/\\\/solar-comfort.com\\\/fr\\\/#website\"},\"primaryImageOfPage\":{\"@id\":\"https:\\\/\\\/solar-comfort.com\\\/fr\\\/product\\\/llumar-atc-15-ch-sr-hpr-charcoal\\\/#primaryimage\"},\"image\":{\"@id\":\"https:\\\/\\\/solar-comfort.com\\\/fr\\\/product\\\/llumar-atc-15-ch-sr-hpr-charcoal\\\/#primaryimage\"},\"thumbnailUrl\":\"https:\\\/\\\/solar-comfort.com\\\/fr\\\/wp-content\\\/uploads\\\/sites\\\/3\\\/2023\\\/04\\\/auto-ATC-1.webp\",\"datePublished\":\"2023-04-24T14:25:56+00:00\",\"dateModified\":\"2024-05-28T07:00:15+00:00\",\"breadcrumb\":{\"@id\":\"https:\\\/\\\/solar-comfort.com\\\/fr\\\/product\\\/llumar-atc-15-ch-sr-hpr-charcoal\\\/#breadcrumb\"},\"inLanguage\":\"fr-FR\",\"potentialAction\":[{\"@type\":\"ReadAction\",\"target\":[\"https:\\\/\\\/solar-comfort.com\\\/fr\\\/product\\\/llumar-atc-15-ch-sr-hpr-charcoal\\\/\"]}]},{\"@type\":\"ImageObject\",\"inLanguage\":\"fr-FR\",\"@id\":\"https:\\\/\\\/solar-comfort.com\\\/fr\\\/product\\\/llumar-atc-15-ch-sr-hpr-charcoal\\\/#primaryimage\",\"url\":\"https:\\\/\\\/solar-comfort.com\\\/fr\\\/wp-content\\\/uploads\\\/sites\\\/3\\\/2023\\\/04\\\/auto-ATC-1.webp\",\"contentUrl\":\"https:\\\/\\\/solar-comfort.com\\\/fr\\\/wp-content\\\/uploads\\\/sites\\\/3\\\/2023\\\/04\\\/auto-ATC-1.webp\",\"width\":945,\"height\":1181},{\"@type\":\"BreadcrumbList\",\"@id\":\"https:\\\/\\\/solar-comfort.com\\\/fr\\\/product\\\/llumar-atc-15-ch-sr-hpr-charcoal\\\/#breadcrumb\",\"itemListElement\":[{\"@type\":\"ListItem\",\"position\":1,\"name\":\"Home\",\"item\":\"https:\\\/\\\/solar-comfort.com\\\/fr\\\/\"},{\"@type\":\"ListItem\",\"position\":2,\"name\":\"Boutique\",\"item\":\"https:\\\/\\\/solar-comfort.com\\\/fr\\\/acheter-vos-films-solar-comfort\\\/\"},{\"@type\":\"ListItem\",\"position\":3,\"name\":\"ATC 15 CH SR HPR (Charcoal)\"}]},{\"@type\":\"WebSite\",\"@id\":\"https:\\\/\\\/solar-comfort.com\\\/fr\\\/#website\",\"url\":\"https:\\\/\\\/solar-comfort.com\\\/fr\\\/\",\"name\":\"Solar Comfort France\",\"description\":\"Distributeur officiel LLumar\",\"publisher\":{\"@id\":\"https:\\\/\\\/solar-comfort.com\\\/fr\\\/#organization\"},\"potentialAction\":[{\"@type\":\"SearchAction\",\"target\":{\"@type\":\"EntryPoint\",\"urlTemplate\":\"https:\\\/\\\/solar-comfort.com\\\/fr\\\/?s={search_term_string}\"},\"query-input\":{\"@type\":\"PropertyValueSpecification\",\"valueRequired\":true,\"valueName\":\"search_term_string\"}}],\"inLanguage\":\"fr-FR\"},{\"@type\":\"Organization\",\"@id\":\"https:\\\/\\\/solar-comfort.com\\\/fr\\\/#organization\",\"name\":\"Solar Comfort France\",\"url\":\"https:\\\/\\\/solar-comfort.com\\\/fr\\\/\",\"logo\":{\"@type\":\"ImageObject\",\"inLanguage\":\"fr-FR\",\"@id\":\"https:\\\/\\\/solar-comfort.com\\\/fr\\\/#\\\/schema\\\/logo\\\/image\\\/\",\"url\":\"https:\\\/\\\/solar-comfort.com\\\/fr\\\/wp-content\\\/uploads\\\/sites\\\/3\\\/2024\\\/04\\\/Design-sans-titre.png\",\"contentUrl\":\"https:\\\/\\\/solar-comfort.com\\\/fr\\\/wp-content\\\/uploads\\\/sites\\\/3\\\/2024\\\/04\\\/Design-sans-titre.png\",\"width\":1640,\"height\":924,\"caption\":\"Solar Comfort France\"},\"image\":{\"@id\":\"https:\\\/\\\/solar-comfort.com\\\/fr\\\/#\\\/schema\\\/logo\\\/image\\\/\"},\"sameAs\":[\"https:\\\/\\\/www.facebook.com\\\/profile.php?id=61557459192804\",\"https:\\\/\\\/x.com\\\/Solar_comfort\"]}]}<\/script>\n<!-- \/ Yoast SEO plugin. -->","yoast_head_json":{"title":"ATC 15 CH SR HPR (Charcoal) - Solar Comfort France","robots":{"index":"index","follow":"follow","max-snippet":"max-snippet:-1","max-image-preview":"max-image-preview:large","max-video-preview":"max-video-preview:-1"},"canonical":"https:\/\/solar-comfort.com\/fr\/product\/llumar-atc-15-ch-sr-hpr-charcoal\/","og_locale":"fr_FR","og_type":"article","og_title":"ATC 15 CH SR HPR (Charcoal) - Solar Comfort France","og_description":"Un look remarquable, une protection contre les regards indiscrets et une am\u00e9lioration des performances de vos vitres. La s\u00e9rie LLumar\u00ae ATC est teint\u00e9e dans la masse pour une couleur anthracite qui r\u00e9siste \u00e0 l\u2019\u00e9preuve du temps.\u00a0","og_url":"https:\/\/solar-comfort.com\/fr\/product\/llumar-atc-15-ch-sr-hpr-charcoal\/","og_site_name":"Solar Comfort France","article_publisher":"https:\/\/www.facebook.com\/profile.php?id=61557459192804","article_modified_time":"2024-05-28T07:00:15+00:00","og_image":[{"width":945,"height":1181,"url":"https:\/\/solar-comfort.com\/fr\/wp-content\/uploads\/sites\/3\/2023\/04\/auto-ATC-1.webp","type":"image\/webp"}],"twitter_card":"summary_large_image","twitter_site":"@Solar_comfort","twitter_misc":{"Dur\u00e9e de lecture estim\u00e9e":"1 minute"},"schema":{"@context":"https:\/\/schema.org","@graph":[{"@type":"WebPage","@id":"https:\/\/solar-comfort.com\/fr\/product\/llumar-atc-15-ch-sr-hpr-charcoal\/","url":"https:\/\/solar-comfort.com\/fr\/product\/llumar-atc-15-ch-sr-hpr-charcoal\/","name":"ATC 15 CH SR HPR (Charcoal) - Solar Comfort France","isPartOf":{"@id":"https:\/\/solar-comfort.com\/fr\/#website"},"primaryImageOfPage":{"@id":"https:\/\/solar-comfort.com\/fr\/product\/llumar-atc-15-ch-sr-hpr-charcoal\/#primaryimage"},"image":{"@id":"https:\/\/solar-comfort.com\/fr\/product\/llumar-atc-15-ch-sr-hpr-charcoal\/#primaryimage"},"thumbnailUrl":"https:\/\/solar-comfort.com\/fr\/wp-content\/uploads\/sites\/3\/2023\/04\/auto-ATC-1.webp","datePublished":"2023-04-24T14:25:56+00:00","dateModified":"2024-05-28T07:00:15+00:00","breadcrumb":{"@id":"https:\/\/solar-comfort.com\/fr\/product\/llumar-atc-15-ch-sr-hpr-charcoal\/#breadcrumb"},"inLanguage":"fr-FR","potentialAction":[{"@type":"ReadAction","target":["https:\/\/solar-comfort.com\/fr\/product\/llumar-atc-15-ch-sr-hpr-charcoal\/"]}]},{"@type":"ImageObject","inLanguage":"fr-FR","@id":"https:\/\/solar-comfort.com\/fr\/product\/llumar-atc-15-ch-sr-hpr-charcoal\/#primaryimage","url":"https:\/\/solar-comfort.com\/fr\/wp-content\/uploads\/sites\/3\/2023\/04\/auto-ATC-1.webp","contentUrl":"https:\/\/solar-comfort.com\/fr\/wp-content\/uploads\/sites\/3\/2023\/04\/auto-ATC-1.webp","width":945,"height":1181},{"@type":"BreadcrumbList","@id":"https:\/\/solar-comfort.com\/fr\/product\/llumar-atc-15-ch-sr-hpr-charcoal\/#breadcrumb","itemListElement":[{"@type":"ListItem","position":1,"name":"Home","item":"https:\/\/solar-comfort.com\/fr\/"},{"@type":"ListItem","position":2,"name":"Boutique","item":"https:\/\/solar-comfort.com\/fr\/acheter-vos-films-solar-comfort\/"},{"@type":"ListItem","position":3,"name":"ATC 15 CH SR HPR (Charcoal)"}]},{"@type":"WebSite","@id":"https:\/\/solar-comfort.com\/fr\/#website","url":"https:\/\/solar-comfort.com\/fr\/","name":"Solar Comfort France","description":"Distributeur officiel LLumar","publisher":{"@id":"https:\/\/solar-comfort.com\/fr\/#organization"},"potentialAction":[{"@type":"SearchAction","target":{"@type":"EntryPoint","urlTemplate":"https:\/\/solar-comfort.com\/fr\/?s={search_term_string}"},"query-input":{"@type":"PropertyValueSpecification","valueRequired":true,"valueName":"search_term_string"}}],"inLanguage":"fr-FR"},{"@type":"Organization","@id":"https:\/\/solar-comfort.com\/fr\/#organization","name":"Solar Comfort France","url":"https:\/\/solar-comfort.com\/fr\/","logo":{"@type":"ImageObject","inLanguage":"fr-FR","@id":"https:\/\/solar-comfort.com\/fr\/#\/schema\/logo\/image\/","url":"https:\/\/solar-comfort.com\/fr\/wp-content\/uploads\/sites\/3\/2024\/04\/Design-sans-titre.png","contentUrl":"https:\/\/solar-comfort.com\/fr\/wp-content\/uploads\/sites\/3\/2024\/04\/Design-sans-titre.png","width":1640,"height":924,"caption":"Solar Comfort France"},"image":{"@id":"https:\/\/solar-comfort.com\/fr\/#\/schema\/logo\/image\/"},"sameAs":["https:\/\/www.facebook.com\/profile.php?id=61557459192804","https:\/\/x.com\/Solar_comfort"]}]}},"_links":{"self":[{"href":"https:\/\/solar-comfort.com\/fr\/wp-json\/wp\/v2\/product\/228","targetHints":{"allow":["GET"]}}],"collection":[{"href":"https:\/\/solar-comfort.com\/fr\/wp-json\/wp\/v2\/product"}],"about":[{"href":"https:\/\/solar-comfort.com\/fr\/wp-json\/wp\/v2\/types\/product"}],"replies":[{"embeddable":true,"href":"https:\/\/solar-comfort.com\/fr\/wp-json\/wp\/v2\/comments?post=228"}],"wp:featuredmedia":[{"embeddable":true,"href":"https:\/\/solar-comfort.com\/fr\/wp-json\/wp\/v2\/media\/117805"}],"wp:attachment":[{"href":"https:\/\/solar-comfort.com\/fr\/wp-json\/wp\/v2\/media?parent=228"}],"wp:term":[{"taxonomy":"product_brand","embeddable":true,"href":"https:\/\/solar-comfort.com\/fr\/wp-json\/wp\/v2\/product_brand?post=228"},{"taxonomy":"product_cat","embeddable":true,"href":"https:\/\/solar-comfort.com\/fr\/wp-json\/wp\/v2\/product_cat?post=228"},{"taxonomy":"product_tag","embeddable":true,"href":"https:\/\/solar-comfort.com\/fr\/wp-json\/wp\/v2\/product_tag?post=228"}],"curies":[{"name":"wp","href":"https:\/\/api.w.org\/{rel}","templated":true}]}}