{"id":123,"date":"2023-04-24T13:00:15","date_gmt":"2023-04-24T11:00:15","guid":{"rendered":"https:\/\/shop.solar-comfort.fr\/product\/r15-go-sr-hpr\/"},"modified":"2024-05-28T09:52:40","modified_gmt":"2024-05-28T07:52:40","slug":"llumar-r15-go-sr-hpr","status":"publish","type":"product","link":"https:\/\/solar-comfort.com\/fr\/product\/llumar-r15-go-sr-hpr\/","title":{"rendered":"R15 GO SR HPR"},"content":{"rendered":"<div class=\"wpb-content-wrapper\"><p>[vc_row row_height_percent=\u00a0\u00bb0&Prime; overlay_alpha=\u00a0\u00bb50&Prime; gutter_size=\u00a0\u00bb3&Prime; column_width_percent=\u00a0\u00bb100&Prime; shift_y=\u00a0\u00bb0&Prime; z_index=\u00a0\u00bb0&Prime; uncode_shortcode_id=\u00a0\u00bb747493&Prime;][vc_column column_width_percent=\u00a0\u00bb100&Prime; gutter_size=\u00a0\u00bb3&Prime; overlay_alpha=\u00a0\u00bb50&Prime; shift_x=\u00a0\u00bb0&Prime; shift_y=\u00a0\u00bb0&Prime; shift_y_down=\u00a0\u00bb0&Prime; z_index=\u00a0\u00bb0&Prime; medium_width=\u00a0\u00bb0&Prime; mobile_width=\u00a0\u00bb0&Prime; width=\u00a0\u00bb1\/1&Prime; uncode_shortcode_id=\u00a0\u00bb180472&Prime;][uncode_list icon=\u00a0\u00bbfa fa-circle-check\u00a0\u00bb icon_color=\u00a0\u00bbaccent\u00a0\u00bb uncode_shortcode_id=\u00a0\u00bb109431&Prime; icon_color_type=\u00a0\u00bbuncode-palette\u00a0\u00bb el_class=\u00a0\u00bbavantage_list\u00a0\u00bb]<\/p>\n<ul>\n<li>Film r\u00e9fl\u00e9chissant int\u00e9rieur pour le contr\u00f4le solaire et l&rsquo;intimit\u00e9.<\/li>\n<li>Disponible en fonc\u00e9, moyen ou clair.<\/li>\n<li>Utilis\u00e9 lorsque des niveaux \u00e9lev\u00e9s de r\u00e9duction de la chaleur et de l&rsquo;\u00e9blouissement sont essentiels pour une rentabilit\u00e9 optimale.<\/li>\n<li>Rejette jusqu&rsquo;\u00e0 82% de l&rsquo;\u00e9nergie solaire, ce qui permet de r\u00e9duire l&rsquo;accumulation de chaleur et les co\u00fbts \u00e9nerg\u00e9tiques, tout en am\u00e9liorant le confort des occupants.<\/li>\n<li>Rev\u00eatement durable r\u00e9sistant aux rayures pour un nettoyage facile<\/li>\n<li>Protection anti-UV &gt;99%<\/li>\n<li>R\u00e9duit l&rsquo;\u00e9blouissement, facteur de fatigue oculaire et d&rsquo;inconfort.<\/li>\n<li>Installation int\u00e9rieure.<\/li>\n<\/ul>\n<p>[\/uncode_list][\/vc_column][\/vc_row]<\/p>\n<\/div>","protected":false},"excerpt":{"rendered":"<p>Film r\u00e9fl\u00e9chissant int\u00e9rieur pour le contr\u00f4le solaire et l&rsquo;intimit\u00e9.<\/p>\n","protected":false},"featured_media":117824,"comment_status":"closed","ping_status":"open","template":"","meta":{"_acf_changed":false,"_trash_the_other_posts":false,"editor_notices":[]},"product_brand":[],"product_cat":[18,45],"product_tag":[],"class_list":{"0":"post-123","1":"product","2":"type-product","3":"status-publish","4":"has-post-thumbnail","6":"product_cat-films-solaires","7":"product_cat-interieur","8":"pa_dimension-m-1-52x30-48","10":"first","11":"instock","12":"taxable","13":"shipping-taxable","14":"product-type-simple"},"acf":[],"yoast_head":"<!-- This site is optimized with the Yoast SEO plugin v27.3 - https:\/\/yoast.com\/product\/yoast-seo-wordpress\/ -->\n<title>R15 GO SR HPR - Solar Comfort France<\/title>\n<meta name=\"robots\" content=\"index, follow, max-snippet:-1, max-image-preview:large, max-video-preview:-1\" \/>\n<link rel=\"canonical\" href=\"https:\/\/solar-comfort.com\/fr\/product\/llumar-r15-go-sr-hpr\/\" \/>\n<meta property=\"og:locale\" content=\"fr_FR\" \/>\n<meta property=\"og:type\" content=\"article\" \/>\n<meta property=\"og:title\" content=\"R15 GO SR HPR - Solar Comfort France\" \/>\n<meta property=\"og:description\" content=\"Film r\u00e9fl\u00e9chissant int\u00e9rieur pour le contr\u00f4le solaire et l&#039;intimit\u00e9.\" \/>\n<meta property=\"og:url\" content=\"https:\/\/solar-comfort.com\/fr\/product\/llumar-r15-go-sr-hpr\/\" \/>\n<meta property=\"og:site_name\" content=\"Solar Comfort France\" \/>\n<meta property=\"article:publisher\" content=\"https:\/\/www.facebook.com\/profile.php?id=61557459192804\" \/>\n<meta property=\"article:modified_time\" content=\"2024-05-28T07:52:40+00:00\" \/>\n<meta property=\"og:image\" content=\"https:\/\/solar-comfort.com\/fr\/wp-content\/uploads\/sites\/3\/2023\/04\/solaire-R.webp\" \/>\n\t<meta property=\"og:image:width\" content=\"945\" \/>\n\t<meta property=\"og:image:height\" content=\"1181\" \/>\n\t<meta property=\"og:image:type\" content=\"image\/webp\" \/>\n<meta name=\"twitter:card\" content=\"summary_large_image\" \/>\n<meta name=\"twitter:site\" content=\"@Solar_comfort\" \/>\n<meta name=\"twitter:label1\" content=\"Dur\u00e9e de lecture estim\u00e9e\" \/>\n\t<meta name=\"twitter:data1\" content=\"1 minute\" \/>\n<script type=\"application\/ld+json\" class=\"yoast-schema-graph\">{\"@context\":\"https:\\\/\\\/schema.org\",\"@graph\":[{\"@type\":\"WebPage\",\"@id\":\"https:\\\/\\\/solar-comfort.com\\\/fr\\\/product\\\/llumar-r15-go-sr-hpr\\\/\",\"url\":\"https:\\\/\\\/solar-comfort.com\\\/fr\\\/product\\\/llumar-r15-go-sr-hpr\\\/\",\"name\":\"R15 GO SR HPR - Solar Comfort France\",\"isPartOf\":{\"@id\":\"https:\\\/\\\/solar-comfort.com\\\/fr\\\/#website\"},\"primaryImageOfPage\":{\"@id\":\"https:\\\/\\\/solar-comfort.com\\\/fr\\\/product\\\/llumar-r15-go-sr-hpr\\\/#primaryimage\"},\"image\":{\"@id\":\"https:\\\/\\\/solar-comfort.com\\\/fr\\\/product\\\/llumar-r15-go-sr-hpr\\\/#primaryimage\"},\"thumbnailUrl\":\"https:\\\/\\\/solar-comfort.com\\\/fr\\\/wp-content\\\/uploads\\\/sites\\\/3\\\/2023\\\/04\\\/solaire-R.webp\",\"datePublished\":\"2023-04-24T11:00:15+00:00\",\"dateModified\":\"2024-05-28T07:52:40+00:00\",\"breadcrumb\":{\"@id\":\"https:\\\/\\\/solar-comfort.com\\\/fr\\\/product\\\/llumar-r15-go-sr-hpr\\\/#breadcrumb\"},\"inLanguage\":\"fr-FR\",\"potentialAction\":[{\"@type\":\"ReadAction\",\"target\":[\"https:\\\/\\\/solar-comfort.com\\\/fr\\\/product\\\/llumar-r15-go-sr-hpr\\\/\"]}]},{\"@type\":\"ImageObject\",\"inLanguage\":\"fr-FR\",\"@id\":\"https:\\\/\\\/solar-comfort.com\\\/fr\\\/product\\\/llumar-r15-go-sr-hpr\\\/#primaryimage\",\"url\":\"https:\\\/\\\/solar-comfort.com\\\/fr\\\/wp-content\\\/uploads\\\/sites\\\/3\\\/2023\\\/04\\\/solaire-R.webp\",\"contentUrl\":\"https:\\\/\\\/solar-comfort.com\\\/fr\\\/wp-content\\\/uploads\\\/sites\\\/3\\\/2023\\\/04\\\/solaire-R.webp\",\"width\":945,\"height\":1181},{\"@type\":\"BreadcrumbList\",\"@id\":\"https:\\\/\\\/solar-comfort.com\\\/fr\\\/product\\\/llumar-r15-go-sr-hpr\\\/#breadcrumb\",\"itemListElement\":[{\"@type\":\"ListItem\",\"position\":1,\"name\":\"Home\",\"item\":\"https:\\\/\\\/solar-comfort.com\\\/fr\\\/\"},{\"@type\":\"ListItem\",\"position\":2,\"name\":\"Boutique\",\"item\":\"https:\\\/\\\/solar-comfort.com\\\/fr\\\/acheter-vos-films-solar-comfort\\\/\"},{\"@type\":\"ListItem\",\"position\":3,\"name\":\"R15 GO SR HPR\"}]},{\"@type\":\"WebSite\",\"@id\":\"https:\\\/\\\/solar-comfort.com\\\/fr\\\/#website\",\"url\":\"https:\\\/\\\/solar-comfort.com\\\/fr\\\/\",\"name\":\"Solar Comfort France\",\"description\":\"Distributeur officiel LLumar\",\"publisher\":{\"@id\":\"https:\\\/\\\/solar-comfort.com\\\/fr\\\/#organization\"},\"potentialAction\":[{\"@type\":\"SearchAction\",\"target\":{\"@type\":\"EntryPoint\",\"urlTemplate\":\"https:\\\/\\\/solar-comfort.com\\\/fr\\\/?s={search_term_string}\"},\"query-input\":{\"@type\":\"PropertyValueSpecification\",\"valueRequired\":true,\"valueName\":\"search_term_string\"}}],\"inLanguage\":\"fr-FR\"},{\"@type\":\"Organization\",\"@id\":\"https:\\\/\\\/solar-comfort.com\\\/fr\\\/#organization\",\"name\":\"Solar Comfort France\",\"url\":\"https:\\\/\\\/solar-comfort.com\\\/fr\\\/\",\"logo\":{\"@type\":\"ImageObject\",\"inLanguage\":\"fr-FR\",\"@id\":\"https:\\\/\\\/solar-comfort.com\\\/fr\\\/#\\\/schema\\\/logo\\\/image\\\/\",\"url\":\"https:\\\/\\\/solar-comfort.com\\\/fr\\\/wp-content\\\/uploads\\\/sites\\\/3\\\/2024\\\/04\\\/Design-sans-titre.png\",\"contentUrl\":\"https:\\\/\\\/solar-comfort.com\\\/fr\\\/wp-content\\\/uploads\\\/sites\\\/3\\\/2024\\\/04\\\/Design-sans-titre.png\",\"width\":1640,\"height\":924,\"caption\":\"Solar Comfort France\"},\"image\":{\"@id\":\"https:\\\/\\\/solar-comfort.com\\\/fr\\\/#\\\/schema\\\/logo\\\/image\\\/\"},\"sameAs\":[\"https:\\\/\\\/www.facebook.com\\\/profile.php?id=61557459192804\",\"https:\\\/\\\/x.com\\\/Solar_comfort\"]}]}<\/script>\n<!-- \/ Yoast SEO plugin. -->","yoast_head_json":{"title":"R15 GO SR HPR - Solar Comfort France","robots":{"index":"index","follow":"follow","max-snippet":"max-snippet:-1","max-image-preview":"max-image-preview:large","max-video-preview":"max-video-preview:-1"},"canonical":"https:\/\/solar-comfort.com\/fr\/product\/llumar-r15-go-sr-hpr\/","og_locale":"fr_FR","og_type":"article","og_title":"R15 GO SR HPR - Solar Comfort France","og_description":"Film r\u00e9fl\u00e9chissant int\u00e9rieur pour le contr\u00f4le solaire et l'intimit\u00e9.","og_url":"https:\/\/solar-comfort.com\/fr\/product\/llumar-r15-go-sr-hpr\/","og_site_name":"Solar Comfort France","article_publisher":"https:\/\/www.facebook.com\/profile.php?id=61557459192804","article_modified_time":"2024-05-28T07:52:40+00:00","og_image":[{"width":945,"height":1181,"url":"https:\/\/solar-comfort.com\/fr\/wp-content\/uploads\/sites\/3\/2023\/04\/solaire-R.webp","type":"image\/webp"}],"twitter_card":"summary_large_image","twitter_site":"@Solar_comfort","twitter_misc":{"Dur\u00e9e de lecture estim\u00e9e":"1 minute"},"schema":{"@context":"https:\/\/schema.org","@graph":[{"@type":"WebPage","@id":"https:\/\/solar-comfort.com\/fr\/product\/llumar-r15-go-sr-hpr\/","url":"https:\/\/solar-comfort.com\/fr\/product\/llumar-r15-go-sr-hpr\/","name":"R15 GO SR HPR - Solar Comfort France","isPartOf":{"@id":"https:\/\/solar-comfort.com\/fr\/#website"},"primaryImageOfPage":{"@id":"https:\/\/solar-comfort.com\/fr\/product\/llumar-r15-go-sr-hpr\/#primaryimage"},"image":{"@id":"https:\/\/solar-comfort.com\/fr\/product\/llumar-r15-go-sr-hpr\/#primaryimage"},"thumbnailUrl":"https:\/\/solar-comfort.com\/fr\/wp-content\/uploads\/sites\/3\/2023\/04\/solaire-R.webp","datePublished":"2023-04-24T11:00:15+00:00","dateModified":"2024-05-28T07:52:40+00:00","breadcrumb":{"@id":"https:\/\/solar-comfort.com\/fr\/product\/llumar-r15-go-sr-hpr\/#breadcrumb"},"inLanguage":"fr-FR","potentialAction":[{"@type":"ReadAction","target":["https:\/\/solar-comfort.com\/fr\/product\/llumar-r15-go-sr-hpr\/"]}]},{"@type":"ImageObject","inLanguage":"fr-FR","@id":"https:\/\/solar-comfort.com\/fr\/product\/llumar-r15-go-sr-hpr\/#primaryimage","url":"https:\/\/solar-comfort.com\/fr\/wp-content\/uploads\/sites\/3\/2023\/04\/solaire-R.webp","contentUrl":"https:\/\/solar-comfort.com\/fr\/wp-content\/uploads\/sites\/3\/2023\/04\/solaire-R.webp","width":945,"height":1181},{"@type":"BreadcrumbList","@id":"https:\/\/solar-comfort.com\/fr\/product\/llumar-r15-go-sr-hpr\/#breadcrumb","itemListElement":[{"@type":"ListItem","position":1,"name":"Home","item":"https:\/\/solar-comfort.com\/fr\/"},{"@type":"ListItem","position":2,"name":"Boutique","item":"https:\/\/solar-comfort.com\/fr\/acheter-vos-films-solar-comfort\/"},{"@type":"ListItem","position":3,"name":"R15 GO SR HPR"}]},{"@type":"WebSite","@id":"https:\/\/solar-comfort.com\/fr\/#website","url":"https:\/\/solar-comfort.com\/fr\/","name":"Solar Comfort France","description":"Distributeur officiel LLumar","publisher":{"@id":"https:\/\/solar-comfort.com\/fr\/#organization"},"potentialAction":[{"@type":"SearchAction","target":{"@type":"EntryPoint","urlTemplate":"https:\/\/solar-comfort.com\/fr\/?s={search_term_string}"},"query-input":{"@type":"PropertyValueSpecification","valueRequired":true,"valueName":"search_term_string"}}],"inLanguage":"fr-FR"},{"@type":"Organization","@id":"https:\/\/solar-comfort.com\/fr\/#organization","name":"Solar Comfort France","url":"https:\/\/solar-comfort.com\/fr\/","logo":{"@type":"ImageObject","inLanguage":"fr-FR","@id":"https:\/\/solar-comfort.com\/fr\/#\/schema\/logo\/image\/","url":"https:\/\/solar-comfort.com\/fr\/wp-content\/uploads\/sites\/3\/2024\/04\/Design-sans-titre.png","contentUrl":"https:\/\/solar-comfort.com\/fr\/wp-content\/uploads\/sites\/3\/2024\/04\/Design-sans-titre.png","width":1640,"height":924,"caption":"Solar Comfort France"},"image":{"@id":"https:\/\/solar-comfort.com\/fr\/#\/schema\/logo\/image\/"},"sameAs":["https:\/\/www.facebook.com\/profile.php?id=61557459192804","https:\/\/x.com\/Solar_comfort"]}]}},"_links":{"self":[{"href":"https:\/\/solar-comfort.com\/fr\/wp-json\/wp\/v2\/product\/123","targetHints":{"allow":["GET"]}}],"collection":[{"href":"https:\/\/solar-comfort.com\/fr\/wp-json\/wp\/v2\/product"}],"about":[{"href":"https:\/\/solar-comfort.com\/fr\/wp-json\/wp\/v2\/types\/product"}],"replies":[{"embeddable":true,"href":"https:\/\/solar-comfort.com\/fr\/wp-json\/wp\/v2\/comments?post=123"}],"wp:featuredmedia":[{"embeddable":true,"href":"https:\/\/solar-comfort.com\/fr\/wp-json\/wp\/v2\/media\/117824"}],"wp:attachment":[{"href":"https:\/\/solar-comfort.com\/fr\/wp-json\/wp\/v2\/media?parent=123"}],"wp:term":[{"taxonomy":"product_brand","embeddable":true,"href":"https:\/\/solar-comfort.com\/fr\/wp-json\/wp\/v2\/product_brand?post=123"},{"taxonomy":"product_cat","embeddable":true,"href":"https:\/\/solar-comfort.com\/fr\/wp-json\/wp\/v2\/product_cat?post=123"},{"taxonomy":"product_tag","embeddable":true,"href":"https:\/\/solar-comfort.com\/fr\/wp-json\/wp\/v2\/product_tag?post=123"}],"curies":[{"name":"wp","href":"https:\/\/api.w.org\/{rel}","templated":true}]}}