{"id":99,"date":"2023-04-24T13:00:08","date_gmt":"2023-04-24T11:00:08","guid":{"rendered":"https:\/\/shop.solar-comfort.fr\/product\/nhe-1020-br-er-hpr\/"},"modified":"2024-05-28T09:27:12","modified_gmt":"2024-05-28T07:27:12","slug":"llumar-nhe-1020-br-er-hpr","status":"publish","type":"product","link":"https:\/\/solar-comfort.com\/es\/product\/llumar-nhe-1020-br-er-hpr\/","title":{"rendered":"NHE 1020 BR ER HPR"},"content":{"rendered":"<div class=\"wpb-content-wrapper\"><p>[vc_row row_height_percent=\u00bb0&#8243; overlay_alpha=\u00bb50&#8243; gutter_size=\u00bb3&#8243; column_width_percent=\u00bb100&#8243; shift_y=\u00bb0&#8243; z_index=\u00bb0&#8243; uncode_shortcode_id=\u00bb747493&#8243;][vc_column column_width_percent=\u00bb100&#8243; gutter_size=\u00bb3&#8243; overlay_alpha=\u00bb50&#8243; shift_x=\u00bb0&#8243; shift_y=\u00bb0&#8243; shift_y_down=\u00bb0&#8243; z_index=\u00bb0&#8243; medium_width=\u00bb0&#8243; mobile_width=\u00bb0&#8243; width=\u00bb1\/1&#8243; uncode_shortcode_id=\u00bb180472&#8243;][uncode_list icon=\u00bbfa fa-circle-check\u00bb icon_color=\u00bbaccent\u00bb uncode_shortcode_id=\u00bb203010&#8243; icon_color_type=\u00bbuncode-palette\u00bb el_class=\u00bbavantage_list\u00bb]<\/p>\n<ul>\n<li>L\u00e1mina bronce, control solar y privacidad, para uso exterior.<\/li>\n<li>Excelente reducci\u00f3n del calor y el deslumbramiento.<\/li>\n<li>Ofrece una combinaci\u00f3n \u00fanica de reflexi\u00f3n moderada y equilibrio crom\u00e1tico neutro a la luz del d\u00eda.<\/li>\n<li>La tecnolog\u00eda Helios incorpora propiedades hidrof\u00f3bicas (resistentes al agua), oleof\u00f3bicas (resistente al aceite) y anti-UV, ofreciendo una excelente durabilidad y resistencia a la intemperie.<\/li>\n<li>La tecnolog\u00eda patentada garantiza una larga vida \u00fatil y una f\u00e1cil limpieza.<\/li>\n<li>Rechaza 84% de la energ\u00eda solar, reduciendo la acumulaci\u00f3n de calor y los costes energ\u00e9ticos, al tiempo que mejora el confort de los ocupantes.<\/li>\n<li>Protecci\u00f3n\u00a0 anti-UV &gt;99%<\/li>\n<li>Reduce el deslumbramiento, factor de fatiga y malestar ocular.<\/li>\n<li>Instalaci\u00f3n exterior.<\/li>\n<\/ul>\n<p>[\/uncode_list][\/vc_column][\/vc_row]<\/p>\n<\/div>","protected":false},"excerpt":{"rendered":"<p>L\u00e1mina bronce, control solar y privacidad, para uso exterior. Acabado bronce oscuro.<\/p>\n","protected":false},"featured_media":117823,"comment_status":"closed","ping_status":"closed","template":"","meta":{"_acf_changed":false,"_trash_the_other_posts":false,"editor_notices":[]},"product_brand":[],"product_cat":[18,44],"product_tag":[],"class_list":{"0":"post-99","1":"product","2":"type-product","3":"status-publish","4":"has-post-thumbnail","6":"product_cat-laminas-solares","7":"product_cat-exterior","8":"pa_dimension-m-1-52x30-48","9":"pa_dimension-m-1-83x30-48","11":"first","12":"instock","13":"taxable","14":"shipping-taxable","15":"product-type-variable"},"acf":[],"yoast_head":"<!-- This site is optimized with the Yoast SEO plugin v27.3 - https:\/\/yoast.com\/product\/yoast-seo-wordpress\/ -->\n<title>NHE 1020 BR ER HPR - Solar Comfort Spain<\/title>\n<meta name=\"robots\" content=\"noindex, follow, max-snippet:-1, max-image-preview:large, max-video-preview:-1\" \/>\n<meta property=\"og:locale\" content=\"es_ES\" \/>\n<meta property=\"og:type\" content=\"article\" \/>\n<meta property=\"og:title\" content=\"NHE 1020 BR ER HPR - Solar Comfort Spain\" \/>\n<meta property=\"og:description\" content=\"L\u00e1mina bronce, control solar y privacidad, para uso exterior. Acabado bronce oscuro.\" \/>\n<meta property=\"og:url\" content=\"https:\/\/solar-comfort.com\/es\/product\/llumar-nhe-1020-br-er-hpr\/\" \/>\n<meta property=\"og:site_name\" content=\"Solar Comfort Spain\" \/>\n<meta property=\"article:modified_time\" content=\"2024-05-28T07:27:12+00:00\" \/>\n<meta property=\"og:image\" content=\"https:\/\/solar-comfort.com\/es\/wp-content\/uploads\/sites\/6\/2023\/04\/solaire-NHE.webp\" \/>\n\t<meta property=\"og:image:width\" content=\"945\" \/>\n\t<meta property=\"og:image:height\" content=\"1181\" \/>\n\t<meta property=\"og:image:type\" content=\"image\/webp\" \/>\n<meta name=\"twitter:card\" content=\"summary_large_image\" \/>\n<meta name=\"twitter:label1\" content=\"Tiempo de lectura\" \/>\n\t<meta name=\"twitter:data1\" content=\"1 minuto\" \/>\n<script type=\"application\/ld+json\" class=\"yoast-schema-graph\">{\"@context\":\"https:\\\/\\\/schema.org\",\"@graph\":[{\"@type\":\"WebPage\",\"@id\":\"https:\\\/\\\/solar-comfort.com\\\/es\\\/product\\\/llumar-nhe-1020-br-er-hpr\\\/\",\"url\":\"https:\\\/\\\/solar-comfort.com\\\/es\\\/product\\\/llumar-nhe-1020-br-er-hpr\\\/\",\"name\":\"NHE 1020 BR ER HPR - Solar Comfort Spain\",\"isPartOf\":{\"@id\":\"https:\\\/\\\/solar-comfort.com\\\/es\\\/#website\"},\"primaryImageOfPage\":{\"@id\":\"https:\\\/\\\/solar-comfort.com\\\/es\\\/product\\\/llumar-nhe-1020-br-er-hpr\\\/#primaryimage\"},\"image\":{\"@id\":\"https:\\\/\\\/solar-comfort.com\\\/es\\\/product\\\/llumar-nhe-1020-br-er-hpr\\\/#primaryimage\"},\"thumbnailUrl\":\"https:\\\/\\\/solar-comfort.com\\\/es\\\/wp-content\\\/uploads\\\/sites\\\/6\\\/2023\\\/04\\\/solaire-NHE.webp\",\"datePublished\":\"2023-04-24T11:00:08+00:00\",\"dateModified\":\"2024-05-28T07:27:12+00:00\",\"breadcrumb\":{\"@id\":\"https:\\\/\\\/solar-comfort.com\\\/es\\\/product\\\/llumar-nhe-1020-br-er-hpr\\\/#breadcrumb\"},\"inLanguage\":\"es\",\"potentialAction\":[{\"@type\":\"ReadAction\",\"target\":[\"https:\\\/\\\/solar-comfort.com\\\/es\\\/product\\\/llumar-nhe-1020-br-er-hpr\\\/\"]}]},{\"@type\":\"ImageObject\",\"inLanguage\":\"es\",\"@id\":\"https:\\\/\\\/solar-comfort.com\\\/es\\\/product\\\/llumar-nhe-1020-br-er-hpr\\\/#primaryimage\",\"url\":\"https:\\\/\\\/solar-comfort.com\\\/es\\\/wp-content\\\/uploads\\\/sites\\\/6\\\/2023\\\/04\\\/solaire-NHE.webp\",\"contentUrl\":\"https:\\\/\\\/solar-comfort.com\\\/es\\\/wp-content\\\/uploads\\\/sites\\\/6\\\/2023\\\/04\\\/solaire-NHE.webp\",\"width\":945,\"height\":1181},{\"@type\":\"BreadcrumbList\",\"@id\":\"https:\\\/\\\/solar-comfort.com\\\/es\\\/product\\\/llumar-nhe-1020-br-er-hpr\\\/#breadcrumb\",\"itemListElement\":[{\"@type\":\"ListItem\",\"position\":1,\"name\":\"Home\",\"item\":\"https:\\\/\\\/solar-comfort.com\\\/es\\\/\"},{\"@type\":\"ListItem\",\"position\":2,\"name\":\"Tienda\",\"item\":\"https:\\\/\\\/solar-comfort.com\\\/es\\\/tienda\\\/\"},{\"@type\":\"ListItem\",\"position\":3,\"name\":\"NHE 1020 BR ER HPR\"}]},{\"@type\":\"WebSite\",\"@id\":\"https:\\\/\\\/solar-comfort.com\\\/es\\\/#website\",\"url\":\"https:\\\/\\\/solar-comfort.com\\\/es\\\/\",\"name\":\"Solar Comfort Spain\",\"description\":\"Distributeur officiel LLumar\",\"potentialAction\":[{\"@type\":\"SearchAction\",\"target\":{\"@type\":\"EntryPoint\",\"urlTemplate\":\"https:\\\/\\\/solar-comfort.com\\\/es\\\/?s={search_term_string}\"},\"query-input\":{\"@type\":\"PropertyValueSpecification\",\"valueRequired\":true,\"valueName\":\"search_term_string\"}}],\"inLanguage\":\"es\"}]}<\/script>\n<!-- \/ Yoast SEO plugin. -->","yoast_head_json":{"title":"NHE 1020 BR ER HPR - Solar Comfort Spain","robots":{"index":"noindex","follow":"follow","max-snippet":"max-snippet:-1","max-image-preview":"max-image-preview:large","max-video-preview":"max-video-preview:-1"},"og_locale":"es_ES","og_type":"article","og_title":"NHE 1020 BR ER HPR - Solar Comfort Spain","og_description":"L\u00e1mina bronce, control solar y privacidad, para uso exterior. Acabado bronce oscuro.","og_url":"https:\/\/solar-comfort.com\/es\/product\/llumar-nhe-1020-br-er-hpr\/","og_site_name":"Solar Comfort Spain","article_modified_time":"2024-05-28T07:27:12+00:00","og_image":[{"width":945,"height":1181,"url":"https:\/\/solar-comfort.com\/es\/wp-content\/uploads\/sites\/6\/2023\/04\/solaire-NHE.webp","type":"image\/webp"}],"twitter_card":"summary_large_image","twitter_misc":{"Tiempo de lectura":"1 minuto"},"schema":{"@context":"https:\/\/schema.org","@graph":[{"@type":"WebPage","@id":"https:\/\/solar-comfort.com\/es\/product\/llumar-nhe-1020-br-er-hpr\/","url":"https:\/\/solar-comfort.com\/es\/product\/llumar-nhe-1020-br-er-hpr\/","name":"NHE 1020 BR ER HPR - Solar Comfort Spain","isPartOf":{"@id":"https:\/\/solar-comfort.com\/es\/#website"},"primaryImageOfPage":{"@id":"https:\/\/solar-comfort.com\/es\/product\/llumar-nhe-1020-br-er-hpr\/#primaryimage"},"image":{"@id":"https:\/\/solar-comfort.com\/es\/product\/llumar-nhe-1020-br-er-hpr\/#primaryimage"},"thumbnailUrl":"https:\/\/solar-comfort.com\/es\/wp-content\/uploads\/sites\/6\/2023\/04\/solaire-NHE.webp","datePublished":"2023-04-24T11:00:08+00:00","dateModified":"2024-05-28T07:27:12+00:00","breadcrumb":{"@id":"https:\/\/solar-comfort.com\/es\/product\/llumar-nhe-1020-br-er-hpr\/#breadcrumb"},"inLanguage":"es","potentialAction":[{"@type":"ReadAction","target":["https:\/\/solar-comfort.com\/es\/product\/llumar-nhe-1020-br-er-hpr\/"]}]},{"@type":"ImageObject","inLanguage":"es","@id":"https:\/\/solar-comfort.com\/es\/product\/llumar-nhe-1020-br-er-hpr\/#primaryimage","url":"https:\/\/solar-comfort.com\/es\/wp-content\/uploads\/sites\/6\/2023\/04\/solaire-NHE.webp","contentUrl":"https:\/\/solar-comfort.com\/es\/wp-content\/uploads\/sites\/6\/2023\/04\/solaire-NHE.webp","width":945,"height":1181},{"@type":"BreadcrumbList","@id":"https:\/\/solar-comfort.com\/es\/product\/llumar-nhe-1020-br-er-hpr\/#breadcrumb","itemListElement":[{"@type":"ListItem","position":1,"name":"Home","item":"https:\/\/solar-comfort.com\/es\/"},{"@type":"ListItem","position":2,"name":"Tienda","item":"https:\/\/solar-comfort.com\/es\/tienda\/"},{"@type":"ListItem","position":3,"name":"NHE 1020 BR ER HPR"}]},{"@type":"WebSite","@id":"https:\/\/solar-comfort.com\/es\/#website","url":"https:\/\/solar-comfort.com\/es\/","name":"Solar Comfort Spain","description":"Distributeur officiel LLumar","potentialAction":[{"@type":"SearchAction","target":{"@type":"EntryPoint","urlTemplate":"https:\/\/solar-comfort.com\/es\/?s={search_term_string}"},"query-input":{"@type":"PropertyValueSpecification","valueRequired":true,"valueName":"search_term_string"}}],"inLanguage":"es"}]}},"_links":{"self":[{"href":"https:\/\/solar-comfort.com\/es\/wp-json\/wp\/v2\/product\/99","targetHints":{"allow":["GET"]}}],"collection":[{"href":"https:\/\/solar-comfort.com\/es\/wp-json\/wp\/v2\/product"}],"about":[{"href":"https:\/\/solar-comfort.com\/es\/wp-json\/wp\/v2\/types\/product"}],"replies":[{"embeddable":true,"href":"https:\/\/solar-comfort.com\/es\/wp-json\/wp\/v2\/comments?post=99"}],"wp:featuredmedia":[{"embeddable":true,"href":"https:\/\/solar-comfort.com\/es\/wp-json\/wp\/v2\/media\/117823"}],"wp:attachment":[{"href":"https:\/\/solar-comfort.com\/es\/wp-json\/wp\/v2\/media?parent=99"}],"wp:term":[{"taxonomy":"product_brand","embeddable":true,"href":"https:\/\/solar-comfort.com\/es\/wp-json\/wp\/v2\/product_brand?post=99"},{"taxonomy":"product_cat","embeddable":true,"href":"https:\/\/solar-comfort.com\/es\/wp-json\/wp\/v2\/product_cat?post=99"},{"taxonomy":"product_tag","embeddable":true,"href":"https:\/\/solar-comfort.com\/es\/wp-json\/wp\/v2\/product_tag?post=99"}],"curies":[{"name":"wp","href":"https:\/\/api.w.org\/{rel}","templated":true}]}}