{"id":242,"date":"2023-04-24T16:26:14","date_gmt":"2023-04-24T14:26:14","guid":{"rendered":"https:\/\/shop.solar-comfort.fr\/product\/at-50-gr-sr-hpr-grey\/"},"modified":"2024-05-28T09:14:27","modified_gmt":"2024-05-28T07:14:27","slug":"llumar-at-50-gr-sr-hpr-grey","status":"publish","type":"product","link":"https:\/\/solar-comfort.com\/es\/product\/llumar-at-50-gr-sr-hpr-grey\/","title":{"rendered":"AT 50 GR SR HPR (Grey)"},"content":{"rendered":"<div class=\"wpb-content-wrapper\"><p>[vc_row row_height_percent=\u00bb0&#8243; overlay_alpha=\u00bb50&#8243; gutter_size=\u00bb3&#8243; column_width_percent=\u00bb100&#8243; shift_y=\u00bb0&#8243; z_index=\u00bb0&#8243; uncode_shortcode_id=\u00bb747493&#8243;][vc_column column_width_percent=\u00bb100&#8243; gutter_size=\u00bb3&#8243; overlay_alpha=\u00bb50&#8243; shift_x=\u00bb0&#8243; shift_y=\u00bb0&#8243; shift_y_down=\u00bb0&#8243; z_index=\u00bb0&#8243; medium_width=\u00bb0&#8243; mobile_width=\u00bb0&#8243; width=\u00bb1\/1&#8243; uncode_shortcode_id=\u00bb180472&#8243;][uncode_list icon=\u00bbfa fa-circle-check\u00bb icon_color=\u00bbaccent\u00bb uncode_shortcode_id=\u00bb209315&#8243; icon_color_type=\u00bbuncode-palette\u00bb el_class=\u00bbavantage_list\u00bb]<\/p>\n<ul>\n<li>Rechazo de calor<\/li>\n<li>Protecci\u00f3n UV superior a 99 %**<\/li>\n<li>Mejora del estilo<\/li>\n<li>Privacidad para los pasajeros y sus pertenencias<\/li>\n<li>Variedad de tonos, de claro a oscuro<\/li>\n<li>El tratamiento antiara\u00f1azos protege contra posibles agresiones<\/li>\n<li>Protecci\u00f3n adicional contra fragmentos de cristal<\/li>\n<\/ul>\n<p>[\/uncode_list][\/vc_column][\/vc_row]<\/p>\n<\/div>","protected":false},"excerpt":{"rendered":"<p>La serie LLumar\u00ae AT ofrece un plus de estilo y protecci\u00f3n de la intimidad. Al igual que el resto de nuestra gama de productos, est\u00e1 disponible en distintos acabados: gris antracita y negro.<\/p>\n<p>Luminosidad m\u00e1xima con leve privacidad. Transmitiendo el 50% de luz visible, esta l\u00e1mina es perfecta para quienes prefieren un ambiente luminoso y abierto, aumentando en cierta medida la privacidad que se obtiene de f\u00e1brica, es una opci\u00f3n excelente para aquellos que quieren reducir la claridad de los cristales sin renunciar a la entrada natural de luz al interior del veh\u00edculo.<\/p>\n<p>&nbsp;<\/p>\n","protected":false},"featured_media":117804,"comment_status":"closed","ping_status":"closed","template":"","meta":{"_acf_changed":false,"_trash_the_other_posts":false,"editor_notices":[]},"product_brand":[],"product_cat":[66,72,60],"product_tag":[],"class_list":{"0":"post-242","1":"product","2":"type-product","3":"status-publish","4":"has-post-thumbnail","6":"product_cat-coche","7":"product_cat-tintado-de-lunas","8":"product_cat-at-series","9":"pa_dimension-m-0-51x30-48","10":"pa_dimension-m-0-76x30-48","11":"pa_dimension-m-1-52x30-48","13":"first","14":"instock","15":"taxable","16":"shipping-taxable","17":"product-type-variable"},"acf":[],"yoast_head":"<!-- This site is optimized with the Yoast SEO plugin v27.3 - https:\/\/yoast.com\/product\/yoast-seo-wordpress\/ -->\n<title>AT 50 GR SR HPR (Grey) - Solar Comfort Spain<\/title>\n<meta name=\"robots\" content=\"noindex, follow, max-snippet:-1, max-image-preview:large, max-video-preview:-1\" \/>\n<meta property=\"og:locale\" content=\"es_ES\" \/>\n<meta property=\"og:type\" content=\"article\" \/>\n<meta property=\"og:title\" content=\"AT 50 GR SR HPR (Grey) - Solar Comfort Spain\" \/>\n<meta property=\"og:description\" content=\"La serie LLumar\u00ae AT ofrece un plus de estilo y protecci\u00f3n de la intimidad. Al igual que el resto de nuestra gama de productos, est\u00e1 disponible en distintos acabados: gris antracita y negro.  Luminosidad m\u00e1xima con leve privacidad. Transmitiendo el 50% de luz visible, esta l\u00e1mina es perfecta para quienes prefieren un ambiente luminoso y abierto, aumentando en cierta medida la privacidad que se obtiene de f\u00e1brica, es una opci\u00f3n excelente para aquellos que quieren reducir la claridad de los cristales sin renunciar a la entrada natural de luz al interior del veh\u00edculo.  &nbsp;\" \/>\n<meta property=\"og:url\" content=\"https:\/\/solar-comfort.com\/es\/product\/llumar-at-50-gr-sr-hpr-grey\/\" \/>\n<meta property=\"og:site_name\" content=\"Solar Comfort Spain\" \/>\n<meta property=\"article:modified_time\" content=\"2024-05-28T07:14:27+00:00\" \/>\n<meta property=\"og:image\" content=\"https:\/\/solar-comfort.com\/es\/wp-content\/uploads\/sites\/6\/2023\/04\/auto-AT-1.webp\" \/>\n\t<meta property=\"og:image:width\" content=\"945\" \/>\n\t<meta property=\"og:image:height\" content=\"1181\" \/>\n\t<meta property=\"og:image:type\" content=\"image\/webp\" \/>\n<meta name=\"twitter:card\" content=\"summary_large_image\" \/>\n<meta name=\"twitter:label1\" content=\"Tiempo de lectura\" \/>\n\t<meta name=\"twitter:data1\" content=\"1 minuto\" \/>\n<script type=\"application\/ld+json\" class=\"yoast-schema-graph\">{\"@context\":\"https:\\\/\\\/schema.org\",\"@graph\":[{\"@type\":\"WebPage\",\"@id\":\"https:\\\/\\\/solar-comfort.com\\\/es\\\/product\\\/llumar-at-50-gr-sr-hpr-grey\\\/\",\"url\":\"https:\\\/\\\/solar-comfort.com\\\/es\\\/product\\\/llumar-at-50-gr-sr-hpr-grey\\\/\",\"name\":\"AT 50 GR SR HPR (Grey) - Solar Comfort Spain\",\"isPartOf\":{\"@id\":\"https:\\\/\\\/solar-comfort.com\\\/es\\\/#website\"},\"primaryImageOfPage\":{\"@id\":\"https:\\\/\\\/solar-comfort.com\\\/es\\\/product\\\/llumar-at-50-gr-sr-hpr-grey\\\/#primaryimage\"},\"image\":{\"@id\":\"https:\\\/\\\/solar-comfort.com\\\/es\\\/product\\\/llumar-at-50-gr-sr-hpr-grey\\\/#primaryimage\"},\"thumbnailUrl\":\"https:\\\/\\\/solar-comfort.com\\\/es\\\/wp-content\\\/uploads\\\/sites\\\/6\\\/2023\\\/04\\\/auto-AT-1.webp\",\"datePublished\":\"2023-04-24T14:26:14+00:00\",\"dateModified\":\"2024-05-28T07:14:27+00:00\",\"breadcrumb\":{\"@id\":\"https:\\\/\\\/solar-comfort.com\\\/es\\\/product\\\/llumar-at-50-gr-sr-hpr-grey\\\/#breadcrumb\"},\"inLanguage\":\"es\",\"potentialAction\":[{\"@type\":\"ReadAction\",\"target\":[\"https:\\\/\\\/solar-comfort.com\\\/es\\\/product\\\/llumar-at-50-gr-sr-hpr-grey\\\/\"]}]},{\"@type\":\"ImageObject\",\"inLanguage\":\"es\",\"@id\":\"https:\\\/\\\/solar-comfort.com\\\/es\\\/product\\\/llumar-at-50-gr-sr-hpr-grey\\\/#primaryimage\",\"url\":\"https:\\\/\\\/solar-comfort.com\\\/es\\\/wp-content\\\/uploads\\\/sites\\\/6\\\/2023\\\/04\\\/auto-AT-1.webp\",\"contentUrl\":\"https:\\\/\\\/solar-comfort.com\\\/es\\\/wp-content\\\/uploads\\\/sites\\\/6\\\/2023\\\/04\\\/auto-AT-1.webp\",\"width\":945,\"height\":1181},{\"@type\":\"BreadcrumbList\",\"@id\":\"https:\\\/\\\/solar-comfort.com\\\/es\\\/product\\\/llumar-at-50-gr-sr-hpr-grey\\\/#breadcrumb\",\"itemListElement\":[{\"@type\":\"ListItem\",\"position\":1,\"name\":\"Home\",\"item\":\"https:\\\/\\\/solar-comfort.com\\\/es\\\/\"},{\"@type\":\"ListItem\",\"position\":2,\"name\":\"Tienda\",\"item\":\"https:\\\/\\\/solar-comfort.com\\\/es\\\/tienda\\\/\"},{\"@type\":\"ListItem\",\"position\":3,\"name\":\"AT 50 GR SR HPR (Grey)\"}]},{\"@type\":\"WebSite\",\"@id\":\"https:\\\/\\\/solar-comfort.com\\\/es\\\/#website\",\"url\":\"https:\\\/\\\/solar-comfort.com\\\/es\\\/\",\"name\":\"Solar Comfort Spain\",\"description\":\"Distributeur officiel LLumar\",\"potentialAction\":[{\"@type\":\"SearchAction\",\"target\":{\"@type\":\"EntryPoint\",\"urlTemplate\":\"https:\\\/\\\/solar-comfort.com\\\/es\\\/?s={search_term_string}\"},\"query-input\":{\"@type\":\"PropertyValueSpecification\",\"valueRequired\":true,\"valueName\":\"search_term_string\"}}],\"inLanguage\":\"es\"}]}<\/script>\n<!-- \/ Yoast SEO plugin. -->","yoast_head_json":{"title":"AT 50 GR SR HPR (Grey) - Solar Comfort Spain","robots":{"index":"noindex","follow":"follow","max-snippet":"max-snippet:-1","max-image-preview":"max-image-preview:large","max-video-preview":"max-video-preview:-1"},"og_locale":"es_ES","og_type":"article","og_title":"AT 50 GR SR HPR (Grey) - Solar Comfort Spain","og_description":"La serie LLumar\u00ae AT ofrece un plus de estilo y protecci\u00f3n de la intimidad. Al igual que el resto de nuestra gama de productos, est\u00e1 disponible en distintos acabados: gris antracita y negro.  Luminosidad m\u00e1xima con leve privacidad. Transmitiendo el 50% de luz visible, esta l\u00e1mina es perfecta para quienes prefieren un ambiente luminoso y abierto, aumentando en cierta medida la privacidad que se obtiene de f\u00e1brica, es una opci\u00f3n excelente para aquellos que quieren reducir la claridad de los cristales sin renunciar a la entrada natural de luz al interior del veh\u00edculo.  &nbsp;","og_url":"https:\/\/solar-comfort.com\/es\/product\/llumar-at-50-gr-sr-hpr-grey\/","og_site_name":"Solar Comfort Spain","article_modified_time":"2024-05-28T07:14:27+00:00","og_image":[{"width":945,"height":1181,"url":"https:\/\/solar-comfort.com\/es\/wp-content\/uploads\/sites\/6\/2023\/04\/auto-AT-1.webp","type":"image\/webp"}],"twitter_card":"summary_large_image","twitter_misc":{"Tiempo de lectura":"1 minuto"},"schema":{"@context":"https:\/\/schema.org","@graph":[{"@type":"WebPage","@id":"https:\/\/solar-comfort.com\/es\/product\/llumar-at-50-gr-sr-hpr-grey\/","url":"https:\/\/solar-comfort.com\/es\/product\/llumar-at-50-gr-sr-hpr-grey\/","name":"AT 50 GR SR HPR (Grey) - Solar Comfort Spain","isPartOf":{"@id":"https:\/\/solar-comfort.com\/es\/#website"},"primaryImageOfPage":{"@id":"https:\/\/solar-comfort.com\/es\/product\/llumar-at-50-gr-sr-hpr-grey\/#primaryimage"},"image":{"@id":"https:\/\/solar-comfort.com\/es\/product\/llumar-at-50-gr-sr-hpr-grey\/#primaryimage"},"thumbnailUrl":"https:\/\/solar-comfort.com\/es\/wp-content\/uploads\/sites\/6\/2023\/04\/auto-AT-1.webp","datePublished":"2023-04-24T14:26:14+00:00","dateModified":"2024-05-28T07:14:27+00:00","breadcrumb":{"@id":"https:\/\/solar-comfort.com\/es\/product\/llumar-at-50-gr-sr-hpr-grey\/#breadcrumb"},"inLanguage":"es","potentialAction":[{"@type":"ReadAction","target":["https:\/\/solar-comfort.com\/es\/product\/llumar-at-50-gr-sr-hpr-grey\/"]}]},{"@type":"ImageObject","inLanguage":"es","@id":"https:\/\/solar-comfort.com\/es\/product\/llumar-at-50-gr-sr-hpr-grey\/#primaryimage","url":"https:\/\/solar-comfort.com\/es\/wp-content\/uploads\/sites\/6\/2023\/04\/auto-AT-1.webp","contentUrl":"https:\/\/solar-comfort.com\/es\/wp-content\/uploads\/sites\/6\/2023\/04\/auto-AT-1.webp","width":945,"height":1181},{"@type":"BreadcrumbList","@id":"https:\/\/solar-comfort.com\/es\/product\/llumar-at-50-gr-sr-hpr-grey\/#breadcrumb","itemListElement":[{"@type":"ListItem","position":1,"name":"Home","item":"https:\/\/solar-comfort.com\/es\/"},{"@type":"ListItem","position":2,"name":"Tienda","item":"https:\/\/solar-comfort.com\/es\/tienda\/"},{"@type":"ListItem","position":3,"name":"AT 50 GR SR HPR (Grey)"}]},{"@type":"WebSite","@id":"https:\/\/solar-comfort.com\/es\/#website","url":"https:\/\/solar-comfort.com\/es\/","name":"Solar Comfort Spain","description":"Distributeur officiel LLumar","potentialAction":[{"@type":"SearchAction","target":{"@type":"EntryPoint","urlTemplate":"https:\/\/solar-comfort.com\/es\/?s={search_term_string}"},"query-input":{"@type":"PropertyValueSpecification","valueRequired":true,"valueName":"search_term_string"}}],"inLanguage":"es"}]}},"_links":{"self":[{"href":"https:\/\/solar-comfort.com\/es\/wp-json\/wp\/v2\/product\/242","targetHints":{"allow":["GET"]}}],"collection":[{"href":"https:\/\/solar-comfort.com\/es\/wp-json\/wp\/v2\/product"}],"about":[{"href":"https:\/\/solar-comfort.com\/es\/wp-json\/wp\/v2\/types\/product"}],"replies":[{"embeddable":true,"href":"https:\/\/solar-comfort.com\/es\/wp-json\/wp\/v2\/comments?post=242"}],"wp:featuredmedia":[{"embeddable":true,"href":"https:\/\/solar-comfort.com\/es\/wp-json\/wp\/v2\/media\/117804"}],"wp:attachment":[{"href":"https:\/\/solar-comfort.com\/es\/wp-json\/wp\/v2\/media?parent=242"}],"wp:term":[{"taxonomy":"product_brand","embeddable":true,"href":"https:\/\/solar-comfort.com\/es\/wp-json\/wp\/v2\/product_brand?post=242"},{"taxonomy":"product_cat","embeddable":true,"href":"https:\/\/solar-comfort.com\/es\/wp-json\/wp\/v2\/product_cat?post=242"},{"taxonomy":"product_tag","embeddable":true,"href":"https:\/\/solar-comfort.com\/es\/wp-json\/wp\/v2\/product_tag?post=242"}],"curies":[{"name":"wp","href":"https:\/\/api.w.org\/{rel}","templated":true}]}}