{"id":182,"date":"2023-04-24T13:00:37","date_gmt":"2023-04-24T11:00:37","guid":{"rendered":"https:\/\/shop.solar-comfort.fr\/product\/nrm-fb-sr-hpr\/"},"modified":"2024-05-28T11:28:40","modified_gmt":"2024-05-28T09:28:40","slug":"llumar-nrm-fb-sr-hpr","status":"publish","type":"product","link":"https:\/\/solar-comfort.com\/es\/product\/llumar-nrm-fb-sr-hpr\/","title":{"rendered":"NRM FB SR HPR"},"content":{"rendered":"<div class=\"wpb-content-wrapper\"><p>[vc_row row_height_percent=\u00bb0&#8243; overlay_alpha=\u00bb50&#8243; gutter_size=\u00bb3&#8243; column_width_percent=\u00bb100&#8243; shift_y=\u00bb0&#8243; z_index=\u00bb0&#8243; uncode_shortcode_id=\u00bb747493&#8243;][vc_column column_width_percent=\u00bb100&#8243; gutter_size=\u00bb3&#8243; overlay_alpha=\u00bb50&#8243; shift_x=\u00bb0&#8243; shift_y=\u00bb0&#8243; shift_y_down=\u00bb0&#8243; z_index=\u00bb0&#8243; medium_width=\u00bb0&#8243; mobile_width=\u00bb0&#8243; width=\u00bb1\/1&#8243; uncode_shortcode_id=\u00bb180472&#8243;][uncode_list icon=\u00bbfa fa-circle-check\u00bb icon_color=\u00bbaccent\u00bb uncode_shortcode_id=\u00bb820783&#8243; icon_color_type=\u00bbuncode-palette\u00bb el_class=\u00bbavantage_list\u00bb]<\/p>\n<ul>\n<li>Consigue una amplia gama de soluciones est\u00e9ticas gracias a los diferentes grados de blancos transl\u00facidos y opacos. Incorpora estilo y privacidad a tus espacios con esta vers\u00e1til gama de l\u00e1minas.<\/li>\n<li>Las l\u00e1minas decorativas son una forma econ\u00f3mica de a\u00f1adir elegancia, crear ambiente y ocultar la vista, con una vida \u00fatil muy larga.<\/li>\n<li>Tambi\u00e9n son f\u00e1ciles de quitar cuando llega el momento de cambiarlas.<\/li>\n<\/ul>\n<p>[\/uncode_list][\/vc_column][\/vc_row]<\/p>\n<\/div>","protected":false},"excerpt":{"rendered":"<p>A\u00f1ada estilo y privacidad a sus espacios con esta vers\u00e1til serie de l\u00e1minas.<\/p>\n","protected":false},"featured_media":117815,"comment_status":"closed","ping_status":"closed","template":"","meta":{"_acf_changed":false,"_trash_the_other_posts":false,"editor_notices":[]},"product_brand":[],"product_cat":[39,52],"product_tag":[],"class_list":{"0":"post-182","1":"product","2":"type-product","3":"status-publish","4":"has-post-thumbnail","6":"product_cat-decoracion","7":"product_cat-diseno","8":"pa_dimension-m-1-52x30-48","10":"first","11":"instock","12":"taxable","13":"shipping-taxable","14":"product-type-simple"},"acf":[],"yoast_head":"<!-- This site is optimized with the Yoast SEO plugin v27.3 - https:\/\/yoast.com\/product\/yoast-seo-wordpress\/ -->\n<title>NRM FB SR HPR - Solar Comfort Spain<\/title>\n<meta name=\"robots\" content=\"noindex, follow, max-snippet:-1, max-image-preview:large, max-video-preview:-1\" \/>\n<meta property=\"og:locale\" content=\"es_ES\" \/>\n<meta property=\"og:type\" content=\"article\" \/>\n<meta property=\"og:title\" content=\"NRM FB SR HPR - Solar Comfort Spain\" \/>\n<meta property=\"og:description\" content=\"A\u00f1ada estilo y privacidad a sus espacios con esta vers\u00e1til serie de l\u00e1minas.\" \/>\n<meta property=\"og:url\" content=\"https:\/\/solar-comfort.com\/es\/product\/llumar-nrm-fb-sr-hpr\/\" \/>\n<meta property=\"og:site_name\" content=\"Solar Comfort Spain\" \/>\n<meta property=\"article:modified_time\" content=\"2024-05-28T09:28:40+00:00\" \/>\n<meta property=\"og:image\" content=\"https:\/\/solar-comfort.com\/es\/wp-content\/uploads\/sites\/6\/2023\/04\/deco-motif.webp\" \/>\n\t<meta property=\"og:image:width\" content=\"945\" \/>\n\t<meta property=\"og:image:height\" content=\"1181\" \/>\n\t<meta property=\"og:image:type\" content=\"image\/webp\" \/>\n<meta name=\"twitter:card\" content=\"summary_large_image\" \/>\n<meta name=\"twitter:label1\" content=\"Tiempo de lectura\" \/>\n\t<meta name=\"twitter:data1\" content=\"1 minuto\" \/>\n<script type=\"application\/ld+json\" class=\"yoast-schema-graph\">{\"@context\":\"https:\\\/\\\/schema.org\",\"@graph\":[{\"@type\":\"WebPage\",\"@id\":\"https:\\\/\\\/solar-comfort.com\\\/es\\\/product\\\/llumar-nrm-fb-sr-hpr\\\/\",\"url\":\"https:\\\/\\\/solar-comfort.com\\\/es\\\/product\\\/llumar-nrm-fb-sr-hpr\\\/\",\"name\":\"NRM FB SR HPR - Solar Comfort Spain\",\"isPartOf\":{\"@id\":\"https:\\\/\\\/solar-comfort.com\\\/es\\\/#website\"},\"primaryImageOfPage\":{\"@id\":\"https:\\\/\\\/solar-comfort.com\\\/es\\\/product\\\/llumar-nrm-fb-sr-hpr\\\/#primaryimage\"},\"image\":{\"@id\":\"https:\\\/\\\/solar-comfort.com\\\/es\\\/product\\\/llumar-nrm-fb-sr-hpr\\\/#primaryimage\"},\"thumbnailUrl\":\"https:\\\/\\\/solar-comfort.com\\\/es\\\/wp-content\\\/uploads\\\/sites\\\/6\\\/2023\\\/04\\\/deco-motif.webp\",\"datePublished\":\"2023-04-24T11:00:37+00:00\",\"dateModified\":\"2024-05-28T09:28:40+00:00\",\"breadcrumb\":{\"@id\":\"https:\\\/\\\/solar-comfort.com\\\/es\\\/product\\\/llumar-nrm-fb-sr-hpr\\\/#breadcrumb\"},\"inLanguage\":\"es\",\"potentialAction\":[{\"@type\":\"ReadAction\",\"target\":[\"https:\\\/\\\/solar-comfort.com\\\/es\\\/product\\\/llumar-nrm-fb-sr-hpr\\\/\"]}]},{\"@type\":\"ImageObject\",\"inLanguage\":\"es\",\"@id\":\"https:\\\/\\\/solar-comfort.com\\\/es\\\/product\\\/llumar-nrm-fb-sr-hpr\\\/#primaryimage\",\"url\":\"https:\\\/\\\/solar-comfort.com\\\/es\\\/wp-content\\\/uploads\\\/sites\\\/6\\\/2023\\\/04\\\/deco-motif.webp\",\"contentUrl\":\"https:\\\/\\\/solar-comfort.com\\\/es\\\/wp-content\\\/uploads\\\/sites\\\/6\\\/2023\\\/04\\\/deco-motif.webp\",\"width\":945,\"height\":1181},{\"@type\":\"BreadcrumbList\",\"@id\":\"https:\\\/\\\/solar-comfort.com\\\/es\\\/product\\\/llumar-nrm-fb-sr-hpr\\\/#breadcrumb\",\"itemListElement\":[{\"@type\":\"ListItem\",\"position\":1,\"name\":\"Home\",\"item\":\"https:\\\/\\\/solar-comfort.com\\\/es\\\/\"},{\"@type\":\"ListItem\",\"position\":2,\"name\":\"Tienda\",\"item\":\"https:\\\/\\\/solar-comfort.com\\\/es\\\/tienda\\\/\"},{\"@type\":\"ListItem\",\"position\":3,\"name\":\"NRM FB SR HPR\"}]},{\"@type\":\"WebSite\",\"@id\":\"https:\\\/\\\/solar-comfort.com\\\/es\\\/#website\",\"url\":\"https:\\\/\\\/solar-comfort.com\\\/es\\\/\",\"name\":\"Solar Comfort Spain\",\"description\":\"Distributeur officiel LLumar\",\"potentialAction\":[{\"@type\":\"SearchAction\",\"target\":{\"@type\":\"EntryPoint\",\"urlTemplate\":\"https:\\\/\\\/solar-comfort.com\\\/es\\\/?s={search_term_string}\"},\"query-input\":{\"@type\":\"PropertyValueSpecification\",\"valueRequired\":true,\"valueName\":\"search_term_string\"}}],\"inLanguage\":\"es\"}]}<\/script>\n<!-- \/ Yoast SEO plugin. -->","yoast_head_json":{"title":"NRM FB SR HPR - Solar Comfort Spain","robots":{"index":"noindex","follow":"follow","max-snippet":"max-snippet:-1","max-image-preview":"max-image-preview:large","max-video-preview":"max-video-preview:-1"},"og_locale":"es_ES","og_type":"article","og_title":"NRM FB SR HPR - Solar Comfort Spain","og_description":"A\u00f1ada estilo y privacidad a sus espacios con esta vers\u00e1til serie de l\u00e1minas.","og_url":"https:\/\/solar-comfort.com\/es\/product\/llumar-nrm-fb-sr-hpr\/","og_site_name":"Solar Comfort Spain","article_modified_time":"2024-05-28T09:28:40+00:00","og_image":[{"width":945,"height":1181,"url":"https:\/\/solar-comfort.com\/es\/wp-content\/uploads\/sites\/6\/2023\/04\/deco-motif.webp","type":"image\/webp"}],"twitter_card":"summary_large_image","twitter_misc":{"Tiempo de lectura":"1 minuto"},"schema":{"@context":"https:\/\/schema.org","@graph":[{"@type":"WebPage","@id":"https:\/\/solar-comfort.com\/es\/product\/llumar-nrm-fb-sr-hpr\/","url":"https:\/\/solar-comfort.com\/es\/product\/llumar-nrm-fb-sr-hpr\/","name":"NRM FB SR HPR - Solar Comfort Spain","isPartOf":{"@id":"https:\/\/solar-comfort.com\/es\/#website"},"primaryImageOfPage":{"@id":"https:\/\/solar-comfort.com\/es\/product\/llumar-nrm-fb-sr-hpr\/#primaryimage"},"image":{"@id":"https:\/\/solar-comfort.com\/es\/product\/llumar-nrm-fb-sr-hpr\/#primaryimage"},"thumbnailUrl":"https:\/\/solar-comfort.com\/es\/wp-content\/uploads\/sites\/6\/2023\/04\/deco-motif.webp","datePublished":"2023-04-24T11:00:37+00:00","dateModified":"2024-05-28T09:28:40+00:00","breadcrumb":{"@id":"https:\/\/solar-comfort.com\/es\/product\/llumar-nrm-fb-sr-hpr\/#breadcrumb"},"inLanguage":"es","potentialAction":[{"@type":"ReadAction","target":["https:\/\/solar-comfort.com\/es\/product\/llumar-nrm-fb-sr-hpr\/"]}]},{"@type":"ImageObject","inLanguage":"es","@id":"https:\/\/solar-comfort.com\/es\/product\/llumar-nrm-fb-sr-hpr\/#primaryimage","url":"https:\/\/solar-comfort.com\/es\/wp-content\/uploads\/sites\/6\/2023\/04\/deco-motif.webp","contentUrl":"https:\/\/solar-comfort.com\/es\/wp-content\/uploads\/sites\/6\/2023\/04\/deco-motif.webp","width":945,"height":1181},{"@type":"BreadcrumbList","@id":"https:\/\/solar-comfort.com\/es\/product\/llumar-nrm-fb-sr-hpr\/#breadcrumb","itemListElement":[{"@type":"ListItem","position":1,"name":"Home","item":"https:\/\/solar-comfort.com\/es\/"},{"@type":"ListItem","position":2,"name":"Tienda","item":"https:\/\/solar-comfort.com\/es\/tienda\/"},{"@type":"ListItem","position":3,"name":"NRM FB SR HPR"}]},{"@type":"WebSite","@id":"https:\/\/solar-comfort.com\/es\/#website","url":"https:\/\/solar-comfort.com\/es\/","name":"Solar Comfort Spain","description":"Distributeur officiel LLumar","potentialAction":[{"@type":"SearchAction","target":{"@type":"EntryPoint","urlTemplate":"https:\/\/solar-comfort.com\/es\/?s={search_term_string}"},"query-input":{"@type":"PropertyValueSpecification","valueRequired":true,"valueName":"search_term_string"}}],"inLanguage":"es"}]}},"_links":{"self":[{"href":"https:\/\/solar-comfort.com\/es\/wp-json\/wp\/v2\/product\/182","targetHints":{"allow":["GET"]}}],"collection":[{"href":"https:\/\/solar-comfort.com\/es\/wp-json\/wp\/v2\/product"}],"about":[{"href":"https:\/\/solar-comfort.com\/es\/wp-json\/wp\/v2\/types\/product"}],"replies":[{"embeddable":true,"href":"https:\/\/solar-comfort.com\/es\/wp-json\/wp\/v2\/comments?post=182"}],"wp:featuredmedia":[{"embeddable":true,"href":"https:\/\/solar-comfort.com\/es\/wp-json\/wp\/v2\/media\/117815"}],"wp:attachment":[{"href":"https:\/\/solar-comfort.com\/es\/wp-json\/wp\/v2\/media?parent=182"}],"wp:term":[{"taxonomy":"product_brand","embeddable":true,"href":"https:\/\/solar-comfort.com\/es\/wp-json\/wp\/v2\/product_brand?post=182"},{"taxonomy":"product_cat","embeddable":true,"href":"https:\/\/solar-comfort.com\/es\/wp-json\/wp\/v2\/product_cat?post=182"},{"taxonomy":"product_tag","embeddable":true,"href":"https:\/\/solar-comfort.com\/es\/wp-json\/wp\/v2\/product_tag?post=182"}],"curies":[{"name":"wp","href":"https:\/\/api.w.org\/{rel}","templated":true}]}}