{"id":119070,"date":"2023-10-19T13:07:59","date_gmt":"2023-10-19T11:07:59","guid":{"rendered":"https:\/\/solar-comfort.com\/es\/?page_id=119070"},"modified":"2023-10-19T13:07:59","modified_gmt":"2023-10-19T11:07:59","slug":"aviso-de-cookies","status":"publish","type":"page","link":"https:\/\/solar-comfort.com\/es\/aviso-de-cookies\/","title":{"rendered":"Aviso de Cookies"},"content":{"rendered":"<p>Esta declaraci\u00f3n de cookies fue actualizada por \u00faltima vez en 27 de enero de 2021 y se aplica a los ciudadanos del Espacio Econ\u00f3mico Europeo.<\/p>\n<ol>\n<li><strong> Introducci\u00f3n<\/strong><\/li>\n<\/ol>\n<p>Nuestro sitio web, WWW.SOLARCOMFORT.ES (en adelante: \u201cel sitio web\u201d) utiliza cookies y otras tecnolog\u00edas relacionadas (para mayor comodidad, todas las tecnolog\u00edas se denominan \u201ccookies\u201d). Las cookies tambi\u00e9n son colocadas por terceros que hemos contratado. En el siguiente documento le informamos sobre el uso de cookies en nuestro sitio web.<\/p>\n<ol start=\"2\">\n<li><strong> \u00bfQu\u00e9 son las cookies?<\/strong><\/li>\n<\/ol>\n<p>Una cookie es un peque\u00f1o archivo simple que se env\u00eda junto con las p\u00e1ginas de este sitio web y que su navegador almacena en el disco duro de su ordenador o de otro dispositivo. La informaci\u00f3n almacenada puede ser devuelta a nuestros servidores o a los servidores de los terceros relevantes durante una visita posterior.<\/p>\n<ol start=\"3\">\n<li><strong> \u00bfQu\u00e9 son los scripts?<\/strong><\/li>\n<\/ol>\n<p>Un script es un fragmento de c\u00f3digo de programa que se utiliza para hacer que nuestro sitio web funcione correctamente y de forma interactiva. Este c\u00f3digo se ejecuta en nuestro servidor o en su dispositivo.<\/p>\n<ol start=\"4\">\n<li><strong> \u00bfQu\u00e9 es una baliza web?<\/strong><\/li>\n<\/ol>\n<p>Una baliza web (o una etiqueta de p\u00edxel) es una peque\u00f1a e invisible pieza de texto o imagen en un sitio web que se utiliza para monitorear el tr\u00e1fico en un sitio web. Para ello, se almacenan varios datos sobre usted mediante web beacons.<\/p>\n<ol start=\"5\">\n<li><strong> Consentimiento<\/strong><\/li>\n<\/ol>\n<p>Cuando visite nuestro sitio web por primera vez, le mostraremos una ventana emergente con una explicaci\u00f3n sobre las cookies. Tan pronto como haga clic en \u201cGuardar preferencias\u201d, nos autoriza a utilizar las categor\u00edas de cookies y plug-ins que seleccion\u00f3 en la ventana emergente, tal y como se describe en esta declaraci\u00f3n de cookies. Usted puede desactivar el uso de cookies a trav\u00e9s de su navegador, pero tenga en cuenta que es posible que nuestro sitio web ya no funcione correctamente.<\/p>\n<p><em>5.1 Administraci\u00f3n de configuraci\u00f3n de consentimiento<\/em><\/p>\n<p>El usuario tiene el derecho de mostrar su conformidad a trav\u00e9s de la prestaci\u00f3n del consentimiento que solicitaremos al visitar nuestra web.<\/p>\n<p>Dicho consentimiento podr\u00e1 ser modificado en todo momento.<\/p>\n<ol start=\"6\">\n<li><strong> Cookies<\/strong><\/li>\n<\/ol>\n<p><em>6.1 Cookies t\u00e9cnicas o funcionales<\/em><\/p>\n<p>Algunas cookies aseguran que ciertas partes del sitio web funcionen correctamente y que sus preferencias de usuario sigan siendo conocidas. Al colocar cookies funcionales, le facilitamos la visita a nuestro sitio web. De esta manera, usted no necesita introducir repetidamente la misma informaci\u00f3n cuando visita nuestro sitio web y, por ejemplo, los art\u00edculos permanecen en su cesta de la compra hasta que usted haya pagado. Podemos colocar estas cookies sin su consentimiento.<\/p>\n<p><em>6.2 Cookies anal\u00edticas<\/em><\/p>\n<p>Son aqu\u00e9llas que bien tratadas por nosotros o por terceros, nos permiten cuantificar el n\u00famero de usuarios y as\u00ed realizar la medici\u00f3n y an\u00e1lisis estad\u00edstico de la utilizaci\u00f3n que hacen los usuarios del servicio ofertado. Para ello se analiza su navegaci\u00f3n en nuestra p\u00e1gina web con el fin de mejorar la oferta de productos o servicios que le ofrecemos.<\/p>\n<p><em>6.3 Cookies de publicidad<\/em><\/p>\n<p>Son aqu\u00e9llas que, bien tratadas por nosotros o por terceros, nos permiten gestionar de la forma m\u00e1s eficaz posible la oferta de los espacios publicitarios que hay en la p\u00e1gina web, adecuando el contenido del anuncio al contenido del servicio solicitado o al uso que realice de nuestra p\u00e1gina web. Para ello podemos analizar sus h\u00e1bitos de navegaci\u00f3n en Internet y podemos mostrarle publicidad relacionada con su perfil de navegaci\u00f3n.<\/p>\n<p><em>6.4 Botones de medios sociales<\/em><\/p>\n<p>En nuestro sitio web hemos incluidos botones para publicitar paginas (p.e. \u201clike, \u201cpin\u201d) o compartirlas (p.e. \u201ctweet\u201d) en redes sociales como. Estos botones funcionan usando c\u00f3digo de ellos mismos. Este c\u00f3digo incrusta cookies. Estos botones de redes sociales pueden almacenar y procesar cierta informaci\u00f3n, as\u00ed que se te puede ser mostrado un anuncio personalizado.<\/p>\n<p>Por favor lee la pol\u00edtica de privacidad de estas redes sociales (que puede cambiar frecuentemente) para saber que hacen con tus datos (personales) que procesan usando estas cookies. Los datos que reciben son anonimizados el m\u00e1ximo posible est\u00e1n ubicados en los Estados Unidos<\/p>\n<ol start=\"7\">\n<li><strong> Cookies usadas<\/strong><\/li>\n<\/ol>\n<p>A continuaci\u00f3n, le indicamos las cookies utilizadas en este sitio.<\/p>\n<table>\n<tbody>\n<tr>\n<td><strong>Nombre<\/strong><\/td>\n<td><strong>Titular<\/strong><\/td>\n<td><strong>Datos recabados<\/strong><\/td>\n<td><strong>Finalidad<\/strong><\/td>\n<td><strong>Duraci\u00f3n<\/strong><\/td>\n<\/tr>\n<tr>\n<td>_gat<\/td>\n<td>Cookie propia<\/td>\n<td>Sesiones de los visitantes.<\/td>\n<td>Anal\u00edtica<\/td>\n<td>2 a\u00f1os<\/td>\n<\/tr>\n<tr>\n<td>_ga<\/td>\n<td>Cookie propia<\/td>\n<td>Sesiones de los visitantes.<\/td>\n<td>Anal\u00edtica<\/td>\n<td>2 a\u00f1os<\/td>\n<\/tr>\n<tr>\n<td>_gid<\/td>\n<td>Cookie propia<\/td>\n<td>Sesiones de los visitantes.<\/td>\n<td>Anal\u00edtica<\/td>\n<td>1 d\u00eda<\/td>\n<\/tr>\n<tr>\n<td>__atuvc<\/td>\n<td>addthis.com<\/td>\n<td>Cookie t\u00e9cnica para compartir contenidos a trav\u00e9s de redes sociales.<\/td>\n<td>Terceros<\/td>\n<td>1 a\u00f1o<\/td>\n<\/tr>\n<tr>\n<td>SHR_E_ENC<\/td>\n<td>Google Analytics<\/td>\n<td>Estad\u00edstica<\/td>\n<td>Terceros<\/td>\n<td>10 a\u00f1os<\/td>\n<\/tr>\n<tr>\n<td>__atssc<\/td>\n<td>addthis.com<\/td>\n<td>Actualizan el contador y permiten compartir en Twitter<\/td>\n<td>Terceros<\/td>\n<td>Cierre de sesi\u00f3n<\/td>\n<\/tr>\n<tr>\n<td>_fbp<\/td>\n<td>Facebook<\/td>\n<td>Utilizado por Facebook para ofrecer una serie de productos publicitarios, como ofertas en tiempo real de terceros anunciantes.<\/td>\n<td>Terceros<\/td>\n<td>1 d\u00eda<\/td>\n<\/tr>\n<\/tbody>\n<\/table>\n<ol start=\"8\">\n<li><strong> Sus derechos con respecto a los datos personales<\/strong><\/li>\n<\/ol>\n<p>Usted tiene los siguientes derechos con respecto a sus datos personales:<\/p>\n<ul>\n<li>Usted tiene derecho a saber por qu\u00e9 se necesitan sus datos personales, qu\u00e9 suceder\u00e1 con ellos y durante cu\u00e1nto tiempo se conservar\u00e1n.<\/li>\n<li>Derecho de acceso: Usted tiene derecho a acceder a sus datos personales que conocemos.<\/li>\n<li>Derecho de rectificaci\u00f3n: tiene derecho a completar, rectificar, borrar o bloquear sus datos personales cuando lo desee.<\/li>\n<li>Si usted nos da su consentimiento para procesar sus datos, tiene derecho a revocar dicho consentimiento y a que se eliminen sus datos personales.<\/li>\n<li>Derecho de cesi\u00f3n de sus datos: tiene derecho a solicitar todos sus datos personales al responsable del tratamiento y a transferirlos \u00edntegramente a otro responsable del tratamiento.<\/li>\n<li>Derecho de oposici\u00f3n: usted puede oponerse al tratamiento de sus datos. Nosotros cumplimos con esto, a menos que existan motivos justificados para el procesamiento.<\/li>\n<\/ul>\n<p>Para ejercer estos derechos, p\u00f3ngase en contacto con nosotros. Por favor refi\u00e9rase a los detalles de contacto en la parte inferior de esta declaraci\u00f3n de cookies. Si tiene alguna queja sobre c\u00f3mo manejamos sus datos, nos gustar\u00eda saber de usted, pero tambi\u00e9n tiene derecho a presentar una queja a la autoridad supervisora (la Autoridad de Protecci\u00f3n de Datos).<\/p>\n<ol start=\"9\">\n<li><strong> Habilitaci\u00f3n\/deshabilitaci\u00f3n y eliminaci\u00f3n de cookies<\/strong><\/li>\n<\/ol>\n<p>Puede utilizar su navegador de Internet para eliminar las cookies de forma autom\u00e1tica o manual. Usted tambi\u00e9n puede especificar que ciertas cookies no pueden ser colocadas. Otra opci\u00f3n es cambiar la configuraci\u00f3n de su navegador de Internet para que reciba un mensaje cada vez que se coloca una cookie. Para obtener m\u00e1s informaci\u00f3n sobre estas opciones, consulte las instrucciones de la secci\u00f3n Ayuda de su navegador.<\/p>\n<p>Tenga en cuenta que nuestro sitio web puede no funcionar correctamente si todas las cookies est\u00e1n deshabilitadas. Si borra las cookies de su navegador, se volver\u00e1n a colocar despu\u00e9s de su consentimiento cuando vuelva a visitar nuestros sitios web.<\/p>\n<ol start=\"10\">\n<li><strong> Detalles de contacto<\/strong><\/li>\n<\/ol>\n<p>Para preguntas y\/o comentarios sobre nuestra pol\u00edtica de cookies y esta declaraci\u00f3n, p\u00f3ngase en contacto con nosotros utilizando los siguientes datos de contacto:<\/p>\n<p>Denominaci\u00f3n:\u00a0<strong>SOLAR COMFORTS.L.<\/strong><\/p>\n<p>Direcci\u00f3n:\u00a0<strong>PZA. DE LA CRUZ, 2. 28660, BOADILLA DEL MONTE, MADRID<\/strong><\/p>\n<p>Website:\u00a0<strong>WWW.SOLARCOMFORT.ES<\/strong><\/p>\n<p>Email:\u00a0<a href=\"mailto:comercial@solarcomfort.es\"><strong>comercial@solarcomfort.es<\/strong><\/a><\/p>\n<p>N\u00famero de tel\u00e9fono:\u00a0<strong>916322915<\/strong><\/p>\n","protected":false},"excerpt":{"rendered":"<p>Esta declaraci\u00f3n de cookies fue actualizada por \u00faltima vez en 27 de enero de 2021 y se aplica a los [&hellip;]<\/p>\n","protected":false},"author":11,"featured_media":0,"parent":0,"menu_order":9,"comment_status":"closed","ping_status":"closed","template":"","meta":{"_acf_changed":false,"_trash_the_other_posts":false,"editor_notices":[],"footnotes":""},"class_list":["post-119070","page","type-page","status-publish","hentry"],"acf":[],"yoast_head":"<!-- This site is optimized with the Yoast SEO plugin v27.3 - https:\/\/yoast.com\/product\/yoast-seo-wordpress\/ -->\n<title>Aviso de Cookies - Solar Comfort Spain<\/title>\n<meta name=\"robots\" content=\"noindex, follow, max-snippet:-1, max-image-preview:large, max-video-preview:-1\" \/>\n<meta property=\"og:locale\" content=\"es_ES\" \/>\n<meta property=\"og:type\" content=\"article\" \/>\n<meta property=\"og:title\" content=\"Aviso de Cookies - Solar Comfort Spain\" \/>\n<meta property=\"og:description\" content=\"Esta declaraci\u00f3n de cookies fue actualizada por \u00faltima vez en 27 de enero de 2021 y se aplica a los [&hellip;]\" \/>\n<meta property=\"og:url\" content=\"https:\/\/solar-comfort.com\/es\/aviso-de-cookies\/\" \/>\n<meta property=\"og:site_name\" content=\"Solar Comfort Spain\" \/>\n<meta name=\"twitter:card\" content=\"summary_large_image\" \/>\n<meta name=\"twitter:label1\" content=\"Tiempo de lectura\" \/>\n\t<meta name=\"twitter:data1\" content=\"6 minutos\" \/>\n<script type=\"application\/ld+json\" class=\"yoast-schema-graph\">{\"@context\":\"https:\\\/\\\/schema.org\",\"@graph\":[{\"@type\":\"WebPage\",\"@id\":\"https:\\\/\\\/solar-comfort.com\\\/es\\\/aviso-de-cookies\\\/\",\"url\":\"https:\\\/\\\/solar-comfort.com\\\/es\\\/aviso-de-cookies\\\/\",\"name\":\"Aviso de Cookies - Solar Comfort Spain\",\"isPartOf\":{\"@id\":\"https:\\\/\\\/solar-comfort.com\\\/es\\\/#website\"},\"datePublished\":\"2023-10-19T11:07:59+00:00\",\"breadcrumb\":{\"@id\":\"https:\\\/\\\/solar-comfort.com\\\/es\\\/aviso-de-cookies\\\/#breadcrumb\"},\"inLanguage\":\"es\",\"potentialAction\":[{\"@type\":\"ReadAction\",\"target\":[\"https:\\\/\\\/solar-comfort.com\\\/es\\\/aviso-de-cookies\\\/\"]}]},{\"@type\":\"BreadcrumbList\",\"@id\":\"https:\\\/\\\/solar-comfort.com\\\/es\\\/aviso-de-cookies\\\/#breadcrumb\",\"itemListElement\":[{\"@type\":\"ListItem\",\"position\":1,\"name\":\"Home\",\"item\":\"https:\\\/\\\/solar-comfort.com\\\/es\\\/\"},{\"@type\":\"ListItem\",\"position\":2,\"name\":\"Aviso de Cookies\"}]},{\"@type\":\"WebSite\",\"@id\":\"https:\\\/\\\/solar-comfort.com\\\/es\\\/#website\",\"url\":\"https:\\\/\\\/solar-comfort.com\\\/es\\\/\",\"name\":\"Solar Comfort Spain\",\"description\":\"Distributeur officiel LLumar\",\"potentialAction\":[{\"@type\":\"SearchAction\",\"target\":{\"@type\":\"EntryPoint\",\"urlTemplate\":\"https:\\\/\\\/solar-comfort.com\\\/es\\\/?s={search_term_string}\"},\"query-input\":{\"@type\":\"PropertyValueSpecification\",\"valueRequired\":true,\"valueName\":\"search_term_string\"}}],\"inLanguage\":\"es\"}]}<\/script>\n<!-- \/ Yoast SEO plugin. -->","yoast_head_json":{"title":"Aviso de Cookies - Solar Comfort Spain","robots":{"index":"noindex","follow":"follow","max-snippet":"max-snippet:-1","max-image-preview":"max-image-preview:large","max-video-preview":"max-video-preview:-1"},"og_locale":"es_ES","og_type":"article","og_title":"Aviso de Cookies - Solar Comfort Spain","og_description":"Esta declaraci\u00f3n de cookies fue actualizada por \u00faltima vez en 27 de enero de 2021 y se aplica a los [&hellip;]","og_url":"https:\/\/solar-comfort.com\/es\/aviso-de-cookies\/","og_site_name":"Solar Comfort Spain","twitter_card":"summary_large_image","twitter_misc":{"Tiempo de lectura":"6 minutos"},"schema":{"@context":"https:\/\/schema.org","@graph":[{"@type":"WebPage","@id":"https:\/\/solar-comfort.com\/es\/aviso-de-cookies\/","url":"https:\/\/solar-comfort.com\/es\/aviso-de-cookies\/","name":"Aviso de Cookies - Solar Comfort Spain","isPartOf":{"@id":"https:\/\/solar-comfort.com\/es\/#website"},"datePublished":"2023-10-19T11:07:59+00:00","breadcrumb":{"@id":"https:\/\/solar-comfort.com\/es\/aviso-de-cookies\/#breadcrumb"},"inLanguage":"es","potentialAction":[{"@type":"ReadAction","target":["https:\/\/solar-comfort.com\/es\/aviso-de-cookies\/"]}]},{"@type":"BreadcrumbList","@id":"https:\/\/solar-comfort.com\/es\/aviso-de-cookies\/#breadcrumb","itemListElement":[{"@type":"ListItem","position":1,"name":"Home","item":"https:\/\/solar-comfort.com\/es\/"},{"@type":"ListItem","position":2,"name":"Aviso de Cookies"}]},{"@type":"WebSite","@id":"https:\/\/solar-comfort.com\/es\/#website","url":"https:\/\/solar-comfort.com\/es\/","name":"Solar Comfort Spain","description":"Distributeur officiel LLumar","potentialAction":[{"@type":"SearchAction","target":{"@type":"EntryPoint","urlTemplate":"https:\/\/solar-comfort.com\/es\/?s={search_term_string}"},"query-input":{"@type":"PropertyValueSpecification","valueRequired":true,"valueName":"search_term_string"}}],"inLanguage":"es"}]}},"_links":{"self":[{"href":"https:\/\/solar-comfort.com\/es\/wp-json\/wp\/v2\/pages\/119070","targetHints":{"allow":["GET"]}}],"collection":[{"href":"https:\/\/solar-comfort.com\/es\/wp-json\/wp\/v2\/pages"}],"about":[{"href":"https:\/\/solar-comfort.com\/es\/wp-json\/wp\/v2\/types\/page"}],"author":[{"embeddable":true,"href":"https:\/\/solar-comfort.com\/es\/wp-json\/wp\/v2\/users\/11"}],"replies":[{"embeddable":true,"href":"https:\/\/solar-comfort.com\/es\/wp-json\/wp\/v2\/comments?post=119070"}],"version-history":[{"count":1,"href":"https:\/\/solar-comfort.com\/es\/wp-json\/wp\/v2\/pages\/119070\/revisions"}],"predecessor-version":[{"id":119071,"href":"https:\/\/solar-comfort.com\/es\/wp-json\/wp\/v2\/pages\/119070\/revisions\/119071"}],"wp:attachment":[{"href":"https:\/\/solar-comfort.com\/es\/wp-json\/wp\/v2\/media?parent=119070"}],"curies":[{"name":"wp","href":"https:\/\/api.w.org\/{rel}","templated":true}]}}