{"id":77,"date":"2023-04-24T13:00:00","date_gmt":"2023-04-24T11:00:00","guid":{"rendered":"https:\/\/shop.solar-comfort.fr\/product\/rhe-20-si-er-hpr\/"},"modified":"2025-10-24T11:40:49","modified_gmt":"2025-10-24T09:40:49","slug":"rhe-20-si-er-hpr-film-reflechissant","status":"publish","type":"product","link":"https:\/\/solar-comfort.com\/ch\/product\/rhe-20-si-er-hpr-film-reflechissant\/","title":{"rendered":"RHE 20 SI ER HPR"},"content":{"rendered":"<div class=\"wpb-content-wrapper\"><p>[vc_row row_height_percent=\u00a0\u00bb0&Prime; overlay_alpha=\u00a0\u00bb50&Prime; gutter_size=\u00a0\u00bb3&Prime; column_width_percent=\u00a0\u00bb100&Prime; shift_y=\u00a0\u00bb0&Prime; z_index=\u00a0\u00bb0&Prime; uncode_shortcode_id=\u00a0\u00bb747493&Prime;][vc_column column_width_percent=\u00a0\u00bb100&Prime; gutter_size=\u00a0\u00bb3&Prime; overlay_alpha=\u00a0\u00bb50&Prime; shift_x=\u00a0\u00bb0&Prime; shift_y=\u00a0\u00bb0&Prime; shift_y_down=\u00a0\u00bb0&Prime; z_index=\u00a0\u00bb0&Prime; medium_width=\u00a0\u00bb0&Prime; mobile_width=\u00a0\u00bb0&Prime; width=\u00a0\u00bb1\/1&Prime; uncode_shortcode_id=\u00a0\u00bb180472&Prime;][uncode_list icon=\u00a0\u00bbfa fa-circle-check\u00a0\u00bb icon_color=\u00a0\u00bbaccent\u00a0\u00bb uncode_shortcode_id=\u00a0\u00bb119939&Prime; icon_color_type=\u00a0\u00bbuncode-palette\u00a0\u00bb el_class=\u00a0\u00bbavantage_list\u00a0\u00bb]<\/p>\n<ul>\n<li>Film r\u00e9fl\u00e9chissant, contr\u00f4le solaire et intimit\u00e9, pour l&rsquo;ext\u00e9rieur.<\/li>\n<li>Excellente r\u00e9duction de la chaleur et de l&rsquo;\u00e9blouissement.<\/li>\n<li>Retour sur investissement rapide.<\/li>\n<li>Offre notre plus haut niveau d&rsquo;intimit\u00e9 diurne.<\/li>\n<li>La technologie Helios int\u00e8gre des propri\u00e9t\u00e9s hydrophobes (r\u00e9sistance \u00e0 l&rsquo;eau), ol\u00e9ophobes (r\u00e9sistance \u00e0 l&rsquo;huile) et anti-UV, offrant une excellente r\u00e9sistance aux intemp\u00e9ries et une grande durabilit\u00e9.<\/li>\n<li>Une technologie brevet\u00e9e garantissant long\u00e9vit\u00e9 et facilit\u00e9 de nettoyage.<\/li>\n<li>Rejette 85% de l\u2019\u00e9nergie solaire, ce qui permet de r\u00e9duire l\u2019accumulation de chaleur et les co\u00fbts \u00e9nerg\u00e9tiques, tout en am\u00e9liorant le confort des occupants.<\/li>\n<li>Protection anti-UV &gt;99%<\/li>\n<li>R\u00e9duit l\u2019\u00e9blouissement, facteur de fatigue oculaire et d\u2019inconfort.<\/li>\n<li>Installation ext\u00e9rieure.<\/li>\n<\/ul>\n<p>[\/uncode_list][\/vc_column][\/vc_row]<\/p>\n<\/div>","protected":false},"excerpt":{"rendered":"<p>Film r\u00e9fl\u00e9chissant, contr\u00f4le solaire et intimit\u00e9, pour l&rsquo;ext\u00e9rieur.<\/p>\n","protected":false},"featured_media":117825,"comment_status":"closed","ping_status":"closed","template":"","meta":{"_acf_changed":false,"_trash_the_other_posts":false,"editor_notices":[]},"product_brand":[],"product_cat":[18,44],"product_tag":[],"class_list":{"0":"post-77","1":"product","2":"type-product","3":"status-publish","4":"has-post-thumbnail","6":"product_cat-films-solaires","7":"product_cat-films-de-protection-exterieur","8":"pa_dimension-m-1-22x30-48","9":"pa_dimension-m-1-52x30-48","10":"pa_dimension-m-1-83x30-48","12":"first","13":"instock","14":"taxable","15":"shipping-taxable","16":"product-type-variable"},"acf":[],"yoast_head":"<!-- This site is optimized with the Yoast SEO plugin v27.3 - https:\/\/yoast.com\/product\/yoast-seo-wordpress\/ -->\n<title>RHE 20 SI ER HPR : Contr\u00f4le Solaire et Intimit\u00e9<\/title>\n<meta name=\"description\" content=\"D\u00e9couvrez le film r\u00e9fl\u00e9chissant RHE 20 SI ER HPR, offrant un contr\u00f4le solaire efficace et une intimit\u00e9 renforc\u00e9e pour l&#039;ext\u00e9rieur.\" \/>\n<meta name=\"robots\" content=\"index, follow, max-snippet:-1, max-image-preview:large, max-video-preview:-1\" \/>\n<link rel=\"canonical\" href=\"https:\/\/solar-comfort.com\/ch\/product\/rhe-20-si-er-hpr-film-reflechissant\/\" \/>\n<meta property=\"og:locale\" content=\"fr_FR\" \/>\n<meta property=\"og:type\" content=\"article\" \/>\n<meta property=\"og:title\" content=\"RHE 20 SI ER HPR : Contr\u00f4le Solaire et Intimit\u00e9\" \/>\n<meta property=\"og:description\" content=\"D\u00e9couvrez le film r\u00e9fl\u00e9chissant RHE 20 SI ER HPR, offrant un contr\u00f4le solaire efficace et une intimit\u00e9 renforc\u00e9e pour l&#039;ext\u00e9rieur.\" \/>\n<meta property=\"og:url\" content=\"https:\/\/solar-comfort.com\/ch\/product\/rhe-20-si-er-hpr-film-reflechissant\/\" \/>\n<meta property=\"og:site_name\" content=\"Solar Comfort Suisse\" \/>\n<meta property=\"article:publisher\" content=\"https:\/\/www.facebook.com\/profile.php?id=61557459192804\" \/>\n<meta property=\"article:modified_time\" content=\"2025-10-24T09:40:49+00:00\" \/>\n<meta property=\"og:image\" content=\"https:\/\/solar-comfort.com\/ch\/wp-content\/uploads\/sites\/4\/2023\/04\/solaire-RHE.webp\" \/>\n\t<meta property=\"og:image:width\" content=\"945\" \/>\n\t<meta property=\"og:image:height\" content=\"1181\" \/>\n\t<meta property=\"og:image:type\" content=\"image\/webp\" \/>\n<meta name=\"twitter:card\" content=\"summary_large_image\" \/>\n<meta name=\"twitter:site\" content=\"@Solar_comfort\" \/>\n<meta name=\"twitter:label1\" content=\"Dur\u00e9e de lecture estim\u00e9e\" \/>\n\t<meta name=\"twitter:data1\" content=\"1 minute\" \/>\n<script type=\"application\/ld+json\" class=\"yoast-schema-graph\">{\"@context\":\"https:\\\/\\\/schema.org\",\"@graph\":[{\"@type\":\"WebPage\",\"@id\":\"https:\\\/\\\/solar-comfort.com\\\/ch\\\/product\\\/rhe-20-si-er-hpr-film-reflechissant\\\/\",\"url\":\"https:\\\/\\\/solar-comfort.com\\\/ch\\\/product\\\/rhe-20-si-er-hpr-film-reflechissant\\\/\",\"name\":\"RHE 20 SI ER HPR : Contr\u00f4le Solaire et Intimit\u00e9\",\"isPartOf\":{\"@id\":\"https:\\\/\\\/solar-comfort.com\\\/ch\\\/#website\"},\"primaryImageOfPage\":{\"@id\":\"https:\\\/\\\/solar-comfort.com\\\/ch\\\/product\\\/rhe-20-si-er-hpr-film-reflechissant\\\/#primaryimage\"},\"image\":{\"@id\":\"https:\\\/\\\/solar-comfort.com\\\/ch\\\/product\\\/rhe-20-si-er-hpr-film-reflechissant\\\/#primaryimage\"},\"thumbnailUrl\":\"https:\\\/\\\/solar-comfort.com\\\/ch\\\/wp-content\\\/uploads\\\/sites\\\/4\\\/2023\\\/04\\\/solaire-RHE.webp\",\"datePublished\":\"2023-04-24T11:00:00+00:00\",\"dateModified\":\"2025-10-24T09:40:49+00:00\",\"description\":\"D\u00e9couvrez le film r\u00e9fl\u00e9chissant RHE 20 SI ER HPR, offrant un contr\u00f4le solaire efficace et une intimit\u00e9 renforc\u00e9e pour l'ext\u00e9rieur.\",\"breadcrumb\":{\"@id\":\"https:\\\/\\\/solar-comfort.com\\\/ch\\\/product\\\/rhe-20-si-er-hpr-film-reflechissant\\\/#breadcrumb\"},\"inLanguage\":\"fr-FR\",\"potentialAction\":[{\"@type\":\"ReadAction\",\"target\":[\"https:\\\/\\\/solar-comfort.com\\\/ch\\\/product\\\/rhe-20-si-er-hpr-film-reflechissant\\\/\"]}]},{\"@type\":\"ImageObject\",\"inLanguage\":\"fr-FR\",\"@id\":\"https:\\\/\\\/solar-comfort.com\\\/ch\\\/product\\\/rhe-20-si-er-hpr-film-reflechissant\\\/#primaryimage\",\"url\":\"https:\\\/\\\/solar-comfort.com\\\/ch\\\/wp-content\\\/uploads\\\/sites\\\/4\\\/2023\\\/04\\\/solaire-RHE.webp\",\"contentUrl\":\"https:\\\/\\\/solar-comfort.com\\\/ch\\\/wp-content\\\/uploads\\\/sites\\\/4\\\/2023\\\/04\\\/solaire-RHE.webp\",\"width\":945,\"height\":1181,\"caption\":\"Un b\u00e2timent commercial avec une fa\u00e7ade enti\u00e8rement vitr\u00e9e, offrant une esth\u00e9tique moderne et lumineuse.\"},{\"@type\":\"BreadcrumbList\",\"@id\":\"https:\\\/\\\/solar-comfort.com\\\/ch\\\/product\\\/rhe-20-si-er-hpr-film-reflechissant\\\/#breadcrumb\",\"itemListElement\":[{\"@type\":\"ListItem\",\"position\":1,\"name\":\"Home\",\"item\":\"https:\\\/\\\/solar-comfort.com\\\/ch\\\/\"},{\"@type\":\"ListItem\",\"position\":2,\"name\":\"Shop\",\"item\":\"https:\\\/\\\/solar-comfort.com\\\/ch\\\/boutique\\\/\"},{\"@type\":\"ListItem\",\"position\":3,\"name\":\"RHE 20 SI ER HPR\"}]},{\"@type\":\"WebSite\",\"@id\":\"https:\\\/\\\/solar-comfort.com\\\/ch\\\/#website\",\"url\":\"https:\\\/\\\/solar-comfort.com\\\/ch\\\/\",\"name\":\"Solar Comfort Suisse\",\"description\":\"Distributeur officiel LLumar\",\"publisher\":{\"@id\":\"https:\\\/\\\/solar-comfort.com\\\/ch\\\/#organization\"},\"potentialAction\":[{\"@type\":\"SearchAction\",\"target\":{\"@type\":\"EntryPoint\",\"urlTemplate\":\"https:\\\/\\\/solar-comfort.com\\\/ch\\\/?s={search_term_string}\"},\"query-input\":{\"@type\":\"PropertyValueSpecification\",\"valueRequired\":true,\"valueName\":\"search_term_string\"}}],\"inLanguage\":\"fr-FR\"},{\"@type\":\"Organization\",\"@id\":\"https:\\\/\\\/solar-comfort.com\\\/ch\\\/#organization\",\"name\":\"Solar Comfort Suisse\",\"url\":\"https:\\\/\\\/solar-comfort.com\\\/ch\\\/\",\"logo\":{\"@type\":\"ImageObject\",\"inLanguage\":\"fr-FR\",\"@id\":\"https:\\\/\\\/solar-comfort.com\\\/ch\\\/#\\\/schema\\\/logo\\\/image\\\/\",\"url\":\"https:\\\/\\\/solar-comfort.com\\\/ch\\\/wp-content\\\/uploads\\\/sites\\\/4\\\/2023\\\/05\\\/Solar-Comfort-Logo-flat.svg\",\"contentUrl\":\"https:\\\/\\\/solar-comfort.com\\\/ch\\\/wp-content\\\/uploads\\\/sites\\\/4\\\/2023\\\/05\\\/Solar-Comfort-Logo-flat.svg\",\"width\":1,\"height\":1,\"caption\":\"Solar Comfort Suisse\"},\"image\":{\"@id\":\"https:\\\/\\\/solar-comfort.com\\\/ch\\\/#\\\/schema\\\/logo\\\/image\\\/\"},\"sameAs\":[\"https:\\\/\\\/www.facebook.com\\\/profile.php?id=61557459192804\",\"https:\\\/\\\/x.com\\\/Solar_comfort\"]}]}<\/script>\n<!-- \/ Yoast SEO plugin. -->","yoast_head_json":{"title":"RHE 20 SI ER HPR : Contr\u00f4le Solaire et Intimit\u00e9","description":"D\u00e9couvrez le film r\u00e9fl\u00e9chissant RHE 20 SI ER HPR, offrant un contr\u00f4le solaire efficace et une intimit\u00e9 renforc\u00e9e pour l'ext\u00e9rieur.","robots":{"index":"index","follow":"follow","max-snippet":"max-snippet:-1","max-image-preview":"max-image-preview:large","max-video-preview":"max-video-preview:-1"},"canonical":"https:\/\/solar-comfort.com\/ch\/product\/rhe-20-si-er-hpr-film-reflechissant\/","og_locale":"fr_FR","og_type":"article","og_title":"RHE 20 SI ER HPR : Contr\u00f4le Solaire et Intimit\u00e9","og_description":"D\u00e9couvrez le film r\u00e9fl\u00e9chissant RHE 20 SI ER HPR, offrant un contr\u00f4le solaire efficace et une intimit\u00e9 renforc\u00e9e pour l'ext\u00e9rieur.","og_url":"https:\/\/solar-comfort.com\/ch\/product\/rhe-20-si-er-hpr-film-reflechissant\/","og_site_name":"Solar Comfort Suisse","article_publisher":"https:\/\/www.facebook.com\/profile.php?id=61557459192804","article_modified_time":"2025-10-24T09:40:49+00:00","og_image":[{"width":945,"height":1181,"url":"https:\/\/solar-comfort.com\/ch\/wp-content\/uploads\/sites\/4\/2023\/04\/solaire-RHE.webp","type":"image\/webp"}],"twitter_card":"summary_large_image","twitter_site":"@Solar_comfort","twitter_misc":{"Dur\u00e9e de lecture estim\u00e9e":"1 minute"},"schema":{"@context":"https:\/\/schema.org","@graph":[{"@type":"WebPage","@id":"https:\/\/solar-comfort.com\/ch\/product\/rhe-20-si-er-hpr-film-reflechissant\/","url":"https:\/\/solar-comfort.com\/ch\/product\/rhe-20-si-er-hpr-film-reflechissant\/","name":"RHE 20 SI ER HPR : Contr\u00f4le Solaire et Intimit\u00e9","isPartOf":{"@id":"https:\/\/solar-comfort.com\/ch\/#website"},"primaryImageOfPage":{"@id":"https:\/\/solar-comfort.com\/ch\/product\/rhe-20-si-er-hpr-film-reflechissant\/#primaryimage"},"image":{"@id":"https:\/\/solar-comfort.com\/ch\/product\/rhe-20-si-er-hpr-film-reflechissant\/#primaryimage"},"thumbnailUrl":"https:\/\/solar-comfort.com\/ch\/wp-content\/uploads\/sites\/4\/2023\/04\/solaire-RHE.webp","datePublished":"2023-04-24T11:00:00+00:00","dateModified":"2025-10-24T09:40:49+00:00","description":"D\u00e9couvrez le film r\u00e9fl\u00e9chissant RHE 20 SI ER HPR, offrant un contr\u00f4le solaire efficace et une intimit\u00e9 renforc\u00e9e pour l'ext\u00e9rieur.","breadcrumb":{"@id":"https:\/\/solar-comfort.com\/ch\/product\/rhe-20-si-er-hpr-film-reflechissant\/#breadcrumb"},"inLanguage":"fr-FR","potentialAction":[{"@type":"ReadAction","target":["https:\/\/solar-comfort.com\/ch\/product\/rhe-20-si-er-hpr-film-reflechissant\/"]}]},{"@type":"ImageObject","inLanguage":"fr-FR","@id":"https:\/\/solar-comfort.com\/ch\/product\/rhe-20-si-er-hpr-film-reflechissant\/#primaryimage","url":"https:\/\/solar-comfort.com\/ch\/wp-content\/uploads\/sites\/4\/2023\/04\/solaire-RHE.webp","contentUrl":"https:\/\/solar-comfort.com\/ch\/wp-content\/uploads\/sites\/4\/2023\/04\/solaire-RHE.webp","width":945,"height":1181,"caption":"Un b\u00e2timent commercial avec une fa\u00e7ade enti\u00e8rement vitr\u00e9e, offrant une esth\u00e9tique moderne et lumineuse."},{"@type":"BreadcrumbList","@id":"https:\/\/solar-comfort.com\/ch\/product\/rhe-20-si-er-hpr-film-reflechissant\/#breadcrumb","itemListElement":[{"@type":"ListItem","position":1,"name":"Home","item":"https:\/\/solar-comfort.com\/ch\/"},{"@type":"ListItem","position":2,"name":"Shop","item":"https:\/\/solar-comfort.com\/ch\/boutique\/"},{"@type":"ListItem","position":3,"name":"RHE 20 SI ER HPR"}]},{"@type":"WebSite","@id":"https:\/\/solar-comfort.com\/ch\/#website","url":"https:\/\/solar-comfort.com\/ch\/","name":"Solar Comfort Suisse","description":"Distributeur officiel LLumar","publisher":{"@id":"https:\/\/solar-comfort.com\/ch\/#organization"},"potentialAction":[{"@type":"SearchAction","target":{"@type":"EntryPoint","urlTemplate":"https:\/\/solar-comfort.com\/ch\/?s={search_term_string}"},"query-input":{"@type":"PropertyValueSpecification","valueRequired":true,"valueName":"search_term_string"}}],"inLanguage":"fr-FR"},{"@type":"Organization","@id":"https:\/\/solar-comfort.com\/ch\/#organization","name":"Solar Comfort Suisse","url":"https:\/\/solar-comfort.com\/ch\/","logo":{"@type":"ImageObject","inLanguage":"fr-FR","@id":"https:\/\/solar-comfort.com\/ch\/#\/schema\/logo\/image\/","url":"https:\/\/solar-comfort.com\/ch\/wp-content\/uploads\/sites\/4\/2023\/05\/Solar-Comfort-Logo-flat.svg","contentUrl":"https:\/\/solar-comfort.com\/ch\/wp-content\/uploads\/sites\/4\/2023\/05\/Solar-Comfort-Logo-flat.svg","width":1,"height":1,"caption":"Solar Comfort Suisse"},"image":{"@id":"https:\/\/solar-comfort.com\/ch\/#\/schema\/logo\/image\/"},"sameAs":["https:\/\/www.facebook.com\/profile.php?id=61557459192804","https:\/\/x.com\/Solar_comfort"]}]}},"_links":{"self":[{"href":"https:\/\/solar-comfort.com\/ch\/wp-json\/wp\/v2\/product\/77","targetHints":{"allow":["GET"]}}],"collection":[{"href":"https:\/\/solar-comfort.com\/ch\/wp-json\/wp\/v2\/product"}],"about":[{"href":"https:\/\/solar-comfort.com\/ch\/wp-json\/wp\/v2\/types\/product"}],"replies":[{"embeddable":true,"href":"https:\/\/solar-comfort.com\/ch\/wp-json\/wp\/v2\/comments?post=77"}],"wp:featuredmedia":[{"embeddable":true,"href":"https:\/\/solar-comfort.com\/ch\/wp-json\/wp\/v2\/media\/117825"}],"wp:attachment":[{"href":"https:\/\/solar-comfort.com\/ch\/wp-json\/wp\/v2\/media?parent=77"}],"wp:term":[{"taxonomy":"product_brand","embeddable":true,"href":"https:\/\/solar-comfort.com\/ch\/wp-json\/wp\/v2\/product_brand?post=77"},{"taxonomy":"product_cat","embeddable":true,"href":"https:\/\/solar-comfort.com\/ch\/wp-json\/wp\/v2\/product_cat?post=77"},{"taxonomy":"product_tag","embeddable":true,"href":"https:\/\/solar-comfort.com\/ch\/wp-json\/wp\/v2\/product_tag?post=77"}],"curies":[{"name":"wp","href":"https:\/\/api.w.org\/{rel}","templated":true}]}}