{"id":216,"date":"2023-04-24T16:25:56","date_gmt":"2023-04-24T14:25:56","guid":{"rendered":"https:\/\/shop.solar-comfort.fr\/product\/atr-05-ch-sr-hpr-charcoal\/"},"modified":"2025-10-24T11:41:17","modified_gmt":"2025-10-24T09:41:17","slug":"vitre-teintee-atr-05-ch-sr-hpr","status":"publish","type":"product","link":"https:\/\/solar-comfort.com\/ch\/product\/vitre-teintee-atr-05-ch-sr-hpr\/","title":{"rendered":"ATR 05 CH SR HPR (Charcoal)"},"content":{"rendered":"<div class=\"wpb-content-wrapper\"><p>[vc_row row_height_percent=\u00a0\u00bb0&Prime; overlay_alpha=\u00a0\u00bb50&Prime; gutter_size=\u00a0\u00bb3&Prime; column_width_percent=\u00a0\u00bb100&Prime; shift_y=\u00a0\u00bb0&Prime; z_index=\u00a0\u00bb0&Prime; uncode_shortcode_id=\u00a0\u00bb747493&Prime;][vc_column column_width_percent=\u00a0\u00bb100&Prime; gutter_size=\u00a0\u00bb3&Prime; overlay_alpha=\u00a0\u00bb50&Prime; shift_x=\u00a0\u00bb0&Prime; shift_y=\u00a0\u00bb0&Prime; shift_y_down=\u00a0\u00bb0&Prime; z_index=\u00a0\u00bb0&Prime; medium_width=\u00a0\u00bb0&Prime; mobile_width=\u00a0\u00bb0&Prime; width=\u00a0\u00bb1\/1&Prime; uncode_shortcode_id=\u00a0\u00bb180472&Prime;][uncode_list icon=\u00a0\u00bbfa fa-circle-check\u00a0\u00bb icon_color=\u00a0\u00bbaccent\u00a0\u00bb uncode_shortcode_id=\u00a0\u00bb730779&Prime; icon_color_type=\u00a0\u00bbuncode-palette\u00a0\u00bb el_class=\u00a0\u00bbavantage_list\u00a0\u00bb]<\/p>\n<ul>\n<li>Tr\u00e8s bon rejet de chaleur<\/li>\n<li>Protection UV sup\u00e9rieure \u00e0 99 %**<\/li>\n<li>Un style am\u00e9lior\u00e9<\/li>\n<li>Intimit\u00e9 pr\u00e9serv\u00e9e pour les passagers et leurs effets personnels<\/li>\n<li>Vari\u00e9t\u00e9 de teintes, du plus clair au plus fonc\u00e9<\/li>\n<li>La couleur anthracite est identique \u00e0 celle du verre intimit\u00e9 de s\u00e9rie<\/li>\n<li>Un rev\u00eatement anti-rayures prot\u00e8ge contre les dommages<\/li>\n<li>Protection renforc\u00e9e contre les \u00e9clats de verre<\/li>\n<\/ul>\n<p>[\/uncode_list][\/vc_column][\/vc_row]<\/p>\n<\/div>","protected":false},"excerpt":{"rendered":"<p>La s\u00e9rie LLumar\u00ae ATR utilise la propri\u00e9t\u00e9 miroir du m\u00e9tal pour r\u00e9fl\u00e9chir les rayons du soleil et am\u00e9liorer le confort int\u00e9rieur. Choisissez la s\u00e9rie ATR pour un look personnalis\u00e9, l\u00e9g\u00e8rement r\u00e9fl\u00e9chissant, qui permet de combattre la chaleur.<\/p>\n","protected":false},"featured_media":117806,"comment_status":"closed","ping_status":"closed","template":"","meta":{"_acf_changed":false,"_trash_the_other_posts":false,"editor_notices":[]},"product_brand":[],"product_cat":[66,72,58],"product_tag":[],"class_list":{"0":"post-216","1":"product","2":"type-product","3":"status-publish","4":"has-post-thumbnail","6":"product_cat-film-automobile","7":"product_cat-vitres-teintees","8":"product_cat-serie-atr","9":"pa_dimension-m-0-51x30-48","10":"pa_dimension-m-0-76x30-48","11":"pa_dimension-m-1-02x30-48","12":"pa_dimension-m-1-52x30-48","14":"first","15":"instock","16":"taxable","17":"shipping-taxable","18":"product-type-variable"},"acf":[],"yoast_head":"<!-- This site is optimized with the Yoast SEO plugin v27.3 - https:\/\/yoast.com\/product\/yoast-seo-wordpress\/ -->\n<title>Vitre Teint\u00e9e ATR 05 CH SR HPR<\/title>\n<meta name=\"description\" content=\"Optez pour la vitre teint\u00e9e ATR 05 CH SR HPR, offrant une opacit\u00e9 maximale et une protection solaire. Id\u00e9ale pour vos v\u00e9hicules.\" \/>\n<meta name=\"robots\" content=\"index, follow, max-snippet:-1, max-image-preview:large, max-video-preview:-1\" \/>\n<link rel=\"canonical\" href=\"https:\/\/solar-comfort.com\/ch\/product\/vitre-teintee-atr-05-ch-sr-hpr\/\" \/>\n<meta property=\"og:locale\" content=\"fr_FR\" \/>\n<meta property=\"og:type\" content=\"article\" \/>\n<meta property=\"og:title\" content=\"Vitre Teint\u00e9e ATR 05 CH SR HPR\" \/>\n<meta property=\"og:description\" content=\"Optez pour la vitre teint\u00e9e ATR 05 CH SR HPR, offrant une opacit\u00e9 maximale et une protection solaire. Id\u00e9ale pour vos v\u00e9hicules.\" \/>\n<meta property=\"og:url\" content=\"https:\/\/solar-comfort.com\/ch\/product\/vitre-teintee-atr-05-ch-sr-hpr\/\" \/>\n<meta property=\"og:site_name\" content=\"Solar Comfort Suisse\" \/>\n<meta property=\"article:publisher\" content=\"https:\/\/www.facebook.com\/profile.php?id=61557459192804\" \/>\n<meta property=\"article:modified_time\" content=\"2025-10-24T09:41:17+00:00\" \/>\n<meta property=\"og:image\" content=\"https:\/\/solar-comfort.com\/ch\/wp-content\/uploads\/sites\/4\/2023\/04\/auto-ATR-1.webp\" \/>\n\t<meta property=\"og:image:width\" content=\"945\" \/>\n\t<meta property=\"og:image:height\" content=\"1181\" \/>\n\t<meta property=\"og:image:type\" content=\"image\/webp\" \/>\n<meta name=\"twitter:card\" content=\"summary_large_image\" \/>\n<meta name=\"twitter:site\" content=\"@Solar_comfort\" \/>\n<meta name=\"twitter:label1\" content=\"Dur\u00e9e de lecture estim\u00e9e\" \/>\n\t<meta name=\"twitter:data1\" content=\"1 minute\" \/>\n<script type=\"application\/ld+json\" class=\"yoast-schema-graph\">{\"@context\":\"https:\\\/\\\/schema.org\",\"@graph\":[{\"@type\":\"WebPage\",\"@id\":\"https:\\\/\\\/solar-comfort.com\\\/ch\\\/product\\\/vitre-teintee-atr-05-ch-sr-hpr\\\/\",\"url\":\"https:\\\/\\\/solar-comfort.com\\\/ch\\\/product\\\/vitre-teintee-atr-05-ch-sr-hpr\\\/\",\"name\":\"Vitre Teint\u00e9e ATR 05 CH SR HPR\",\"isPartOf\":{\"@id\":\"https:\\\/\\\/solar-comfort.com\\\/ch\\\/#website\"},\"primaryImageOfPage\":{\"@id\":\"https:\\\/\\\/solar-comfort.com\\\/ch\\\/product\\\/vitre-teintee-atr-05-ch-sr-hpr\\\/#primaryimage\"},\"image\":{\"@id\":\"https:\\\/\\\/solar-comfort.com\\\/ch\\\/product\\\/vitre-teintee-atr-05-ch-sr-hpr\\\/#primaryimage\"},\"thumbnailUrl\":\"https:\\\/\\\/solar-comfort.com\\\/ch\\\/wp-content\\\/uploads\\\/sites\\\/4\\\/2023\\\/04\\\/auto-ATR-1.webp\",\"datePublished\":\"2023-04-24T14:25:56+00:00\",\"dateModified\":\"2025-10-24T09:41:17+00:00\",\"description\":\"Optez pour la vitre teint\u00e9e ATR 05 CH SR HPR, offrant une opacit\u00e9 maximale et une protection solaire. Id\u00e9ale pour vos v\u00e9hicules.\",\"breadcrumb\":{\"@id\":\"https:\\\/\\\/solar-comfort.com\\\/ch\\\/product\\\/vitre-teintee-atr-05-ch-sr-hpr\\\/#breadcrumb\"},\"inLanguage\":\"fr-FR\",\"potentialAction\":[{\"@type\":\"ReadAction\",\"target\":[\"https:\\\/\\\/solar-comfort.com\\\/ch\\\/product\\\/vitre-teintee-atr-05-ch-sr-hpr\\\/\"]}]},{\"@type\":\"ImageObject\",\"inLanguage\":\"fr-FR\",\"@id\":\"https:\\\/\\\/solar-comfort.com\\\/ch\\\/product\\\/vitre-teintee-atr-05-ch-sr-hpr\\\/#primaryimage\",\"url\":\"https:\\\/\\\/solar-comfort.com\\\/ch\\\/wp-content\\\/uploads\\\/sites\\\/4\\\/2023\\\/04\\\/auto-ATR-1.webp\",\"contentUrl\":\"https:\\\/\\\/solar-comfort.com\\\/ch\\\/wp-content\\\/uploads\\\/sites\\\/4\\\/2023\\\/04\\\/auto-ATR-1.webp\",\"width\":945,\"height\":1181},{\"@type\":\"BreadcrumbList\",\"@id\":\"https:\\\/\\\/solar-comfort.com\\\/ch\\\/product\\\/vitre-teintee-atr-05-ch-sr-hpr\\\/#breadcrumb\",\"itemListElement\":[{\"@type\":\"ListItem\",\"position\":1,\"name\":\"Home\",\"item\":\"https:\\\/\\\/solar-comfort.com\\\/ch\\\/\"},{\"@type\":\"ListItem\",\"position\":2,\"name\":\"Shop\",\"item\":\"https:\\\/\\\/solar-comfort.com\\\/ch\\\/boutique\\\/\"},{\"@type\":\"ListItem\",\"position\":3,\"name\":\"ATR 05 CH SR HPR (Charcoal)\"}]},{\"@type\":\"WebSite\",\"@id\":\"https:\\\/\\\/solar-comfort.com\\\/ch\\\/#website\",\"url\":\"https:\\\/\\\/solar-comfort.com\\\/ch\\\/\",\"name\":\"Solar Comfort Suisse\",\"description\":\"Distributeur officiel LLumar\",\"publisher\":{\"@id\":\"https:\\\/\\\/solar-comfort.com\\\/ch\\\/#organization\"},\"potentialAction\":[{\"@type\":\"SearchAction\",\"target\":{\"@type\":\"EntryPoint\",\"urlTemplate\":\"https:\\\/\\\/solar-comfort.com\\\/ch\\\/?s={search_term_string}\"},\"query-input\":{\"@type\":\"PropertyValueSpecification\",\"valueRequired\":true,\"valueName\":\"search_term_string\"}}],\"inLanguage\":\"fr-FR\"},{\"@type\":\"Organization\",\"@id\":\"https:\\\/\\\/solar-comfort.com\\\/ch\\\/#organization\",\"name\":\"Solar Comfort Suisse\",\"url\":\"https:\\\/\\\/solar-comfort.com\\\/ch\\\/\",\"logo\":{\"@type\":\"ImageObject\",\"inLanguage\":\"fr-FR\",\"@id\":\"https:\\\/\\\/solar-comfort.com\\\/ch\\\/#\\\/schema\\\/logo\\\/image\\\/\",\"url\":\"https:\\\/\\\/solar-comfort.com\\\/ch\\\/wp-content\\\/uploads\\\/sites\\\/4\\\/2023\\\/05\\\/Solar-Comfort-Logo-flat.svg\",\"contentUrl\":\"https:\\\/\\\/solar-comfort.com\\\/ch\\\/wp-content\\\/uploads\\\/sites\\\/4\\\/2023\\\/05\\\/Solar-Comfort-Logo-flat.svg\",\"width\":1,\"height\":1,\"caption\":\"Solar Comfort Suisse\"},\"image\":{\"@id\":\"https:\\\/\\\/solar-comfort.com\\\/ch\\\/#\\\/schema\\\/logo\\\/image\\\/\"},\"sameAs\":[\"https:\\\/\\\/www.facebook.com\\\/profile.php?id=61557459192804\",\"https:\\\/\\\/x.com\\\/Solar_comfort\"]}]}<\/script>\n<!-- \/ Yoast SEO plugin. -->","yoast_head_json":{"title":"Vitre Teint\u00e9e ATR 05 CH SR HPR","description":"Optez pour la vitre teint\u00e9e ATR 05 CH SR HPR, offrant une opacit\u00e9 maximale et une protection solaire. Id\u00e9ale pour vos v\u00e9hicules.","robots":{"index":"index","follow":"follow","max-snippet":"max-snippet:-1","max-image-preview":"max-image-preview:large","max-video-preview":"max-video-preview:-1"},"canonical":"https:\/\/solar-comfort.com\/ch\/product\/vitre-teintee-atr-05-ch-sr-hpr\/","og_locale":"fr_FR","og_type":"article","og_title":"Vitre Teint\u00e9e ATR 05 CH SR HPR","og_description":"Optez pour la vitre teint\u00e9e ATR 05 CH SR HPR, offrant une opacit\u00e9 maximale et une protection solaire. Id\u00e9ale pour vos v\u00e9hicules.","og_url":"https:\/\/solar-comfort.com\/ch\/product\/vitre-teintee-atr-05-ch-sr-hpr\/","og_site_name":"Solar Comfort Suisse","article_publisher":"https:\/\/www.facebook.com\/profile.php?id=61557459192804","article_modified_time":"2025-10-24T09:41:17+00:00","og_image":[{"width":945,"height":1181,"url":"https:\/\/solar-comfort.com\/ch\/wp-content\/uploads\/sites\/4\/2023\/04\/auto-ATR-1.webp","type":"image\/webp"}],"twitter_card":"summary_large_image","twitter_site":"@Solar_comfort","twitter_misc":{"Dur\u00e9e de lecture estim\u00e9e":"1 minute"},"schema":{"@context":"https:\/\/schema.org","@graph":[{"@type":"WebPage","@id":"https:\/\/solar-comfort.com\/ch\/product\/vitre-teintee-atr-05-ch-sr-hpr\/","url":"https:\/\/solar-comfort.com\/ch\/product\/vitre-teintee-atr-05-ch-sr-hpr\/","name":"Vitre Teint\u00e9e ATR 05 CH SR HPR","isPartOf":{"@id":"https:\/\/solar-comfort.com\/ch\/#website"},"primaryImageOfPage":{"@id":"https:\/\/solar-comfort.com\/ch\/product\/vitre-teintee-atr-05-ch-sr-hpr\/#primaryimage"},"image":{"@id":"https:\/\/solar-comfort.com\/ch\/product\/vitre-teintee-atr-05-ch-sr-hpr\/#primaryimage"},"thumbnailUrl":"https:\/\/solar-comfort.com\/ch\/wp-content\/uploads\/sites\/4\/2023\/04\/auto-ATR-1.webp","datePublished":"2023-04-24T14:25:56+00:00","dateModified":"2025-10-24T09:41:17+00:00","description":"Optez pour la vitre teint\u00e9e ATR 05 CH SR HPR, offrant une opacit\u00e9 maximale et une protection solaire. Id\u00e9ale pour vos v\u00e9hicules.","breadcrumb":{"@id":"https:\/\/solar-comfort.com\/ch\/product\/vitre-teintee-atr-05-ch-sr-hpr\/#breadcrumb"},"inLanguage":"fr-FR","potentialAction":[{"@type":"ReadAction","target":["https:\/\/solar-comfort.com\/ch\/product\/vitre-teintee-atr-05-ch-sr-hpr\/"]}]},{"@type":"ImageObject","inLanguage":"fr-FR","@id":"https:\/\/solar-comfort.com\/ch\/product\/vitre-teintee-atr-05-ch-sr-hpr\/#primaryimage","url":"https:\/\/solar-comfort.com\/ch\/wp-content\/uploads\/sites\/4\/2023\/04\/auto-ATR-1.webp","contentUrl":"https:\/\/solar-comfort.com\/ch\/wp-content\/uploads\/sites\/4\/2023\/04\/auto-ATR-1.webp","width":945,"height":1181},{"@type":"BreadcrumbList","@id":"https:\/\/solar-comfort.com\/ch\/product\/vitre-teintee-atr-05-ch-sr-hpr\/#breadcrumb","itemListElement":[{"@type":"ListItem","position":1,"name":"Home","item":"https:\/\/solar-comfort.com\/ch\/"},{"@type":"ListItem","position":2,"name":"Shop","item":"https:\/\/solar-comfort.com\/ch\/boutique\/"},{"@type":"ListItem","position":3,"name":"ATR 05 CH SR HPR (Charcoal)"}]},{"@type":"WebSite","@id":"https:\/\/solar-comfort.com\/ch\/#website","url":"https:\/\/solar-comfort.com\/ch\/","name":"Solar Comfort Suisse","description":"Distributeur officiel LLumar","publisher":{"@id":"https:\/\/solar-comfort.com\/ch\/#organization"},"potentialAction":[{"@type":"SearchAction","target":{"@type":"EntryPoint","urlTemplate":"https:\/\/solar-comfort.com\/ch\/?s={search_term_string}"},"query-input":{"@type":"PropertyValueSpecification","valueRequired":true,"valueName":"search_term_string"}}],"inLanguage":"fr-FR"},{"@type":"Organization","@id":"https:\/\/solar-comfort.com\/ch\/#organization","name":"Solar Comfort Suisse","url":"https:\/\/solar-comfort.com\/ch\/","logo":{"@type":"ImageObject","inLanguage":"fr-FR","@id":"https:\/\/solar-comfort.com\/ch\/#\/schema\/logo\/image\/","url":"https:\/\/solar-comfort.com\/ch\/wp-content\/uploads\/sites\/4\/2023\/05\/Solar-Comfort-Logo-flat.svg","contentUrl":"https:\/\/solar-comfort.com\/ch\/wp-content\/uploads\/sites\/4\/2023\/05\/Solar-Comfort-Logo-flat.svg","width":1,"height":1,"caption":"Solar Comfort Suisse"},"image":{"@id":"https:\/\/solar-comfort.com\/ch\/#\/schema\/logo\/image\/"},"sameAs":["https:\/\/www.facebook.com\/profile.php?id=61557459192804","https:\/\/x.com\/Solar_comfort"]}]}},"_links":{"self":[{"href":"https:\/\/solar-comfort.com\/ch\/wp-json\/wp\/v2\/product\/216","targetHints":{"allow":["GET"]}}],"collection":[{"href":"https:\/\/solar-comfort.com\/ch\/wp-json\/wp\/v2\/product"}],"about":[{"href":"https:\/\/solar-comfort.com\/ch\/wp-json\/wp\/v2\/types\/product"}],"replies":[{"embeddable":true,"href":"https:\/\/solar-comfort.com\/ch\/wp-json\/wp\/v2\/comments?post=216"}],"wp:featuredmedia":[{"embeddable":true,"href":"https:\/\/solar-comfort.com\/ch\/wp-json\/wp\/v2\/media\/117806"}],"wp:attachment":[{"href":"https:\/\/solar-comfort.com\/ch\/wp-json\/wp\/v2\/media?parent=216"}],"wp:term":[{"taxonomy":"product_brand","embeddable":true,"href":"https:\/\/solar-comfort.com\/ch\/wp-json\/wp\/v2\/product_brand?post=216"},{"taxonomy":"product_cat","embeddable":true,"href":"https:\/\/solar-comfort.com\/ch\/wp-json\/wp\/v2\/product_cat?post=216"},{"taxonomy":"product_tag","embeddable":true,"href":"https:\/\/solar-comfort.com\/ch\/wp-json\/wp\/v2\/product_tag?post=216"}],"curies":[{"name":"wp","href":"https:\/\/api.w.org\/{rel}","templated":true}]}}