{"id":189,"date":"2023-04-24T13:00:37","date_gmt":"2023-04-24T11:00:37","guid":{"rendered":"https:\/\/shop.solar-comfort.fr\/product\/deco-green-sr-hpr\/"},"modified":"2025-10-24T11:41:05","modified_gmt":"2025-10-24T09:41:05","slug":"deco-green-sr-hpr","status":"publish","type":"product","link":"https:\/\/solar-comfort.com\/ch\/product\/deco-green-sr-hpr\/","title":{"rendered":"DECO GREEN SR HPR"},"content":{"rendered":"<div class=\"wpb-content-wrapper\"><p>[vc_row row_height_percent=\u00a0\u00bb0&Prime; overlay_alpha=\u00a0\u00bb50&Prime; gutter_size=\u00a0\u00bb3&Prime; column_width_percent=\u00a0\u00bb100&Prime; shift_y=\u00a0\u00bb0&Prime; z_index=\u00a0\u00bb0&Prime; uncode_shortcode_id=\u00a0\u00bb747493&Prime;][vc_column column_width_percent=\u00a0\u00bb100&Prime; gutter_size=\u00a0\u00bb3&Prime; overlay_alpha=\u00a0\u00bb50&Prime; shift_x=\u00a0\u00bb0&Prime; shift_y=\u00a0\u00bb0&Prime; shift_y_down=\u00a0\u00bb0&Prime; z_index=\u00a0\u00bb0&Prime; medium_width=\u00a0\u00bb0&Prime; mobile_width=\u00a0\u00bb0&Prime; width=\u00a0\u00bb1\/1&Prime; uncode_shortcode_id=\u00a0\u00bb180472&Prime;][uncode_list icon=\u00a0\u00bbfa fa-circle-check\u00a0\u00bb icon_color=\u00a0\u00bbaccent\u00a0\u00bb uncode_shortcode_id=\u00a0\u00bb709139&Prime; icon_color_type=\u00a0\u00bbuncode-palette\u00a0\u00bb el_class=\u00a0\u00bbavantage_list\u00a0\u00bb]<\/p>\n<ul>\n<li>Les films sp\u00e9ciaux LLumar peuvent masquer la lumi\u00e8re, ajouter de l&rsquo;intimit\u00e9 ou donner une touche de couleur \u00e0 n&rsquo;importe quel espace.<\/li>\n<li>Votre imagination et les films d\u00e9coratifs color\u00e9s de la s\u00e9rie Specialty de LLumar\u00ae peuvent transformer n&rsquo;importe quelle surface vitr\u00e9e en une \u0153uvre originale et unique: cloisons, fen\u00eatres, portes coulissantes en verre, meubles en verre et plus encore.<\/li>\n<li>Avec une palette expressive de teintes translucides en rouge, jaune, bleu et vert, plus le noir et le blanc opaques, la s\u00e9rie films sp\u00e9ciaux peut masquer ou diffuser la lumi\u00e8re d&rsquo;une multitude de fa\u00e7ons int\u00e9ressantes.<\/li>\n<li>Essayez une seule teinte pour cr\u00e9er une ambiance particuli\u00e8re, superposez plusieurs films pour cr\u00e9er de nouvelles nuances, ou combinez-les avec une d\u00e9coupe personnalis\u00e9e pour obtenir des effets artistiques uniques.<\/li>\n<\/ul>\n<p>[\/uncode_list][\/vc_column][\/vc_row]<\/p>\n<\/div>","protected":false},"excerpt":{"rendered":"<p>[vc_row row_height_percent=\u00a0\u00bb0&Prime; overlay_alpha=\u00a0\u00bb50&Prime; gutter_size=\u00a0\u00bb3&Prime; column_width_percent=\u00a0\u00bb100&Prime; shift_y=\u00a0\u00bb0&Prime; z_index=\u00a0\u00bb0&Prime; uncode_shortcode_id=\u00a0\u00bb747493&Prime;][vc_column column_width_percent=\u00a0\u00bb100&Prime; gutter_size=\u00a0\u00bb3&Prime; overlay_alpha=\u00a0\u00bb50&Prime; shift_x=\u00a0\u00bb0&Prime; shift_y=\u00a0\u00bb0&Prime; shift_y_down=\u00a0\u00bb0&Prime; z_index=\u00a0\u00bb0&Prime; medium_width=\u00a0\u00bb0&Prime; mobile_width=\u00a0\u00bb0&Prime; width=\u00a0\u00bb1\/1&Prime; uncode_shortcode_id=\u00a0\u00bb180472&Prime;][uncode_list icon=\u00a0\u00bbfa [&hellip;]<\/p>\n","protected":false},"featured_media":117816,"comment_status":"closed","ping_status":"closed","template":"","meta":{"_acf_changed":false,"_trash_the_other_posts":false,"editor_notices":[]},"product_brand":[],"product_cat":[39,53],"product_tag":[],"class_list":{"0":"post-189","1":"product","2":"type-product","3":"status-publish","4":"has-post-thumbnail","6":"product_cat-films-de-decoration","7":"product_cat-films-de-couleur","8":"pa_dimension-m-1-52x30-48","10":"first","11":"instock","12":"taxable","13":"shipping-taxable","14":"product-type-simple"},"acf":[],"yoast_head":"<!-- This site is optimized with the Yoast SEO plugin v27.3 - https:\/\/yoast.com\/product\/yoast-seo-wordpress\/ -->\n<title>DECO GREEN SR HPR Film de D\u00e9coration<\/title>\n<meta name=\"description\" content=\"D\u00e9couvrez le film de d\u00e9coration DECO GREEN SR HPR. Ajoutez une touche d&#039;esth\u00e9tique \u00e0 vos surfaces avec ce film de qualit\u00e9 sup\u00e9rieure.\" \/>\n<meta name=\"robots\" content=\"index, follow, max-snippet:-1, max-image-preview:large, max-video-preview:-1\" \/>\n<link rel=\"canonical\" href=\"https:\/\/solar-comfort.com\/ch\/product\/deco-green-sr-hpr\/\" \/>\n<meta property=\"og:locale\" content=\"fr_FR\" \/>\n<meta property=\"og:type\" content=\"article\" \/>\n<meta property=\"og:title\" content=\"DECO GREEN SR HPR Film de D\u00e9coration\" \/>\n<meta property=\"og:description\" content=\"D\u00e9couvrez le film de d\u00e9coration DECO GREEN SR HPR. Ajoutez une touche d&#039;esth\u00e9tique \u00e0 vos surfaces avec ce film de qualit\u00e9 sup\u00e9rieure.\" \/>\n<meta property=\"og:url\" content=\"https:\/\/solar-comfort.com\/ch\/product\/deco-green-sr-hpr\/\" \/>\n<meta property=\"og:site_name\" content=\"Solar Comfort Suisse\" \/>\n<meta property=\"article:publisher\" content=\"https:\/\/www.facebook.com\/profile.php?id=61557459192804\" \/>\n<meta property=\"article:modified_time\" content=\"2025-10-24T09:41:05+00:00\" \/>\n<meta property=\"og:image\" content=\"https:\/\/solar-comfort.com\/ch\/wp-content\/uploads\/sites\/4\/2023\/04\/deco-special.webp\" \/>\n\t<meta property=\"og:image:width\" content=\"945\" \/>\n\t<meta property=\"og:image:height\" content=\"1181\" \/>\n\t<meta property=\"og:image:type\" content=\"image\/webp\" \/>\n<meta name=\"twitter:card\" content=\"summary_large_image\" \/>\n<meta name=\"twitter:site\" content=\"@Solar_comfort\" \/>\n<meta name=\"twitter:label1\" content=\"Dur\u00e9e de lecture estim\u00e9e\" \/>\n\t<meta name=\"twitter:data1\" content=\"1 minute\" \/>\n<script type=\"application\/ld+json\" class=\"yoast-schema-graph\">{\"@context\":\"https:\\\/\\\/schema.org\",\"@graph\":[{\"@type\":\"WebPage\",\"@id\":\"https:\\\/\\\/solar-comfort.com\\\/ch\\\/product\\\/deco-green-sr-hpr\\\/\",\"url\":\"https:\\\/\\\/solar-comfort.com\\\/ch\\\/product\\\/deco-green-sr-hpr\\\/\",\"name\":\"DECO GREEN SR HPR Film de D\u00e9coration\",\"isPartOf\":{\"@id\":\"https:\\\/\\\/solar-comfort.com\\\/ch\\\/#website\"},\"primaryImageOfPage\":{\"@id\":\"https:\\\/\\\/solar-comfort.com\\\/ch\\\/product\\\/deco-green-sr-hpr\\\/#primaryimage\"},\"image\":{\"@id\":\"https:\\\/\\\/solar-comfort.com\\\/ch\\\/product\\\/deco-green-sr-hpr\\\/#primaryimage\"},\"thumbnailUrl\":\"https:\\\/\\\/solar-comfort.com\\\/ch\\\/wp-content\\\/uploads\\\/sites\\\/4\\\/2023\\\/04\\\/deco-special.webp\",\"datePublished\":\"2023-04-24T11:00:37+00:00\",\"dateModified\":\"2025-10-24T09:41:05+00:00\",\"description\":\"D\u00e9couvrez le film de d\u00e9coration DECO GREEN SR HPR. Ajoutez une touche d'esth\u00e9tique \u00e0 vos surfaces avec ce film de qualit\u00e9 sup\u00e9rieure.\",\"breadcrumb\":{\"@id\":\"https:\\\/\\\/solar-comfort.com\\\/ch\\\/product\\\/deco-green-sr-hpr\\\/#breadcrumb\"},\"inLanguage\":\"fr-FR\",\"potentialAction\":[{\"@type\":\"ReadAction\",\"target\":[\"https:\\\/\\\/solar-comfort.com\\\/ch\\\/product\\\/deco-green-sr-hpr\\\/\"]}]},{\"@type\":\"ImageObject\",\"inLanguage\":\"fr-FR\",\"@id\":\"https:\\\/\\\/solar-comfort.com\\\/ch\\\/product\\\/deco-green-sr-hpr\\\/#primaryimage\",\"url\":\"https:\\\/\\\/solar-comfort.com\\\/ch\\\/wp-content\\\/uploads\\\/sites\\\/4\\\/2023\\\/04\\\/deco-special.webp\",\"contentUrl\":\"https:\\\/\\\/solar-comfort.com\\\/ch\\\/wp-content\\\/uploads\\\/sites\\\/4\\\/2023\\\/04\\\/deco-special.webp\",\"width\":945,\"height\":1181,\"caption\":\"Une signal\u00e9tique claire et concise affich\u00e9e sur un mur, offrant des indications pr\u00e9cises et facilitant la navigation.\"},{\"@type\":\"BreadcrumbList\",\"@id\":\"https:\\\/\\\/solar-comfort.com\\\/ch\\\/product\\\/deco-green-sr-hpr\\\/#breadcrumb\",\"itemListElement\":[{\"@type\":\"ListItem\",\"position\":1,\"name\":\"Home\",\"item\":\"https:\\\/\\\/solar-comfort.com\\\/ch\\\/\"},{\"@type\":\"ListItem\",\"position\":2,\"name\":\"Shop\",\"item\":\"https:\\\/\\\/solar-comfort.com\\\/ch\\\/boutique\\\/\"},{\"@type\":\"ListItem\",\"position\":3,\"name\":\"DECO GREEN SR HPR\"}]},{\"@type\":\"WebSite\",\"@id\":\"https:\\\/\\\/solar-comfort.com\\\/ch\\\/#website\",\"url\":\"https:\\\/\\\/solar-comfort.com\\\/ch\\\/\",\"name\":\"Solar Comfort Suisse\",\"description\":\"Distributeur officiel LLumar\",\"publisher\":{\"@id\":\"https:\\\/\\\/solar-comfort.com\\\/ch\\\/#organization\"},\"potentialAction\":[{\"@type\":\"SearchAction\",\"target\":{\"@type\":\"EntryPoint\",\"urlTemplate\":\"https:\\\/\\\/solar-comfort.com\\\/ch\\\/?s={search_term_string}\"},\"query-input\":{\"@type\":\"PropertyValueSpecification\",\"valueRequired\":true,\"valueName\":\"search_term_string\"}}],\"inLanguage\":\"fr-FR\"},{\"@type\":\"Organization\",\"@id\":\"https:\\\/\\\/solar-comfort.com\\\/ch\\\/#organization\",\"name\":\"Solar Comfort Suisse\",\"url\":\"https:\\\/\\\/solar-comfort.com\\\/ch\\\/\",\"logo\":{\"@type\":\"ImageObject\",\"inLanguage\":\"fr-FR\",\"@id\":\"https:\\\/\\\/solar-comfort.com\\\/ch\\\/#\\\/schema\\\/logo\\\/image\\\/\",\"url\":\"https:\\\/\\\/solar-comfort.com\\\/ch\\\/wp-content\\\/uploads\\\/sites\\\/4\\\/2023\\\/05\\\/Solar-Comfort-Logo-flat.svg\",\"contentUrl\":\"https:\\\/\\\/solar-comfort.com\\\/ch\\\/wp-content\\\/uploads\\\/sites\\\/4\\\/2023\\\/05\\\/Solar-Comfort-Logo-flat.svg\",\"width\":1,\"height\":1,\"caption\":\"Solar Comfort Suisse\"},\"image\":{\"@id\":\"https:\\\/\\\/solar-comfort.com\\\/ch\\\/#\\\/schema\\\/logo\\\/image\\\/\"},\"sameAs\":[\"https:\\\/\\\/www.facebook.com\\\/profile.php?id=61557459192804\",\"https:\\\/\\\/x.com\\\/Solar_comfort\"]}]}<\/script>\n<!-- \/ Yoast SEO plugin. -->","yoast_head_json":{"title":"DECO GREEN SR HPR Film de D\u00e9coration","description":"D\u00e9couvrez le film de d\u00e9coration DECO GREEN SR HPR. Ajoutez une touche d'esth\u00e9tique \u00e0 vos surfaces avec ce film de qualit\u00e9 sup\u00e9rieure.","robots":{"index":"index","follow":"follow","max-snippet":"max-snippet:-1","max-image-preview":"max-image-preview:large","max-video-preview":"max-video-preview:-1"},"canonical":"https:\/\/solar-comfort.com\/ch\/product\/deco-green-sr-hpr\/","og_locale":"fr_FR","og_type":"article","og_title":"DECO GREEN SR HPR Film de D\u00e9coration","og_description":"D\u00e9couvrez le film de d\u00e9coration DECO GREEN SR HPR. Ajoutez une touche d'esth\u00e9tique \u00e0 vos surfaces avec ce film de qualit\u00e9 sup\u00e9rieure.","og_url":"https:\/\/solar-comfort.com\/ch\/product\/deco-green-sr-hpr\/","og_site_name":"Solar Comfort Suisse","article_publisher":"https:\/\/www.facebook.com\/profile.php?id=61557459192804","article_modified_time":"2025-10-24T09:41:05+00:00","og_image":[{"width":945,"height":1181,"url":"https:\/\/solar-comfort.com\/ch\/wp-content\/uploads\/sites\/4\/2023\/04\/deco-special.webp","type":"image\/webp"}],"twitter_card":"summary_large_image","twitter_site":"@Solar_comfort","twitter_misc":{"Dur\u00e9e de lecture estim\u00e9e":"1 minute"},"schema":{"@context":"https:\/\/schema.org","@graph":[{"@type":"WebPage","@id":"https:\/\/solar-comfort.com\/ch\/product\/deco-green-sr-hpr\/","url":"https:\/\/solar-comfort.com\/ch\/product\/deco-green-sr-hpr\/","name":"DECO GREEN SR HPR Film de D\u00e9coration","isPartOf":{"@id":"https:\/\/solar-comfort.com\/ch\/#website"},"primaryImageOfPage":{"@id":"https:\/\/solar-comfort.com\/ch\/product\/deco-green-sr-hpr\/#primaryimage"},"image":{"@id":"https:\/\/solar-comfort.com\/ch\/product\/deco-green-sr-hpr\/#primaryimage"},"thumbnailUrl":"https:\/\/solar-comfort.com\/ch\/wp-content\/uploads\/sites\/4\/2023\/04\/deco-special.webp","datePublished":"2023-04-24T11:00:37+00:00","dateModified":"2025-10-24T09:41:05+00:00","description":"D\u00e9couvrez le film de d\u00e9coration DECO GREEN SR HPR. Ajoutez une touche d'esth\u00e9tique \u00e0 vos surfaces avec ce film de qualit\u00e9 sup\u00e9rieure.","breadcrumb":{"@id":"https:\/\/solar-comfort.com\/ch\/product\/deco-green-sr-hpr\/#breadcrumb"},"inLanguage":"fr-FR","potentialAction":[{"@type":"ReadAction","target":["https:\/\/solar-comfort.com\/ch\/product\/deco-green-sr-hpr\/"]}]},{"@type":"ImageObject","inLanguage":"fr-FR","@id":"https:\/\/solar-comfort.com\/ch\/product\/deco-green-sr-hpr\/#primaryimage","url":"https:\/\/solar-comfort.com\/ch\/wp-content\/uploads\/sites\/4\/2023\/04\/deco-special.webp","contentUrl":"https:\/\/solar-comfort.com\/ch\/wp-content\/uploads\/sites\/4\/2023\/04\/deco-special.webp","width":945,"height":1181,"caption":"Une signal\u00e9tique claire et concise affich\u00e9e sur un mur, offrant des indications pr\u00e9cises et facilitant la navigation."},{"@type":"BreadcrumbList","@id":"https:\/\/solar-comfort.com\/ch\/product\/deco-green-sr-hpr\/#breadcrumb","itemListElement":[{"@type":"ListItem","position":1,"name":"Home","item":"https:\/\/solar-comfort.com\/ch\/"},{"@type":"ListItem","position":2,"name":"Shop","item":"https:\/\/solar-comfort.com\/ch\/boutique\/"},{"@type":"ListItem","position":3,"name":"DECO GREEN SR HPR"}]},{"@type":"WebSite","@id":"https:\/\/solar-comfort.com\/ch\/#website","url":"https:\/\/solar-comfort.com\/ch\/","name":"Solar Comfort Suisse","description":"Distributeur officiel LLumar","publisher":{"@id":"https:\/\/solar-comfort.com\/ch\/#organization"},"potentialAction":[{"@type":"SearchAction","target":{"@type":"EntryPoint","urlTemplate":"https:\/\/solar-comfort.com\/ch\/?s={search_term_string}"},"query-input":{"@type":"PropertyValueSpecification","valueRequired":true,"valueName":"search_term_string"}}],"inLanguage":"fr-FR"},{"@type":"Organization","@id":"https:\/\/solar-comfort.com\/ch\/#organization","name":"Solar Comfort Suisse","url":"https:\/\/solar-comfort.com\/ch\/","logo":{"@type":"ImageObject","inLanguage":"fr-FR","@id":"https:\/\/solar-comfort.com\/ch\/#\/schema\/logo\/image\/","url":"https:\/\/solar-comfort.com\/ch\/wp-content\/uploads\/sites\/4\/2023\/05\/Solar-Comfort-Logo-flat.svg","contentUrl":"https:\/\/solar-comfort.com\/ch\/wp-content\/uploads\/sites\/4\/2023\/05\/Solar-Comfort-Logo-flat.svg","width":1,"height":1,"caption":"Solar Comfort Suisse"},"image":{"@id":"https:\/\/solar-comfort.com\/ch\/#\/schema\/logo\/image\/"},"sameAs":["https:\/\/www.facebook.com\/profile.php?id=61557459192804","https:\/\/x.com\/Solar_comfort"]}]}},"_links":{"self":[{"href":"https:\/\/solar-comfort.com\/ch\/wp-json\/wp\/v2\/product\/189","targetHints":{"allow":["GET"]}}],"collection":[{"href":"https:\/\/solar-comfort.com\/ch\/wp-json\/wp\/v2\/product"}],"about":[{"href":"https:\/\/solar-comfort.com\/ch\/wp-json\/wp\/v2\/types\/product"}],"replies":[{"embeddable":true,"href":"https:\/\/solar-comfort.com\/ch\/wp-json\/wp\/v2\/comments?post=189"}],"wp:featuredmedia":[{"embeddable":true,"href":"https:\/\/solar-comfort.com\/ch\/wp-json\/wp\/v2\/media\/117816"}],"wp:attachment":[{"href":"https:\/\/solar-comfort.com\/ch\/wp-json\/wp\/v2\/media?parent=189"}],"wp:term":[{"taxonomy":"product_brand","embeddable":true,"href":"https:\/\/solar-comfort.com\/ch\/wp-json\/wp\/v2\/product_brand?post=189"},{"taxonomy":"product_cat","embeddable":true,"href":"https:\/\/solar-comfort.com\/ch\/wp-json\/wp\/v2\/product_cat?post=189"},{"taxonomy":"product_tag","embeddable":true,"href":"https:\/\/solar-comfort.com\/ch\/wp-json\/wp\/v2\/product_tag?post=189"}],"curies":[{"name":"wp","href":"https:\/\/api.w.org\/{rel}","templated":true}]}}