{"id":149,"date":"2023-04-24T13:00:22","date_gmt":"2023-04-24T11:00:22","guid":{"rendered":"https:\/\/shop.solar-comfort.fr\/product\/she-cl-er-ps-4\/"},"modified":"2025-10-24T11:41:01","modified_gmt":"2025-10-24T09:41:01","slug":"she-cl-er-ps-4","status":"publish","type":"product","link":"https:\/\/solar-comfort.com\/ch\/product\/she-cl-er-ps-4\/","title":{"rendered":"SHE CL ER PS 4"},"content":{"rendered":"<div class=\"wpb-content-wrapper\"><p>[vc_row row_height_percent=\u00a0\u00bb0&Prime; overlay_alpha=\u00a0\u00bb50&Prime; gutter_size=\u00a0\u00bb3&Prime; column_width_percent=\u00a0\u00bb100&Prime; shift_y=\u00a0\u00bb0&Prime; z_index=\u00a0\u00bb0&Prime; uncode_shortcode_id=\u00a0\u00bb747493&Prime;][vc_column column_width_percent=\u00a0\u00bb100&Prime; gutter_size=\u00a0\u00bb3&Prime; overlay_alpha=\u00a0\u00bb50&Prime; shift_x=\u00a0\u00bb0&Prime; shift_y=\u00a0\u00bb0&Prime; shift_y_down=\u00a0\u00bb0&Prime; z_index=\u00a0\u00bb0&Prime; medium_width=\u00a0\u00bb0&Prime; mobile_width=\u00a0\u00bb0&Prime; width=\u00a0\u00bb1\/1&Prime; uncode_shortcode_id=\u00a0\u00bb180472&Prime;][uncode_list icon=\u00a0\u00bbfa fa-circle-check\u00a0\u00bb icon_color=\u00a0\u00bbaccent\u00a0\u00bb uncode_shortcode_id=\u00a0\u00bb229484&Prime; icon_color_type=\u00a0\u00bbuncode-palette\u00a0\u00bb el_class=\u00a0\u00bbavantage_list\u00a0\u00bb]<\/p>\n<ul>\n<li>Film anti-graffiti et de s\u00e9curit\u00e9.<\/li>\n<li>La meilleure solution si une protection contre le bris de verre ou une attaque d\u00e9lib\u00e9r\u00e9e est n\u00e9cessaire.<\/li>\n<li>Son rev\u00eatement polym\u00e8re anti-rayures brevet\u00e9 offre une durabilit\u00e9 accrue et un nettoyage plus facile.<\/li>\n<li>Le film anti-graffiti haute performance prot\u00e8ge les surfaces vitr\u00e9es contre les dommages et les attaques manuelles telles que les attaques \u00e0 l&rsquo;acide et les rayures.<\/li>\n<li>Gr\u00e2ce \u00e0 son rev\u00eatement sp\u00e9cial anti-salissures Helios, le verre reste propre plus longtemps et est beaucoup plus facile \u00e0 nettoyer.<\/li>\n<li>Permet de r\u00e9duire les co\u00fbts de nettoyage et contribue ainsi \u00e0 la protection de l&rsquo;environnement.<\/li>\n<li>L&rsquo;excellente protection anti-UV int\u00e9gr\u00e9e au polyester permet de r\u00e9duire la d\u00e9coloration des textiles, des meubles et des \u0153uvres d&rsquo;art.<\/li>\n<li>La transmission \u00e9lev\u00e9e de la lumi\u00e8re visible permet une installation discr\u00e8te.<\/li>\n<li>Solution tr\u00e8s bien adapt\u00e9e aux simples vitrages, aux vitrages isolants ainsi qu\u2019aux vitrages basse \u00e9missivit\u00e9.<\/li>\n<\/ul>\n<p>[\/uncode_list][\/vc_column][\/vc_row]<\/p>\n<\/div>","protected":false},"excerpt":{"rendered":"<p>La meilleure solution si une protection contre le bris de verre ou une attaque d\u00e9lib\u00e9r\u00e9e est n\u00e9cessaire.<\/p>\n","protected":false},"featured_media":117822,"comment_status":"closed","ping_status":"closed","template":"","meta":{"_acf_changed":false,"_trash_the_other_posts":false,"editor_notices":[]},"product_brand":[],"product_cat":[34,47],"product_tag":[],"class_list":{"0":"post-149","1":"product","2":"type-product","3":"status-publish","4":"has-post-thumbnail","6":"product_cat-films-de-securite","7":"product_cat-securite-exterieur","8":"pa_dimension-m-1-52x30-48","9":"pa_dimension-m-1-83x30-48","11":"first","12":"instock","13":"taxable","14":"shipping-taxable","15":"product-type-variable"},"acf":[],"yoast_head":"<!-- This site is optimized with the Yoast SEO plugin v27.3 - https:\/\/yoast.com\/product\/yoast-seo-wordpress\/ -->\n<title>SHE CL ER PS 4 Film de S\u00e9curit\u00e9 Transparent<\/title>\n<meta name=\"description\" content=\"D\u00e9couvrez le film de s\u00e9curit\u00e9 transparent SHE CL ER PS 4. Prot\u00e9gez votre espace avec ce film de qualit\u00e9 sup\u00e9rieure, offrant une s\u00e9curit\u00e9 renforc\u00e9e.\" \/>\n<meta name=\"robots\" content=\"index, follow, max-snippet:-1, max-image-preview:large, max-video-preview:-1\" \/>\n<link rel=\"canonical\" href=\"https:\/\/solar-comfort.com\/ch\/product\/she-cl-er-ps-4\/\" \/>\n<meta property=\"og:locale\" content=\"fr_FR\" \/>\n<meta property=\"og:type\" content=\"article\" \/>\n<meta property=\"og:title\" content=\"SHE CL ER PS 4 Film de S\u00e9curit\u00e9 Transparent\" \/>\n<meta property=\"og:description\" content=\"D\u00e9couvrez le film de s\u00e9curit\u00e9 transparent SHE CL ER PS 4. Prot\u00e9gez votre espace avec ce film de qualit\u00e9 sup\u00e9rieure, offrant une s\u00e9curit\u00e9 renforc\u00e9e.\" \/>\n<meta property=\"og:url\" content=\"https:\/\/solar-comfort.com\/ch\/product\/she-cl-er-ps-4\/\" \/>\n<meta property=\"og:site_name\" content=\"Solar Comfort Suisse\" \/>\n<meta property=\"article:publisher\" content=\"https:\/\/www.facebook.com\/profile.php?id=61557459192804\" \/>\n<meta property=\"article:modified_time\" content=\"2025-10-24T09:41:01+00:00\" \/>\n<meta property=\"og:image\" content=\"https:\/\/solar-comfort.com\/ch\/wp-content\/uploads\/sites\/4\/2023\/04\/secu-SHE.webp\" \/>\n\t<meta property=\"og:image:width\" content=\"945\" \/>\n\t<meta property=\"og:image:height\" content=\"1181\" \/>\n\t<meta property=\"og:image:type\" content=\"image\/webp\" \/>\n<meta name=\"twitter:card\" content=\"summary_large_image\" \/>\n<meta name=\"twitter:site\" content=\"@Solar_comfort\" \/>\n<meta name=\"twitter:label1\" content=\"Dur\u00e9e de lecture estim\u00e9e\" \/>\n\t<meta name=\"twitter:data1\" content=\"2 minutes\" \/>\n<script type=\"application\/ld+json\" class=\"yoast-schema-graph\">{\"@context\":\"https:\\\/\\\/schema.org\",\"@graph\":[{\"@type\":\"WebPage\",\"@id\":\"https:\\\/\\\/solar-comfort.com\\\/ch\\\/product\\\/she-cl-er-ps-4\\\/\",\"url\":\"https:\\\/\\\/solar-comfort.com\\\/ch\\\/product\\\/she-cl-er-ps-4\\\/\",\"name\":\"SHE CL ER PS 4 Film de S\u00e9curit\u00e9 Transparent\",\"isPartOf\":{\"@id\":\"https:\\\/\\\/solar-comfort.com\\\/ch\\\/#website\"},\"primaryImageOfPage\":{\"@id\":\"https:\\\/\\\/solar-comfort.com\\\/ch\\\/product\\\/she-cl-er-ps-4\\\/#primaryimage\"},\"image\":{\"@id\":\"https:\\\/\\\/solar-comfort.com\\\/ch\\\/product\\\/she-cl-er-ps-4\\\/#primaryimage\"},\"thumbnailUrl\":\"https:\\\/\\\/solar-comfort.com\\\/ch\\\/wp-content\\\/uploads\\\/sites\\\/4\\\/2023\\\/04\\\/secu-SHE.webp\",\"datePublished\":\"2023-04-24T11:00:22+00:00\",\"dateModified\":\"2025-10-24T09:41:01+00:00\",\"description\":\"D\u00e9couvrez le film de s\u00e9curit\u00e9 transparent SHE CL ER PS 4. Prot\u00e9gez votre espace avec ce film de qualit\u00e9 sup\u00e9rieure, offrant une s\u00e9curit\u00e9 renforc\u00e9e.\",\"breadcrumb\":{\"@id\":\"https:\\\/\\\/solar-comfort.com\\\/ch\\\/product\\\/she-cl-er-ps-4\\\/#breadcrumb\"},\"inLanguage\":\"fr-FR\",\"potentialAction\":[{\"@type\":\"ReadAction\",\"target\":[\"https:\\\/\\\/solar-comfort.com\\\/ch\\\/product\\\/she-cl-er-ps-4\\\/\"]}]},{\"@type\":\"ImageObject\",\"inLanguage\":\"fr-FR\",\"@id\":\"https:\\\/\\\/solar-comfort.com\\\/ch\\\/product\\\/she-cl-er-ps-4\\\/#primaryimage\",\"url\":\"https:\\\/\\\/solar-comfort.com\\\/ch\\\/wp-content\\\/uploads\\\/sites\\\/4\\\/2023\\\/04\\\/secu-SHE.webp\",\"contentUrl\":\"https:\\\/\\\/solar-comfort.com\\\/ch\\\/wp-content\\\/uploads\\\/sites\\\/4\\\/2023\\\/04\\\/secu-SHE.webp\",\"width\":945,\"height\":1181,\"caption\":\"Une vitrine de concession automobile avec une vitre fractur\u00e9e, \u00e9voquant des sc\u00e8nes de vandalisme ou d'accident.\"},{\"@type\":\"BreadcrumbList\",\"@id\":\"https:\\\/\\\/solar-comfort.com\\\/ch\\\/product\\\/she-cl-er-ps-4\\\/#breadcrumb\",\"itemListElement\":[{\"@type\":\"ListItem\",\"position\":1,\"name\":\"Home\",\"item\":\"https:\\\/\\\/solar-comfort.com\\\/ch\\\/\"},{\"@type\":\"ListItem\",\"position\":2,\"name\":\"Shop\",\"item\":\"https:\\\/\\\/solar-comfort.com\\\/ch\\\/boutique\\\/\"},{\"@type\":\"ListItem\",\"position\":3,\"name\":\"SHE CL ER PS 4\"}]},{\"@type\":\"WebSite\",\"@id\":\"https:\\\/\\\/solar-comfort.com\\\/ch\\\/#website\",\"url\":\"https:\\\/\\\/solar-comfort.com\\\/ch\\\/\",\"name\":\"Solar Comfort Suisse\",\"description\":\"Distributeur officiel LLumar\",\"publisher\":{\"@id\":\"https:\\\/\\\/solar-comfort.com\\\/ch\\\/#organization\"},\"potentialAction\":[{\"@type\":\"SearchAction\",\"target\":{\"@type\":\"EntryPoint\",\"urlTemplate\":\"https:\\\/\\\/solar-comfort.com\\\/ch\\\/?s={search_term_string}\"},\"query-input\":{\"@type\":\"PropertyValueSpecification\",\"valueRequired\":true,\"valueName\":\"search_term_string\"}}],\"inLanguage\":\"fr-FR\"},{\"@type\":\"Organization\",\"@id\":\"https:\\\/\\\/solar-comfort.com\\\/ch\\\/#organization\",\"name\":\"Solar Comfort Suisse\",\"url\":\"https:\\\/\\\/solar-comfort.com\\\/ch\\\/\",\"logo\":{\"@type\":\"ImageObject\",\"inLanguage\":\"fr-FR\",\"@id\":\"https:\\\/\\\/solar-comfort.com\\\/ch\\\/#\\\/schema\\\/logo\\\/image\\\/\",\"url\":\"https:\\\/\\\/solar-comfort.com\\\/ch\\\/wp-content\\\/uploads\\\/sites\\\/4\\\/2023\\\/05\\\/Solar-Comfort-Logo-flat.svg\",\"contentUrl\":\"https:\\\/\\\/solar-comfort.com\\\/ch\\\/wp-content\\\/uploads\\\/sites\\\/4\\\/2023\\\/05\\\/Solar-Comfort-Logo-flat.svg\",\"width\":1,\"height\":1,\"caption\":\"Solar Comfort Suisse\"},\"image\":{\"@id\":\"https:\\\/\\\/solar-comfort.com\\\/ch\\\/#\\\/schema\\\/logo\\\/image\\\/\"},\"sameAs\":[\"https:\\\/\\\/www.facebook.com\\\/profile.php?id=61557459192804\",\"https:\\\/\\\/x.com\\\/Solar_comfort\"]}]}<\/script>\n<!-- \/ Yoast SEO plugin. -->","yoast_head_json":{"title":"SHE CL ER PS 4 Film de S\u00e9curit\u00e9 Transparent","description":"D\u00e9couvrez le film de s\u00e9curit\u00e9 transparent SHE CL ER PS 4. Prot\u00e9gez votre espace avec ce film de qualit\u00e9 sup\u00e9rieure, offrant une s\u00e9curit\u00e9 renforc\u00e9e.","robots":{"index":"index","follow":"follow","max-snippet":"max-snippet:-1","max-image-preview":"max-image-preview:large","max-video-preview":"max-video-preview:-1"},"canonical":"https:\/\/solar-comfort.com\/ch\/product\/she-cl-er-ps-4\/","og_locale":"fr_FR","og_type":"article","og_title":"SHE CL ER PS 4 Film de S\u00e9curit\u00e9 Transparent","og_description":"D\u00e9couvrez le film de s\u00e9curit\u00e9 transparent SHE CL ER PS 4. Prot\u00e9gez votre espace avec ce film de qualit\u00e9 sup\u00e9rieure, offrant une s\u00e9curit\u00e9 renforc\u00e9e.","og_url":"https:\/\/solar-comfort.com\/ch\/product\/she-cl-er-ps-4\/","og_site_name":"Solar Comfort Suisse","article_publisher":"https:\/\/www.facebook.com\/profile.php?id=61557459192804","article_modified_time":"2025-10-24T09:41:01+00:00","og_image":[{"width":945,"height":1181,"url":"https:\/\/solar-comfort.com\/ch\/wp-content\/uploads\/sites\/4\/2023\/04\/secu-SHE.webp","type":"image\/webp"}],"twitter_card":"summary_large_image","twitter_site":"@Solar_comfort","twitter_misc":{"Dur\u00e9e de lecture estim\u00e9e":"2 minutes"},"schema":{"@context":"https:\/\/schema.org","@graph":[{"@type":"WebPage","@id":"https:\/\/solar-comfort.com\/ch\/product\/she-cl-er-ps-4\/","url":"https:\/\/solar-comfort.com\/ch\/product\/she-cl-er-ps-4\/","name":"SHE CL ER PS 4 Film de S\u00e9curit\u00e9 Transparent","isPartOf":{"@id":"https:\/\/solar-comfort.com\/ch\/#website"},"primaryImageOfPage":{"@id":"https:\/\/solar-comfort.com\/ch\/product\/she-cl-er-ps-4\/#primaryimage"},"image":{"@id":"https:\/\/solar-comfort.com\/ch\/product\/she-cl-er-ps-4\/#primaryimage"},"thumbnailUrl":"https:\/\/solar-comfort.com\/ch\/wp-content\/uploads\/sites\/4\/2023\/04\/secu-SHE.webp","datePublished":"2023-04-24T11:00:22+00:00","dateModified":"2025-10-24T09:41:01+00:00","description":"D\u00e9couvrez le film de s\u00e9curit\u00e9 transparent SHE CL ER PS 4. Prot\u00e9gez votre espace avec ce film de qualit\u00e9 sup\u00e9rieure, offrant une s\u00e9curit\u00e9 renforc\u00e9e.","breadcrumb":{"@id":"https:\/\/solar-comfort.com\/ch\/product\/she-cl-er-ps-4\/#breadcrumb"},"inLanguage":"fr-FR","potentialAction":[{"@type":"ReadAction","target":["https:\/\/solar-comfort.com\/ch\/product\/she-cl-er-ps-4\/"]}]},{"@type":"ImageObject","inLanguage":"fr-FR","@id":"https:\/\/solar-comfort.com\/ch\/product\/she-cl-er-ps-4\/#primaryimage","url":"https:\/\/solar-comfort.com\/ch\/wp-content\/uploads\/sites\/4\/2023\/04\/secu-SHE.webp","contentUrl":"https:\/\/solar-comfort.com\/ch\/wp-content\/uploads\/sites\/4\/2023\/04\/secu-SHE.webp","width":945,"height":1181,"caption":"Une vitrine de concession automobile avec une vitre fractur\u00e9e, \u00e9voquant des sc\u00e8nes de vandalisme ou d'accident."},{"@type":"BreadcrumbList","@id":"https:\/\/solar-comfort.com\/ch\/product\/she-cl-er-ps-4\/#breadcrumb","itemListElement":[{"@type":"ListItem","position":1,"name":"Home","item":"https:\/\/solar-comfort.com\/ch\/"},{"@type":"ListItem","position":2,"name":"Shop","item":"https:\/\/solar-comfort.com\/ch\/boutique\/"},{"@type":"ListItem","position":3,"name":"SHE CL ER PS 4"}]},{"@type":"WebSite","@id":"https:\/\/solar-comfort.com\/ch\/#website","url":"https:\/\/solar-comfort.com\/ch\/","name":"Solar Comfort Suisse","description":"Distributeur officiel LLumar","publisher":{"@id":"https:\/\/solar-comfort.com\/ch\/#organization"},"potentialAction":[{"@type":"SearchAction","target":{"@type":"EntryPoint","urlTemplate":"https:\/\/solar-comfort.com\/ch\/?s={search_term_string}"},"query-input":{"@type":"PropertyValueSpecification","valueRequired":true,"valueName":"search_term_string"}}],"inLanguage":"fr-FR"},{"@type":"Organization","@id":"https:\/\/solar-comfort.com\/ch\/#organization","name":"Solar Comfort Suisse","url":"https:\/\/solar-comfort.com\/ch\/","logo":{"@type":"ImageObject","inLanguage":"fr-FR","@id":"https:\/\/solar-comfort.com\/ch\/#\/schema\/logo\/image\/","url":"https:\/\/solar-comfort.com\/ch\/wp-content\/uploads\/sites\/4\/2023\/05\/Solar-Comfort-Logo-flat.svg","contentUrl":"https:\/\/solar-comfort.com\/ch\/wp-content\/uploads\/sites\/4\/2023\/05\/Solar-Comfort-Logo-flat.svg","width":1,"height":1,"caption":"Solar Comfort Suisse"},"image":{"@id":"https:\/\/solar-comfort.com\/ch\/#\/schema\/logo\/image\/"},"sameAs":["https:\/\/www.facebook.com\/profile.php?id=61557459192804","https:\/\/x.com\/Solar_comfort"]}]}},"_links":{"self":[{"href":"https:\/\/solar-comfort.com\/ch\/wp-json\/wp\/v2\/product\/149","targetHints":{"allow":["GET"]}}],"collection":[{"href":"https:\/\/solar-comfort.com\/ch\/wp-json\/wp\/v2\/product"}],"about":[{"href":"https:\/\/solar-comfort.com\/ch\/wp-json\/wp\/v2\/types\/product"}],"replies":[{"embeddable":true,"href":"https:\/\/solar-comfort.com\/ch\/wp-json\/wp\/v2\/comments?post=149"}],"wp:featuredmedia":[{"embeddable":true,"href":"https:\/\/solar-comfort.com\/ch\/wp-json\/wp\/v2\/media\/117822"}],"wp:attachment":[{"href":"https:\/\/solar-comfort.com\/ch\/wp-json\/wp\/v2\/media?parent=149"}],"wp:term":[{"taxonomy":"product_brand","embeddable":true,"href":"https:\/\/solar-comfort.com\/ch\/wp-json\/wp\/v2\/product_brand?post=149"},{"taxonomy":"product_cat","embeddable":true,"href":"https:\/\/solar-comfort.com\/ch\/wp-json\/wp\/v2\/product_cat?post=149"},{"taxonomy":"product_tag","embeddable":true,"href":"https:\/\/solar-comfort.com\/ch\/wp-json\/wp\/v2\/product_tag?post=149"}],"curies":[{"name":"wp","href":"https:\/\/api.w.org\/{rel}","templated":true}]}}