{"id":140,"date":"2023-04-24T13:00:22","date_gmt":"2023-04-24T11:00:22","guid":{"rendered":"https:\/\/shop.solar-comfort.fr\/product\/scl-sr-ps-8\/"},"modified":"2025-10-24T11:40:55","modified_gmt":"2025-10-24T09:40:55","slug":"scl-sr-ps-8","status":"publish","type":"product","link":"https:\/\/solar-comfort.com\/ch\/product\/scl-sr-ps-8\/","title":{"rendered":"SCL SR PS 8"},"content":{"rendered":"<div class=\"wpb-content-wrapper\"><p>[vc_row row_height_percent=\u00a0\u00bb0&Prime; overlay_alpha=\u00a0\u00bb50&Prime; gutter_size=\u00a0\u00bb3&Prime; column_width_percent=\u00a0\u00bb100&Prime; shift_y=\u00a0\u00bb0&Prime; z_index=\u00a0\u00bb0&Prime; uncode_shortcode_id=\u00a0\u00bb747493&Prime;][vc_column column_width_percent=\u00a0\u00bb100&Prime; gutter_size=\u00a0\u00bb3&Prime; overlay_alpha=\u00a0\u00bb50&Prime; shift_x=\u00a0\u00bb0&Prime; shift_y=\u00a0\u00bb0&Prime; shift_y_down=\u00a0\u00bb0&Prime; z_index=\u00a0\u00bb0&Prime; medium_width=\u00a0\u00bb0&Prime; mobile_width=\u00a0\u00bb0&Prime; width=\u00a0\u00bb1\/1&Prime; uncode_shortcode_id=\u00a0\u00bb180472&Prime;][uncode_list icon=\u00a0\u00bbfa fa-circle-check\u00a0\u00bb icon_color=\u00a0\u00bbaccent\u00a0\u00bb uncode_shortcode_id=\u00a0\u00bb726793&Prime; icon_color_type=\u00a0\u00bbuncode-palette\u00a0\u00bb el_class=\u00a0\u00bbavantage_list\u00a0\u00bb]<\/p>\n<ul>\n<li>Film invisible une fois install\u00e9.<\/li>\n<li>Rev\u00eatement durable r\u00e9sistant aux rayures et aux abrasions pour un nettoyage facile.<\/li>\n<li>Tr\u00e8s forte coh\u00e9sion avec le verre: am\u00e9liore la s\u00e9curit\u00e9 contre les impacts, les explosions de bombes et les attaques manuelles (\u00e0 partir du PS4).<\/li>\n<li>Excellente protection contre les UV: aide \u00e0 r\u00e9duire la d\u00e9coloration des textiles, des meubles et des \u0153uvres d&rsquo;art.<\/li>\n<li>Adh\u00e9sif acrylique sensible \u00e0 la pression, r\u00e9sistant \u00e0 la chaleur, avec une adh\u00e9sion rapide au verre.<\/li>\n<li>Installation int\u00e9rieure.<\/li>\n<\/ul>\n<p>[\/uncode_list][\/vc_column][\/vc_row]<\/p>\n<\/div>","protected":false},"excerpt":{"rendered":"<p>[vc_row row_height_percent=\u00a0\u00bb0&Prime; overlay_alpha=\u00a0\u00bb50&Prime; gutter_size=\u00a0\u00bb3&Prime; column_width_percent=\u00a0\u00bb100&Prime; shift_y=\u00a0\u00bb0&Prime; z_index=\u00a0\u00bb0&Prime; uncode_shortcode_id=\u00a0\u00bb747493&Prime;][vc_column column_width_percent=\u00a0\u00bb100&Prime; gutter_size=\u00a0\u00bb3&Prime; overlay_alpha=\u00a0\u00bb50&Prime; shift_x=\u00a0\u00bb0&Prime; shift_y=\u00a0\u00bb0&Prime; shift_y_down=\u00a0\u00bb0&Prime; z_index=\u00a0\u00bb0&Prime; medium_width=\u00a0\u00bb0&Prime; mobile_width=\u00a0\u00bb0&Prime; width=\u00a0\u00bb1\/1&Prime; uncode_shortcode_id=\u00a0\u00bb180472&Prime;][uncode_list icon=\u00a0\u00bbfa [&hellip;]<\/p>\n","protected":false},"featured_media":117821,"comment_status":"closed","ping_status":"closed","template":"","meta":{"_acf_changed":false,"_trash_the_other_posts":false,"editor_notices":[]},"product_brand":[],"product_cat":[34,48],"product_tag":[],"class_list":{"0":"post-140","1":"product","2":"type-product","3":"status-publish","4":"has-post-thumbnail","6":"product_cat-films-de-securite","7":"product_cat-securite-interieur","8":"pa_dimension-m-1-22x30-48","9":"pa_dimension-m-1-52x30-48","10":"pa_dimension-m-1-83x30-48","12":"first","13":"instock","14":"taxable","15":"shipping-taxable","16":"product-type-variable"},"acf":[],"yoast_head":"<!-- This site is optimized with the Yoast SEO plugin v27.3 - https:\/\/yoast.com\/product\/yoast-seo-wordpress\/ -->\n<title>SCL SR PS 8 Film de S\u00e9curit\u00e9<\/title>\n<meta name=\"description\" content=\"D\u00e9couvrez le film de s\u00e9curit\u00e9 SCL SR PS 8. Prot\u00e9gez votre espace avec ce film de qualit\u00e9 sup\u00e9rieure, offrant une s\u00e9curit\u00e9 renforc\u00e9e.\" \/>\n<meta name=\"robots\" content=\"index, follow, max-snippet:-1, max-image-preview:large, max-video-preview:-1\" \/>\n<link rel=\"canonical\" href=\"https:\/\/solar-comfort.com\/ch\/product\/scl-sr-ps-8\/\" \/>\n<meta property=\"og:locale\" content=\"fr_FR\" \/>\n<meta property=\"og:type\" content=\"article\" \/>\n<meta property=\"og:title\" content=\"SCL SR PS 8 Film de S\u00e9curit\u00e9\" \/>\n<meta property=\"og:description\" content=\"D\u00e9couvrez le film de s\u00e9curit\u00e9 SCL SR PS 8. Prot\u00e9gez votre espace avec ce film de qualit\u00e9 sup\u00e9rieure, offrant une s\u00e9curit\u00e9 renforc\u00e9e.\" \/>\n<meta property=\"og:url\" content=\"https:\/\/solar-comfort.com\/ch\/product\/scl-sr-ps-8\/\" \/>\n<meta property=\"og:site_name\" content=\"Solar Comfort Suisse\" \/>\n<meta property=\"article:publisher\" content=\"https:\/\/www.facebook.com\/profile.php?id=61557459192804\" \/>\n<meta property=\"article:modified_time\" content=\"2025-10-24T09:40:55+00:00\" \/>\n<meta property=\"og:image\" content=\"https:\/\/solar-comfort.com\/ch\/wp-content\/uploads\/sites\/4\/2023\/04\/secu-SCL.webp\" \/>\n\t<meta property=\"og:image:width\" content=\"945\" \/>\n\t<meta property=\"og:image:height\" content=\"1181\" \/>\n\t<meta property=\"og:image:type\" content=\"image\/webp\" \/>\n<meta name=\"twitter:card\" content=\"summary_large_image\" \/>\n<meta name=\"twitter:site\" content=\"@Solar_comfort\" \/>\n<meta name=\"twitter:label1\" content=\"Dur\u00e9e de lecture estim\u00e9e\" \/>\n\t<meta name=\"twitter:data1\" content=\"1 minute\" \/>\n<script type=\"application\/ld+json\" class=\"yoast-schema-graph\">{\"@context\":\"https:\\\/\\\/schema.org\",\"@graph\":[{\"@type\":\"WebPage\",\"@id\":\"https:\\\/\\\/solar-comfort.com\\\/ch\\\/product\\\/scl-sr-ps-8\\\/\",\"url\":\"https:\\\/\\\/solar-comfort.com\\\/ch\\\/product\\\/scl-sr-ps-8\\\/\",\"name\":\"SCL SR PS 8 Film de S\u00e9curit\u00e9\",\"isPartOf\":{\"@id\":\"https:\\\/\\\/solar-comfort.com\\\/ch\\\/#website\"},\"primaryImageOfPage\":{\"@id\":\"https:\\\/\\\/solar-comfort.com\\\/ch\\\/product\\\/scl-sr-ps-8\\\/#primaryimage\"},\"image\":{\"@id\":\"https:\\\/\\\/solar-comfort.com\\\/ch\\\/product\\\/scl-sr-ps-8\\\/#primaryimage\"},\"thumbnailUrl\":\"https:\\\/\\\/solar-comfort.com\\\/ch\\\/wp-content\\\/uploads\\\/sites\\\/4\\\/2023\\\/04\\\/secu-SCL.webp\",\"datePublished\":\"2023-04-24T11:00:22+00:00\",\"dateModified\":\"2025-10-24T09:40:55+00:00\",\"description\":\"D\u00e9couvrez le film de s\u00e9curit\u00e9 SCL SR PS 8. Prot\u00e9gez votre espace avec ce film de qualit\u00e9 sup\u00e9rieure, offrant une s\u00e9curit\u00e9 renforc\u00e9e.\",\"breadcrumb\":{\"@id\":\"https:\\\/\\\/solar-comfort.com\\\/ch\\\/product\\\/scl-sr-ps-8\\\/#breadcrumb\"},\"inLanguage\":\"fr-FR\",\"potentialAction\":[{\"@type\":\"ReadAction\",\"target\":[\"https:\\\/\\\/solar-comfort.com\\\/ch\\\/product\\\/scl-sr-ps-8\\\/\"]}]},{\"@type\":\"ImageObject\",\"inLanguage\":\"fr-FR\",\"@id\":\"https:\\\/\\\/solar-comfort.com\\\/ch\\\/product\\\/scl-sr-ps-8\\\/#primaryimage\",\"url\":\"https:\\\/\\\/solar-comfort.com\\\/ch\\\/wp-content\\\/uploads\\\/sites\\\/4\\\/2023\\\/04\\\/secu-SCL.webp\",\"contentUrl\":\"https:\\\/\\\/solar-comfort.com\\\/ch\\\/wp-content\\\/uploads\\\/sites\\\/4\\\/2023\\\/04\\\/secu-SCL.webp\",\"width\":945,\"height\":1181,\"caption\":\"Un homme essayant de briser une vitre \u00e0 l'aide d'un marteau, une image d\u00e9montrant l'efficacit\u00e9 du film de s\u00e9curit\u00e9 en emp\u00eachant la vitre de se briser malgr\u00e9 les efforts d\u00e9ploy\u00e9s.\"},{\"@type\":\"BreadcrumbList\",\"@id\":\"https:\\\/\\\/solar-comfort.com\\\/ch\\\/product\\\/scl-sr-ps-8\\\/#breadcrumb\",\"itemListElement\":[{\"@type\":\"ListItem\",\"position\":1,\"name\":\"Home\",\"item\":\"https:\\\/\\\/solar-comfort.com\\\/ch\\\/\"},{\"@type\":\"ListItem\",\"position\":2,\"name\":\"Shop\",\"item\":\"https:\\\/\\\/solar-comfort.com\\\/ch\\\/boutique\\\/\"},{\"@type\":\"ListItem\",\"position\":3,\"name\":\"SCL SR PS 8\"}]},{\"@type\":\"WebSite\",\"@id\":\"https:\\\/\\\/solar-comfort.com\\\/ch\\\/#website\",\"url\":\"https:\\\/\\\/solar-comfort.com\\\/ch\\\/\",\"name\":\"Solar Comfort Suisse\",\"description\":\"Distributeur officiel LLumar\",\"publisher\":{\"@id\":\"https:\\\/\\\/solar-comfort.com\\\/ch\\\/#organization\"},\"potentialAction\":[{\"@type\":\"SearchAction\",\"target\":{\"@type\":\"EntryPoint\",\"urlTemplate\":\"https:\\\/\\\/solar-comfort.com\\\/ch\\\/?s={search_term_string}\"},\"query-input\":{\"@type\":\"PropertyValueSpecification\",\"valueRequired\":true,\"valueName\":\"search_term_string\"}}],\"inLanguage\":\"fr-FR\"},{\"@type\":\"Organization\",\"@id\":\"https:\\\/\\\/solar-comfort.com\\\/ch\\\/#organization\",\"name\":\"Solar Comfort Suisse\",\"url\":\"https:\\\/\\\/solar-comfort.com\\\/ch\\\/\",\"logo\":{\"@type\":\"ImageObject\",\"inLanguage\":\"fr-FR\",\"@id\":\"https:\\\/\\\/solar-comfort.com\\\/ch\\\/#\\\/schema\\\/logo\\\/image\\\/\",\"url\":\"https:\\\/\\\/solar-comfort.com\\\/ch\\\/wp-content\\\/uploads\\\/sites\\\/4\\\/2023\\\/05\\\/Solar-Comfort-Logo-flat.svg\",\"contentUrl\":\"https:\\\/\\\/solar-comfort.com\\\/ch\\\/wp-content\\\/uploads\\\/sites\\\/4\\\/2023\\\/05\\\/Solar-Comfort-Logo-flat.svg\",\"width\":1,\"height\":1,\"caption\":\"Solar Comfort Suisse\"},\"image\":{\"@id\":\"https:\\\/\\\/solar-comfort.com\\\/ch\\\/#\\\/schema\\\/logo\\\/image\\\/\"},\"sameAs\":[\"https:\\\/\\\/www.facebook.com\\\/profile.php?id=61557459192804\",\"https:\\\/\\\/x.com\\\/Solar_comfort\"]}]}<\/script>\n<!-- \/ Yoast SEO plugin. -->","yoast_head_json":{"title":"SCL SR PS 8 Film de S\u00e9curit\u00e9","description":"D\u00e9couvrez le film de s\u00e9curit\u00e9 SCL SR PS 8. Prot\u00e9gez votre espace avec ce film de qualit\u00e9 sup\u00e9rieure, offrant une s\u00e9curit\u00e9 renforc\u00e9e.","robots":{"index":"index","follow":"follow","max-snippet":"max-snippet:-1","max-image-preview":"max-image-preview:large","max-video-preview":"max-video-preview:-1"},"canonical":"https:\/\/solar-comfort.com\/ch\/product\/scl-sr-ps-8\/","og_locale":"fr_FR","og_type":"article","og_title":"SCL SR PS 8 Film de S\u00e9curit\u00e9","og_description":"D\u00e9couvrez le film de s\u00e9curit\u00e9 SCL SR PS 8. Prot\u00e9gez votre espace avec ce film de qualit\u00e9 sup\u00e9rieure, offrant une s\u00e9curit\u00e9 renforc\u00e9e.","og_url":"https:\/\/solar-comfort.com\/ch\/product\/scl-sr-ps-8\/","og_site_name":"Solar Comfort Suisse","article_publisher":"https:\/\/www.facebook.com\/profile.php?id=61557459192804","article_modified_time":"2025-10-24T09:40:55+00:00","og_image":[{"width":945,"height":1181,"url":"https:\/\/solar-comfort.com\/ch\/wp-content\/uploads\/sites\/4\/2023\/04\/secu-SCL.webp","type":"image\/webp"}],"twitter_card":"summary_large_image","twitter_site":"@Solar_comfort","twitter_misc":{"Dur\u00e9e de lecture estim\u00e9e":"1 minute"},"schema":{"@context":"https:\/\/schema.org","@graph":[{"@type":"WebPage","@id":"https:\/\/solar-comfort.com\/ch\/product\/scl-sr-ps-8\/","url":"https:\/\/solar-comfort.com\/ch\/product\/scl-sr-ps-8\/","name":"SCL SR PS 8 Film de S\u00e9curit\u00e9","isPartOf":{"@id":"https:\/\/solar-comfort.com\/ch\/#website"},"primaryImageOfPage":{"@id":"https:\/\/solar-comfort.com\/ch\/product\/scl-sr-ps-8\/#primaryimage"},"image":{"@id":"https:\/\/solar-comfort.com\/ch\/product\/scl-sr-ps-8\/#primaryimage"},"thumbnailUrl":"https:\/\/solar-comfort.com\/ch\/wp-content\/uploads\/sites\/4\/2023\/04\/secu-SCL.webp","datePublished":"2023-04-24T11:00:22+00:00","dateModified":"2025-10-24T09:40:55+00:00","description":"D\u00e9couvrez le film de s\u00e9curit\u00e9 SCL SR PS 8. Prot\u00e9gez votre espace avec ce film de qualit\u00e9 sup\u00e9rieure, offrant une s\u00e9curit\u00e9 renforc\u00e9e.","breadcrumb":{"@id":"https:\/\/solar-comfort.com\/ch\/product\/scl-sr-ps-8\/#breadcrumb"},"inLanguage":"fr-FR","potentialAction":[{"@type":"ReadAction","target":["https:\/\/solar-comfort.com\/ch\/product\/scl-sr-ps-8\/"]}]},{"@type":"ImageObject","inLanguage":"fr-FR","@id":"https:\/\/solar-comfort.com\/ch\/product\/scl-sr-ps-8\/#primaryimage","url":"https:\/\/solar-comfort.com\/ch\/wp-content\/uploads\/sites\/4\/2023\/04\/secu-SCL.webp","contentUrl":"https:\/\/solar-comfort.com\/ch\/wp-content\/uploads\/sites\/4\/2023\/04\/secu-SCL.webp","width":945,"height":1181,"caption":"Un homme essayant de briser une vitre \u00e0 l'aide d'un marteau, une image d\u00e9montrant l'efficacit\u00e9 du film de s\u00e9curit\u00e9 en emp\u00eachant la vitre de se briser malgr\u00e9 les efforts d\u00e9ploy\u00e9s."},{"@type":"BreadcrumbList","@id":"https:\/\/solar-comfort.com\/ch\/product\/scl-sr-ps-8\/#breadcrumb","itemListElement":[{"@type":"ListItem","position":1,"name":"Home","item":"https:\/\/solar-comfort.com\/ch\/"},{"@type":"ListItem","position":2,"name":"Shop","item":"https:\/\/solar-comfort.com\/ch\/boutique\/"},{"@type":"ListItem","position":3,"name":"SCL SR PS 8"}]},{"@type":"WebSite","@id":"https:\/\/solar-comfort.com\/ch\/#website","url":"https:\/\/solar-comfort.com\/ch\/","name":"Solar Comfort Suisse","description":"Distributeur officiel LLumar","publisher":{"@id":"https:\/\/solar-comfort.com\/ch\/#organization"},"potentialAction":[{"@type":"SearchAction","target":{"@type":"EntryPoint","urlTemplate":"https:\/\/solar-comfort.com\/ch\/?s={search_term_string}"},"query-input":{"@type":"PropertyValueSpecification","valueRequired":true,"valueName":"search_term_string"}}],"inLanguage":"fr-FR"},{"@type":"Organization","@id":"https:\/\/solar-comfort.com\/ch\/#organization","name":"Solar Comfort Suisse","url":"https:\/\/solar-comfort.com\/ch\/","logo":{"@type":"ImageObject","inLanguage":"fr-FR","@id":"https:\/\/solar-comfort.com\/ch\/#\/schema\/logo\/image\/","url":"https:\/\/solar-comfort.com\/ch\/wp-content\/uploads\/sites\/4\/2023\/05\/Solar-Comfort-Logo-flat.svg","contentUrl":"https:\/\/solar-comfort.com\/ch\/wp-content\/uploads\/sites\/4\/2023\/05\/Solar-Comfort-Logo-flat.svg","width":1,"height":1,"caption":"Solar Comfort Suisse"},"image":{"@id":"https:\/\/solar-comfort.com\/ch\/#\/schema\/logo\/image\/"},"sameAs":["https:\/\/www.facebook.com\/profile.php?id=61557459192804","https:\/\/x.com\/Solar_comfort"]}]}},"_links":{"self":[{"href":"https:\/\/solar-comfort.com\/ch\/wp-json\/wp\/v2\/product\/140","targetHints":{"allow":["GET"]}}],"collection":[{"href":"https:\/\/solar-comfort.com\/ch\/wp-json\/wp\/v2\/product"}],"about":[{"href":"https:\/\/solar-comfort.com\/ch\/wp-json\/wp\/v2\/types\/product"}],"replies":[{"embeddable":true,"href":"https:\/\/solar-comfort.com\/ch\/wp-json\/wp\/v2\/comments?post=140"}],"wp:featuredmedia":[{"embeddable":true,"href":"https:\/\/solar-comfort.com\/ch\/wp-json\/wp\/v2\/media\/117821"}],"wp:attachment":[{"href":"https:\/\/solar-comfort.com\/ch\/wp-json\/wp\/v2\/media?parent=140"}],"wp:term":[{"taxonomy":"product_brand","embeddable":true,"href":"https:\/\/solar-comfort.com\/ch\/wp-json\/wp\/v2\/product_brand?post=140"},{"taxonomy":"product_cat","embeddable":true,"href":"https:\/\/solar-comfort.com\/ch\/wp-json\/wp\/v2\/product_cat?post=140"},{"taxonomy":"product_tag","embeddable":true,"href":"https:\/\/solar-comfort.com\/ch\/wp-json\/wp\/v2\/product_tag?post=140"}],"curies":[{"name":"wp","href":"https:\/\/api.w.org\/{rel}","templated":true}]}}